{"id":11373,"date":"2025-02-16T17:37:11","date_gmt":"2025-02-16T17:37:11","guid":{"rendered":"https:\/\/mara-siria-camp.com\/?page_id=11373"},"modified":"2025-09-08T14:51:36","modified_gmt":"2025-09-08T14:51:36","slug":"team","status":"publish","type":"page","link":"https:\/\/mara-siria-camp.com\/de\/team\/","title":{"rendered":"Das Team"},"content":{"rendered":"<div class=\"wpb-content-wrapper\"><p>[vc_row][vc_column width=\u201d1\/3\u2033][wyde_heading style=\u201d10\u2033 title=\u201dUnser Team\u201d subheading=\u201dHospitality\u201d][\/vc_column][vc_column width=\u201d2\/3\u2033][vc_custom_heading text=\u201d<i>Im Mara Siria Camp vereint unser engagiertes Team herzliche Gastfreundschaft, jahrelange Erfahrung und Leidenschaft \u2013 von erfahrenen Safari-Guides bis zu unserem freundlichen Hospitality-Team. Lernen Sie die Menschen kennen, die Ihren unvergesslichen Aufenthalt in der Masai Mara m\u00f6glich machen.<\/i>\u201d font_container=\u201dtag:p|font_size:18px|text_align:left\u201d use_theme_fonts=\u201dyes\u201d][vc_empty_space][wyde_link_button icon=\u201dfa fa-long-arrow-right\u201d size=\u201dlarge\u201d title=\u201dJetzt online buchen\u201d link=\u201durl:https%3A%2F%2Fmara-siria-camp.com%2Fbooking%2F|title:Booking\u201d color=\u201d#FFFFFF\u201d bg_color=\u201d#F98D00\u2033 css=\u201d.vc_custom_1757342206734{background-color: #F98D00 !important;}\u201d][\/vc_column][\/vc_row][vc_row padding_size=\u201dno-padding\u201d][vc_column][vc_empty_space height=\u201d50px\u201d][\/vc_column][\/vc_row][vc_row padding_size=\u201dno-padding\u201d][vc_column width=\u201d1\/4\u2033 background_color=\u201d#FFFFFF\u201d][wyde_image_gallery image_size=\u201daoraki-large\u201d columns=\u201d1\u2033 hover_effect=\u201dzoomIn\u201d images=\u201d10945\u2033][vc_empty_space height=\u201d20px\u201d][wyde_info_box title=\u201dManager\u201d]<\/p>\n<h4 style=\"text-align: center;\" id=\"joel-kamanja\"><span class=\"highlight\">Joel Kamanja<\/span><\/h4>\n<p style=\"text-align: left;\">Joel ist der Manager unseres Safari Camps und das bereits seit \u00fcber 18 Jahren. Mit seinem stets freundlichen L\u00e4cheln wird er daf\u00fcr sorgen, dass Sie Ihren Aufenthalt in unserem Safari Camp nicht vergessen werden.<\/p>\n<p>[\/wyde_info_box][\/vc_column][vc_column width=\u201d1\/4\u2033][wyde_image_gallery image_size=\u201daoraki-large\u201d columns=\u201d1\u2033 hover_effect=\u201dzoomIn\u201d images=\u201d10946\u2033][vc_empty_space height=\u201d20px\u201d][wyde_info_box title=\u201dG\u00e4stebetreuung\u201d]<\/p>\n<h4 style=\"text-align: center;\" id=\"pollyann-karendi\"><span class=\"highlight\">Pollyann Karendi<\/span><\/h4>\n<p style=\"text-align: left;\">Polly ist unsere Chefkellnerin und arbeitet seit \u00fcber einem Jahrzehnt im Mara Siria. Ihre Hingabe zur Gastfreundschaft ist erstklassig, und Sie werden garantiert mit einem L\u00e4cheln und exzellentem Service verw\u00f6hnt.<\/p>\n<p>[\/wyde_info_box][\/vc_column][vc_column width=\u201d1\/4\u2033][wyde_image_gallery image_size=\u201daoraki-large\u201d columns=\u201d1\u2033 hover_effect=\u201dzoomIn\u201d images=\u201d10947\u2033][vc_empty_space height=\u201d20px\u201d][wyde_info_box title=\u201dG\u00e4stebetreuung\u201d]<\/p>\n<h4 style=\"text-align: center;\" id=\"ronny-ruta\"><span class=\"highlight\">Ronny Ruta<\/span><\/h4>\n<p style=\"text-align: left;\">Ronny ist unser neuestes Mitglied im Bereich G\u00e4stebetreuung und ist ein exzellenter Barista und Barkeeper. Lassen Sie sich unbedingt einen seiner besonderen Cocktails mixen \u2013 der perfekte Abschluss eines erlebnisreichen Tages auf Ihrer\u00a0Masai Mara Safari.<\/p>\n<p>[\/wyde_info_box][\/vc_column][vc_column width=\u201d1\/4\u2033][wyde_image_gallery image_size=\u201daoraki-large\u201d columns=\u201d1\u2033 hover_effect=\u201dzoomIn\u201d images=\u201d10948\u2033][vc_empty_space height=\u201d20px\u201d][wyde_info_box title=\u201dNaturkundler\u201d]<\/p>\n<h4 style=\"text-align: center;\" id=\"emmanuel-ouma\"><span class=\"highlight\">Emmanuel Ouma<\/span><\/h4>\n<p style=\"text-align: left;\">Emmanuel ist unser ans\u00e4ssiger Masai-Naturkundler. Ein Naturspaziergang mit Emmanuel ist ein Muss, um etwas \u00fcber die Masai Mara und ihre Bewohner zu erfahren \u2013 sowohl die wilden als auch die menschlichen!<\/p>\n<p>[\/wyde_info_box][\/vc_column][\/vc_row][vc_row padding_size=\u201dno-padding\u201d][vc_column][vc_empty_space height=\u201d40px\u201d][\/vc_column][\/vc_row][vc_row padding_size=\u201dno-padding\u201d][vc_column width=\u201d1\/4\u2033 background_color=\u201d#FFFFFF\u201d][wyde_image_gallery image_size=\u201daoraki-large\u201d columns=\u201d1\u2033 hover_effect=\u201dzoomIn\u201d images=\u201d10949\u2033][vc_empty_space height=\u201d20px\u201d][wyde_info_box title=\u201dK\u00fcchenchef\u201d]<\/p>\n<h4 style=\"text-align: center;\" id=\"daniel-mutinda\"><span class=\"highlight\">Daniel Mutinda<\/span><\/h4>\n<p style=\"text-align: left;\">Daniel ist seit 2023 unser Chefkoch. Er ist ein Experte in verschiedenen K\u00fcchen und seine Gerichte entt\u00e4uschen nie.<\/p>\n<p>[\/wyde_info_box][\/vc_column][vc_column width=\u201d1\/4\u2033][wyde_image_gallery image_size=\u201daoraki-large\u201d columns=\u201d1\u2033 hover_effect=\u201dzoomIn\u201d images=\u201d10950\u2033][vc_empty_space height=\u201d20px\u201d][wyde_info_box title=\u201dChef-Guide\u201d]<\/p>\n<h4 style=\"text-align: center;\" id=\"jacob-kamakei\"><span class=\"highlight\">Jacob Kamakei<\/span><\/h4>\n<p style=\"text-align: left;\">Jacob ist unser ortsans\u00e4ssiger F\u00fchrer und Wildtier-Guru. Bei einer Masai Mara Safari mit Jacob sind erstaunliche Sichtungen garantiert. Das Aufsp\u00fcren der schwer zu entdeckenden Nash\u00f6rner und Leoparden ist seine Spezialit\u00e4t! So wird jede\u00a0Safari im Masai Mara Camp\u00a0zu einem echten Abenteuer.<\/p>\n<p>[\/wyde_info_box][\/vc_column][vc_column width=\u201d1\/4\u2033][wyde_image_gallery image_size=\u201daoraki-large\u201d columns=\u201d1\u2033 hover_effect=\u201dzoomIn\u201d images=\u201d13139\u2033][vc_empty_space height=\u201d20px\u201d][wyde_info_box title=\u201dGuide &amp; Fotograf\u201d]<\/p>\n<h4 style=\"text-align: center;\" id=\"oscar-fogg\"><span class=\"highlight\">Oscar Fogg<\/span><\/h4>\n<p style=\"text-align: left;\">Oscar ist ein von der FGASA zertifizierter Safari-Guide und Wildtierfotograf. Er ist seit 2025 Mitglied des Mara Siria Teams. Mit seiner Kamera f\u00e4ngt er die Magie der Savanne ein und macht jede Masai Mara Safari zu einem visuellen Highlight.<\/p>\n<p>[\/wyde_info_box][\/vc_column][vc_column width=\u201d1\/4\u2033][\/vc_column][\/vc_row][vc_row padding_size=\u201dno-padding\u201d][vc_column][vc_empty_space height=\u201d20px\u201d][\/vc_column][\/vc_row]<\/p>\n<\/div>","protected":false},"excerpt":{"rendered":"<p>[vc_row][vc_column width=\u201d1\/3\u2033][wyde_heading style=\u201d10\u2033 title=\u201dUnser Team\u201d subheading=\u201dHospitality\u201d][\/vc_column][vc_column width=\u201d2\/3\u2033][vc_custom_heading text=\u201dIm Mara Siria Camp vereint unser engagiertes Team herzliche Gastfreundschaft, jahrelange Erfahrung und Leidenschaft \u2013 von erfahrenen Safari-Guides bis zu unserem freundlichen Hospitality-Team. Lernen Sie die Menschen kennen, die Ihren unvergesslichen Aufenthalt in der Masai Mara m\u00f6glich machen.\u201d font_container=\u201dtag:p|font_size:18px|text_align:left\u201d use_theme_fonts=\u201dyes\u201d][vc_empty_space][wyde_link_button icon=\u201dfa fa-long-arrow-right\u201d size=\u201dlarge\u201d title=\u201dJetzt online buchen\u201d link=\u201durl:https%3A%2F%2Fmara-siria-camp.com%2Fbooking%2F|title:Booking\u201d color=\u201d#FFFFFF\u201d [&hellip;]<\/p>\n","protected":false},"author":2,"featured_media":0,"parent":0,"menu_order":0,"comment_status":"closed","ping_status":"closed","template":"","meta":{"footnotes":""},"class_list":["post-11373","page","type-page","status-publish","hentry"],"_links":{"self":[{"href":"https:\/\/mara-siria-camp.com\/de\/wp-json\/wp\/v2\/pages\/11373","targetHints":{"allow":["GET"]}}],"collection":[{"href":"https:\/\/mara-siria-camp.com\/de\/wp-json\/wp\/v2\/pages"}],"about":[{"href":"https:\/\/mara-siria-camp.com\/de\/wp-json\/wp\/v2\/types\/page"}],"author":[{"embeddable":true,"href":"https:\/\/mara-siria-camp.com\/de\/wp-json\/wp\/v2\/users\/2"}],"replies":[{"embeddable":true,"href":"https:\/\/mara-siria-camp.com\/de\/wp-json\/wp\/v2\/comments?post=11373"}],"version-history":[{"count":0,"href":"https:\/\/mara-siria-camp.com\/de\/wp-json\/wp\/v2\/pages\/11373\/revisions"}],"wp:attachment":[{"href":"https:\/\/mara-siria-camp.com\/de\/wp-json\/wp\/v2\/media?parent=11373"}],"curies":[{"name":"wp","href":"https:\/\/api.w.org\/{rel}","templated":true}]}}