{"id":11377,"date":"2025-02-16T14:21:28","date_gmt":"2025-02-16T14:21:28","guid":{"rendered":"https:\/\/mara-siria-camp.com\/?page_id=11377"},"modified":"2025-09-08T13:42:14","modified_gmt":"2025-09-08T13:42:14","slug":"plunge-pool","status":"publish","type":"page","link":"https:\/\/mara-siria-camp.com\/de\/plunge-pool\/","title":{"rendered":"Plunge Pool"},"content":{"rendered":"<div class=\"wpb-content-wrapper\"><p>[vc_row][vc_column width=\u201d1\/3\u2033][wyde_heading style=\u201d10\u2033 title=\u201dDer Plunge Pool\u201d subheading=\u201dEnjoy!\u201d subheading_color=\u201d#000000BD\u201d][\/vc_column][vc_column width=\u201d2\/3\u2033][vc_custom_heading text=\u201d<i>Unser Plunge Pool befindet sich genau dort, wo Sie es sich w\u00fcnschen w\u00fcrden. Genie\u00dfen Sie die fantastische Aussicht auf die Masai Mara, w\u00e4hrend Sie sich im Pool erfrischen und beleben. Buchen Sie Ihre All Inclusive Safari in Kenia bei uns und haben Sie viel Spa\u00df! <\/i>\u201d font_container=\u201dtag:p|font_size:18px|text_align:left|color:%23333333\u2033 use_theme_fonts=\u201dyes\u201d][vc_empty_space height=\u201d20px\u201d][wyde_link_button icon=\u201dfa fa-long-arrow-right\u201d size=\u201dlarge\u201d link=\u201durl:https%3A%2F%2Fmara-siria-camp.com%2Fbooking%2F|title:Online%20Booking\u201d title=\u201dJetzt Online Buchen\u201d color=\u201d#FFFFFF\u201d bg_color=\u201d#F98D00\u2033 css=\u201d.vc_custom_1757332716472{background-color: #F98D00 !important;}\u201d][\/vc_column][\/vc_row][vc_row][vc_column][vc_empty_space height=\u201d40px\u201d][vc_column_text]<\/p>\n<h3 style=\"text-align: center;\" id=\"erfrischung-mit-aussicht-der-plunge-pool-im-mara-siria-camp\">Erfrischung mit Aussicht \u2013 Der Plunge Pool im Mara Siria Camp<\/h3>\n<p>[\/vc_column_text][vc_empty_space height=\u201d10px\u201d][\/vc_column][\/vc_row][vc_row][vc_column padding_size=\u201dno-padding\u201d width=\u201d1\/2\u2033][vc_empty_space height=\u201d60px\u201d][wyde_image_gallery gallery_type=\u201dgrid w-space\u201d hover_effect=\u201dzoomIn\u201d images=\u201d10935,10936,10937,10934\u2033][\/vc_column][vc_column width=\u201d1\/2\u2033 css=\u201d.vc_custom_1737313455999{padding-left: 40px !important;}\u201d][vc_column_text css=\u201d.vc_custom_1757332926999{margin-top: 20px !important;}\u201d]Der Plunge Pool (das Tauchbecken) in unserem Safari Camp bietet die perfekte M\u00f6glichkeit, sich nach einer aufregenden Masai Mara Safari abzuk\u00fchlen und dabei den atemberaubenden Blick auf die weiten Ebenen der Masai Mara zu genie\u00dfen. Umgeben von unber\u00fchrter Natur ist der Pool ein idealer Ort, um zu entspannen und die spektakul\u00e4re Aussicht auf die Savanne zu genie\u00dfen.<br>\nOb f\u00fcr ein erfrischendes Bad nach einem hei\u00dfen Safaritag oder einfach nur, um die atemberaubende Landschaft zu genie\u00dfen \u2013 der Pool ist ein echtes Highlight. Dank seiner malerischen Lage eignet er sich auch perfekt f\u00fcr Instagram-Fotos, die das ultimative Safarierlebnis festhalten. Ein Sprung ins k\u00fchle Nass mit Blick auf die endlose Wildnis?<br>\nEinfach unvergesslich und fester Bestandteil Ihrer All Inclusive Safari in Kenia![\/vc_column_text][\/vc_column][\/vc_row]<\/p>\n<\/div>","protected":false},"excerpt":{"rendered":"<p>[vc_row][vc_column width=\u201d1\/3\u2033][wyde_heading style=\u201d10\u2033 title=\u201dDer Plunge Pool\u201d subheading=\u201dEnjoy!\u201d subheading_color=\u201d#000000BD\u201d][\/vc_column][vc_column width=\u201d2\/3\u2033][vc_custom_heading text=\u201dUnser Plunge Pool befindet sich genau dort, wo Sie es sich w\u00fcnschen w\u00fcrden. Genie\u00dfen Sie die fantastische Aussicht auf die Masai Mara, w\u00e4hrend Sie sich im Pool erfrischen und beleben. Buchen Sie Ihre All Inclusive Safari in Kenia bei uns und haben Sie viel Spa\u00df! \u201d [&hellip;]<\/p>\n","protected":false},"author":2,"featured_media":0,"parent":0,"menu_order":0,"comment_status":"closed","ping_status":"closed","template":"","meta":{"footnotes":""},"class_list":["post-11377","page","type-page","status-publish","hentry"],"_links":{"self":[{"href":"https:\/\/mara-siria-camp.com\/de\/wp-json\/wp\/v2\/pages\/11377","targetHints":{"allow":["GET"]}}],"collection":[{"href":"https:\/\/mara-siria-camp.com\/de\/wp-json\/wp\/v2\/pages"}],"about":[{"href":"https:\/\/mara-siria-camp.com\/de\/wp-json\/wp\/v2\/types\/page"}],"author":[{"embeddable":true,"href":"https:\/\/mara-siria-camp.com\/de\/wp-json\/wp\/v2\/users\/2"}],"replies":[{"embeddable":true,"href":"https:\/\/mara-siria-camp.com\/de\/wp-json\/wp\/v2\/comments?post=11377"}],"version-history":[{"count":0,"href":"https:\/\/mara-siria-camp.com\/de\/wp-json\/wp\/v2\/pages\/11377\/revisions"}],"wp:attachment":[{"href":"https:\/\/mara-siria-camp.com\/de\/wp-json\/wp\/v2\/media?parent=11377"}],"curies":[{"name":"wp","href":"https:\/\/api.w.org\/{rel}","templated":true}]}}