{"id":11391,"date":"2025-02-16T15:23:58","date_gmt":"2025-02-16T15:23:58","guid":{"rendered":"https:\/\/mara-siria-camp.com\/?page_id=11391"},"modified":"2025-11-06T10:32:17","modified_gmt":"2025-11-06T10:32:17","slug":"masai-mara-aktivitaeten","status":"publish","type":"page","link":"https:\/\/mara-siria-camp.com\/de\/masai-mara-aktivitaeten\/","title":{"rendered":"Aktivit\u00e4ten"},"content":{"rendered":"<div class=\"wpb-content-wrapper\"><p>[vc_row][vc_column width=\u201d1\/3\u2033][wyde_heading style=\u201d10\u2033 title=\u201dEs gibt viel zu unternehmen:\u201d subheading=\u201dAktivit\u00e4ten\u201d subheading_color=\u201d#000000BD\u201d][\/vc_column][vc_column width=\u201d2\/3\u2033][vc_custom_heading text=\u201d<i>Das Mara Siria Camp bietet ma\u00dfgeschneiderte Masai Mara Game Drives im ber\u00fchmten Masai Mara Dreieck an \u2013 aber das ist nur eine der Aktivit\u00e4ten, mit denen Sie Ihre Zeit im Camp genie\u00dfen k\u00f6nnen! Erleben Sie die Vielfalt der Masai Mara Safari Aktivit\u00e4ten: Entdecken Sie die Savanne zu Fu\u00df mit einem erfahrenen Guide, auf dem Pferd, mit dem Fahrrad oder im Hei\u00dfluftballon. Jede Aktivit\u00e4t macht Ihren Aufenthalt im Safari Camp zu einem unvergesslichen Abenteuer.<\/i>\u201d font_container=\u201dtag:p|font_size:18px|text_align:left|color:%23333333\u2033 use_theme_fonts=\u201dyes\u201d][vc_empty_space height=\u201d20px\u201d][wyde_link_button icon=\u201dfa fa-long-arrow-right\u201d size=\u201dlarge\u201d title=\u201dJetzt online buchen\u201d link=\u201durl:https%3A%2F%2Fmara-siria-camp.com%2Fbooking%2F|title:Booking\u201d color=\u201d#FFFFFF\u201d bg_color=\u201d#F98D00\u2033 css=\u201d.vc_custom_1757674857079{background-color: #F98D00 !important;}\u201d][\/vc_column][\/vc_row][vc_row padding_size=\u201dno-padding\u201d][vc_column][vc_empty_space height=\u201d50px\u201d][\/vc_column][\/vc_row][vc_row padding_size=\u201dno-padding\u201d][vc_column width=\u201d1\/4\u2033 background_color=\u201d#FFFFFF\u201d][vc_column_text]<img loading=\"lazy\" decoding=\"async\" class=\"aligncenter wp-image-11060 size-full\" src=\"https:\/\/mara-siria-camp.com\/wp-content\/uploads\/2025\/02\/Untitled-13.png\" alt=\"Pirschfahrten in der Masai Mara - unser rundherum offener Jeep\" width=\"800\" height=\"495\" srcset=\"https:\/\/mara-siria-camp.com\/wp-content\/uploads\/2025\/02\/Untitled-13.png 800w, https:\/\/mara-siria-camp.com\/wp-content\/uploads\/2025\/02\/Untitled-13-400x248.png 400w, https:\/\/mara-siria-camp.com\/wp-content\/uploads\/2025\/02\/Untitled-13-768x475.png 768w, https:\/\/mara-siria-camp.com\/wp-content\/uploads\/2025\/02\/Untitled-13-640x396.png 640w\" sizes=\"auto, (max-width: 800px) 100vw, 800px\">[\/vc_column_text][vc_empty_space height=\u201d20px\u201d][wyde_info_box title=\u201dGame Drives\u201d]Unsere G\u00e4ste genie\u00dfen Masai Mara Games Drives am fr\u00fchen Morgen oder am Nachmittag sowie ganzt\u00e4gige Game Drives in unseren speziell angefertigten Fahrzeugen \u2013 abseits der \u00fcblichen Pfade im weniger \u00fcberlaufenen Masai Mara-Triangle.[\/wyde_info_box][wyde_separator text_align=\u201dcenter\u201d el_width=\u201d30%\u201d color=\u201d#DD9933\u2033 css=\u201d.vc_custom_1757675206942{margin-top: 20px !important;}\u201d]<span id=\"creative-link-wrap-1483\" class=\"ult_main_cl ult-adjust-bottom-margin  \">\n\t \t\t\t<span class=\"ult_cl_link_1  ult_crlink\">\n\t\t\t\t\t<a data-ultimate-target=\"#creative-link-wrap-1483 .ult_colorlink\" data-responsive-json-new='{\"font-size\":\"\",\"line-height\":\"\"}' href=\"https:\/\/mara-siria-camp.com\/de\/game-drives-im-masai-mara-triangle\/\" title=\"Game Drives\" class=\"ult_colorlink ult-responsive \" style=\"font-weight:normal;color:#F98D00; \" data-textcolor=\"#F98D00\" data-texthover=\"#930E0E\" data-style=\"Style_1\">\n\t\t\t\t\t\t\n\t\t\t\t\t\t<span data-hover=\"Weiterlesen\" style=\"color:#F98D00;;;\" class=\"ult_btn10_span   \">Weiterlesen<\/span>\n\t\t\t\t\t\t\n\t\t\t\t\t<\/a>\n\t\t\t\t<\/span>\n\t\t\t<\/span>[\/vc_column][vc_column width=\u201d1\/4\u2033][vc_column_text]<img loading=\"lazy\" decoding=\"async\" class=\"aligncenter wp-image-11861 size-full\" src=\"https:\/\/mara-siria-camp.com\/wp-content\/uploads\/2025\/02\/Nature_Walks.jpg\" alt=\"Wanderungen in der Masai Mara - Gast mit Guide und Zebras\" width=\"890\" height=\"551\" srcset=\"https:\/\/mara-siria-camp.com\/wp-content\/uploads\/2025\/02\/Nature_Walks.jpg 890w, https:\/\/mara-siria-camp.com\/wp-content\/uploads\/2025\/02\/Nature_Walks-400x248.jpg 400w, https:\/\/mara-siria-camp.com\/wp-content\/uploads\/2025\/02\/Nature_Walks-768x475.jpg 768w, https:\/\/mara-siria-camp.com\/wp-content\/uploads\/2025\/02\/Nature_Walks-640x396.jpg 640w\" sizes=\"auto, (max-width: 890px) 100vw, 890px\">[\/vc_column_text][vc_empty_space height=\u201d20px\u201d][wyde_info_box title=\u201dWanderungen\u201d]Gemeinsam mit unseren erfahrenen Guides erkunden Sie das Oloololo Escarpment der Masai Mara zu Fu\u00df. Unterwegs entdecken Sie verborgene Aussichtspunkte, begegnen der Tierwelt und erleben die Landschaft aus n\u00e4chster N\u00e4he.[\/wyde_info_box][wyde_separator text_align=\u201dcenter\u201d el_width=\u201d30%\u201d color=\u201d#DD9933\u2033 css=\u201d.vc_custom_1757675206942{margin-top: 20px !important;}\u201d]<span id=\"creative-link-wrap-7836\" class=\"ult_main_cl ult-adjust-bottom-margin  \">\n\t \t\t\t<span class=\"ult_cl_link_1  ult_crlink\">\n\t\t\t\t\t<a data-ultimate-target=\"#creative-link-wrap-7836 .ult_colorlink\" data-responsive-json-new='{\"font-size\":\"\",\"line-height\":\"\"}' href=\"https:\/\/mara-siria-camp.com\/nature-walks-oloololo-escarpment\/\" title=\"Wanderungen\" class=\"ult_colorlink ult-responsive \" style=\"font-weight:normal;color:#F98D00; \" data-textcolor=\"#F98D00\" data-texthover=\"#930E0E\" data-style=\"Style_1\">\n\t\t\t\t\t\t\n\t\t\t\t\t\t<span data-hover=\"Weiterlesen\" style=\"color:#F98D00;;;\" class=\"ult_btn10_span   \">Weiterlesen<\/span>\n\t\t\t\t\t\t\n\t\t\t\t\t<\/a>\n\t\t\t\t<\/span>\n\t\t\t<\/span>[\/vc_column][vc_column width=\u201d1\/4\u2033][vc_column_text]<img loading=\"lazy\" decoding=\"async\" class=\"aligncenter wp-image-11068 size-full\" src=\"https:\/\/mara-siria-camp.com\/wp-content\/uploads\/2025\/02\/MountainBiking.jpg\" alt=\"Mountain Biking in der Masai Mara\" width=\"800\" height=\"495\" srcset=\"https:\/\/mara-siria-camp.com\/wp-content\/uploads\/2025\/02\/MountainBiking.jpg 800w, https:\/\/mara-siria-camp.com\/wp-content\/uploads\/2025\/02\/MountainBiking-400x248.jpg 400w, https:\/\/mara-siria-camp.com\/wp-content\/uploads\/2025\/02\/MountainBiking-768x475.jpg 768w, https:\/\/mara-siria-camp.com\/wp-content\/uploads\/2025\/02\/MountainBiking-640x396.jpg 640w\" sizes=\"auto, (max-width: 800px) 100vw, 800px\">[\/vc_column_text][vc_empty_space height=\u201d20px\u201d][wyde_info_box title=\u201dMountain Biking\u201d]<\/p>\n<p style=\"text-align: center;\">Unsere erfahrenen Guides stellen f\u00fcr Sie eine individuelle Tour zusammen \u2013 ganz nach Wunsch als entspannte, gem\u00fctliche Fahrt oder als anspruchsvolles Abenteuer entlang des Oloololo Escarpments.<\/p>\n<p>[\/wyde_info_box][wyde_separator text_align=\u201dcenter\u201d el_width=\u201d30%\u201d color=\u201d#DD9933\u2033 css=\u201d.vc_custom_1757675206942{margin-top: 20px !important;}\u201d]<span id=\"creative-link-wrap-4005\" class=\"ult_main_cl ult-adjust-bottom-margin  \">\n\t \t\t\t<span class=\"ult_cl_link_1  ult_crlink\">\n\t\t\t\t\t<a data-ultimate-target=\"#creative-link-wrap-4005 .ult_colorlink\" data-responsive-json-new='{\"font-size\":\"\",\"line-height\":\"\"}' href=\"https:\/\/mara-siria-camp.com\/mountain-biking-in-masai-mara\/\" title=\"Mountain Biking\" class=\"ult_colorlink ult-responsive \" style=\"font-weight:normal;color:#F98D00; \" data-textcolor=\"#F98D00\" data-texthover=\"#930E0E\" data-style=\"Style_1\">\n\t\t\t\t\t\t\n\t\t\t\t\t\t<span data-hover=\"Weiterlesen\" style=\"color:#F98D00;;;\" class=\"ult_btn10_span   \">Weiterlesen<\/span>\n\t\t\t\t\t\t\n\t\t\t\t\t<\/a>\n\t\t\t\t<\/span>\n\t\t\t<\/span>[\/vc_column][vc_column width=\u201d1\/4\u2033][vc_column_text]<img loading=\"lazy\" decoding=\"async\" class=\"aligncenter wp-image-11069 size-full\" src=\"https:\/\/mara-siria-camp.com\/wp-content\/uploads\/2025\/02\/Horse-Riding-5.jpg\" alt=\"Reitsafari - Ausritte in der Masai Mara zwischen Giraffen und Zebras\" width=\"800\" height=\"495\" srcset=\"https:\/\/mara-siria-camp.com\/wp-content\/uploads\/2025\/02\/Horse-Riding-5.jpg 800w, https:\/\/mara-siria-camp.com\/wp-content\/uploads\/2025\/02\/Horse-Riding-5-400x248.jpg 400w, https:\/\/mara-siria-camp.com\/wp-content\/uploads\/2025\/02\/Horse-Riding-5-768x475.jpg 768w, https:\/\/mara-siria-camp.com\/wp-content\/uploads\/2025\/02\/Horse-Riding-5-640x396.jpg 640w\" sizes=\"auto, (max-width: 800px) 100vw, 800px\">[\/vc_column_text][vc_empty_space height=\u201d20px\u201d][wyde_info_box title=\u201dReit-Safaris\u201d]Reitsafaris in unserem Luxus Safari Camp sind eine ganz andere Art, die Tierwelt in der Masai Mara zu erleben. Die Pferde sind gut trainiert, sanftm\u00fctig und daran gew\u00f6hnt, sich sicher inmitten von Wildtieren zu bewegen.[\/wyde_info_box][wyde_separator text_align=\u201dcenter\u201d el_width=\u201d30%\u201d color=\u201d#DD9933\u2033 css=\u201d.vc_custom_1757675206942{margin-top: 20px !important;}\u201d]<span id=\"creative-link-wrap-6944\" class=\"ult_main_cl ult-adjust-bottom-margin  \">\n\t \t\t\t<span class=\"ult_cl_link_1  ult_crlink\">\n\t\t\t\t\t<a data-ultimate-target=\"#creative-link-wrap-6944 .ult_colorlink\" data-responsive-json-new='{\"font-size\":\"\",\"line-height\":\"\"}' href=\"https:\/\/mara-siria-camp.com\/masai-mara-horse-riding-safaris\/\" title=\"Reit-Safaris\" class=\"ult_colorlink ult-responsive \" style=\"font-weight:normal;color:#F98D00; \" data-textcolor=\"#F98D00\" data-texthover=\"#930E0E\" data-style=\"Style_1\">\n\t\t\t\t\t\t\n\t\t\t\t\t\t<span data-hover=\"Weiterlesen\" style=\"color:#F98D00;;;\" class=\"ult_btn10_span   \">Weiterlesen<\/span>\n\t\t\t\t\t\t\n\t\t\t\t\t<\/a>\n\t\t\t\t<\/span>\n\t\t\t<\/span>[\/vc_column][\/vc_row][vc_row padding_size=\u201dno-padding\u201d][vc_column][vc_empty_space height=\u201d20px\u201d][\/vc_column][\/vc_row][vc_row padding_size=\u201dno-padding\u201d][vc_column width=\u201d1\/4\u2033][vc_column_text]<img loading=\"lazy\" decoding=\"async\" class=\"aligncenter wp-image-11070 size-full\" src=\"https:\/\/mara-siria-camp.com\/wp-content\/uploads\/2025\/02\/Rhinowalk.jpg\" alt=\"Besuch der Elatia Nashorn Schutzgebiet - Gast mit Nashorn\" width=\"890\" height=\"551\" srcset=\"https:\/\/mara-siria-camp.com\/wp-content\/uploads\/2025\/02\/Rhinowalk.jpg 890w, https:\/\/mara-siria-camp.com\/wp-content\/uploads\/2025\/02\/Rhinowalk-400x248.jpg 400w, https:\/\/mara-siria-camp.com\/wp-content\/uploads\/2025\/02\/Rhinowalk-768x475.jpg 768w, https:\/\/mara-siria-camp.com\/wp-content\/uploads\/2025\/02\/Rhinowalk-640x396.jpg 640w\" sizes=\"auto, (max-width: 890px) 100vw, 890px\">[\/vc_column_text][vc_empty_space height=\u201d20px\u201d][wyde_info_box title=\u201dNashorn Schutzgebiet Besuch\u201d]Das Elatia Nashorn Schutzgebiet bietet eine einmalige Gelegenheit, den Schutz der Nash\u00f6rner zu erleben und diesen bedrohten Riesen bei einer Masai Mara Safari \u2013 ob als Fahrt oder gef\u00fchrte Wanderung \u2013 ganz nahe zu kommen. Dieses besondere Erlebnis kann bequem als Teil eines unserer Masai Mara Pakete hinzugebucht werden.[\/wyde_info_box][wyde_separator text_align=\u201dcenter\u201d el_width=\u201d30%\u201d color=\u201d#DD9933\u2033 css=\u201d.vc_custom_1757675206942{margin-top: 20px !important;}\u201d]<span id=\"creative-link-wrap-5461\" class=\"ult_main_cl ult-adjust-bottom-margin  \">\n\t \t\t\t<span class=\"ult_cl_link_1  ult_crlink\">\n\t\t\t\t\t<a data-ultimate-target=\"#creative-link-wrap-5461 .ult_colorlink\" data-responsive-json-new='{\"font-size\":\"\",\"line-height\":\"\"}' href=\"https:\/\/mara-siria-camp.com\/de\/elatia-nashorn-schutzgebiet\/\" title=\"Elatia Schutzgebiet\" class=\"ult_colorlink ult-responsive \" style=\"font-weight:normal;color:#F98D00; \" data-textcolor=\"#F98D00\" data-texthover=\"#930E0E\" data-style=\"Style_1\">\n\t\t\t\t\t\t\n\t\t\t\t\t\t<span data-hover=\"Weiterlesen\" style=\"color:#F98D00;;;\" class=\"ult_btn10_span   \">Weiterlesen<\/span>\n\t\t\t\t\t\t\n\t\t\t\t\t<\/a>\n\t\t\t\t<\/span>\n\t\t\t<\/span>[\/vc_column][vc_column width=\u201d1\/4\u2033][vc_column_text]<img loading=\"lazy\" decoding=\"async\" class=\"aligncenter wp-image-11856 size-large\" src=\"https:\/\/mara-siria-camp.com\/wp-content\/uploads\/2025\/02\/culturalencounters-980x606.jpg\" alt=\"Kultureller Austausch mit den Masai - Masai vor Masai Manyatta\" width=\"980\" height=\"606\">[\/vc_column_text][vc_empty_space height=\u201d20px\u201d][wyde_info_box title=\u201dKulturelle Begegnungen\u201d]Sie m\u00f6chten die lokale Kultur kennenlernen? Besuchen Sie die lokale Schule, die unser Masai Mara Camp aktiv unterst\u00fctzt, oder erleben Sie die kunstvolle Perlenarbeiten der Massai \u2013 angeleitet von erfahrenen Massai-Frauen. So wird Ihr Aufenthalt im Safari Camp nicht nur zur Naturerfahrung, sondern auch zu einer kulturellen Begegnung.[\/wyde_info_box][wyde_separator text_align=\u201dcenter\u201d el_width=\u201d30%\u201d color=\u201d#DD9933\u2033 css=\u201d.vc_custom_1757675206942{margin-top: 20px !important;}\u201d]<span id=\"creative-link-wrap-9771\" class=\"ult_main_cl ult-adjust-bottom-margin  \">\n\t \t\t\t<span class=\"ult_cl_link_1  ult_crlink\">\n\t\t\t\t\t<a data-ultimate-target=\"#creative-link-wrap-9771 .ult_colorlink\" data-responsive-json-new='{\"font-size\":\"\",\"line-height\":\"\"}' href=\"https:\/\/mara-siria-camp.com\/de\/kulturelle-begegnungen\/\" title=\"Kulturelle Begegnungen\" class=\"ult_colorlink ult-responsive \" style=\"font-weight:normal;color:#F98D00; \" data-textcolor=\"#F98D00\" data-texthover=\"#930E0E\" data-style=\"Style_1\">\n\t\t\t\t\t\t\n\t\t\t\t\t\t<span data-hover=\"Weiterlesen\" style=\"color:#F98D00;;;\" class=\"ult_btn10_span   \">Weiterlesen<\/span>\n\t\t\t\t\t\t\n\t\t\t\t\t<\/a>\n\t\t\t\t<\/span>\n\t\t\t<\/span>[\/vc_column][vc_column width=\u201d1\/4\u2033][vc_column_text]<img loading=\"lazy\" decoding=\"async\" class=\"aligncenter wp-image-11065 size-full\" src=\"https:\/\/mara-siria-camp.com\/wp-content\/uploads\/2025\/02\/BalloonSafari1.jpg\" alt=\"Ballon Safari in der Masai Mara\" width=\"800\" height=\"495\" srcset=\"https:\/\/mara-siria-camp.com\/wp-content\/uploads\/2025\/02\/BalloonSafari1.jpg 800w, https:\/\/mara-siria-camp.com\/wp-content\/uploads\/2025\/02\/BalloonSafari1-400x248.jpg 400w, https:\/\/mara-siria-camp.com\/wp-content\/uploads\/2025\/02\/BalloonSafari1-768x475.jpg 768w, https:\/\/mara-siria-camp.com\/wp-content\/uploads\/2025\/02\/BalloonSafari1-640x396.jpg 640w\" sizes=\"auto, (max-width: 800px) 100vw, 800px\">[\/vc_column_text][vc_empty_space height=\u201d20px\u201d][wyde_info_box title=\u201dBallon-Safaris\u201d]Eine Ballon-Safari \u00fcber die Masai Mara\u00a0 ist ein weiteres Highlight: Es erm\u00f6glicht Ihnen, die verschiedenen Lebensr\u00e4ume des Masai Mara National Reserve und die erstaunliche Vielfalt an Wildtieren aus einer einzigartigen Vogelperspektive zu betrachten. Diese besondere Aktivit\u00e4t l\u00e4sst sich ideal in Ihre\u00a0Safari Buchung\u00a0im\u00a0Masai Mara Camp\u00a0integrieren.[\/wyde_info_box][wyde_separator text_align=\u201dcenter\u201d el_width=\u201d30%\u201d color=\u201d#DD9933\u2033 css=\u201d.vc_custom_1757675206942{margin-top: 20px !important;}\u201d]<span id=\"creative-link-wrap-8493\" class=\"ult_main_cl ult-adjust-bottom-margin  \">\n\t \t\t\t<span class=\"ult_cl_link_1  ult_crlink\">\n\t\t\t\t\t<a data-ultimate-target=\"#creative-link-wrap-8493 .ult_colorlink\" data-responsive-json-new='{\"font-size\":\"\",\"line-height\":\"\"}' href=\"https:\/\/mara-siria-camp.com\/balloon-safari-masai-mara\/\" title=\"Ballon Safaris\" class=\"ult_colorlink ult-responsive \" style=\"font-weight:normal;color:#F98D00; \" data-textcolor=\"#F98D00\" data-texthover=\"#930E0E\" data-style=\"Style_1\">\n\t\t\t\t\t\t\n\t\t\t\t\t\t<span data-hover=\"Weiterlesen\" style=\"color:#F98D00;;;\" class=\"ult_btn10_span   \">Weiterlesen<\/span>\n\t\t\t\t\t\t\n\t\t\t\t\t<\/a>\n\t\t\t\t<\/span>\n\t\t\t<\/span>[\/vc_column][vc_column width=\u201d1\/4\u2033][vc_column_text]<img loading=\"lazy\" decoding=\"async\" class=\"aligncenter wp-image-11072 size-full\" src=\"https:\/\/mara-siria-camp.com\/wp-content\/uploads\/2025\/02\/BushMeals1.jpg\" alt=\"Busch Mahlzeiten\" width=\"800\" height=\"495\" srcset=\"https:\/\/mara-siria-camp.com\/wp-content\/uploads\/2025\/02\/BushMeals1.jpg 800w, https:\/\/mara-siria-camp.com\/wp-content\/uploads\/2025\/02\/BushMeals1-400x248.jpg 400w, https:\/\/mara-siria-camp.com\/wp-content\/uploads\/2025\/02\/BushMeals1-768x475.jpg 768w, https:\/\/mara-siria-camp.com\/wp-content\/uploads\/2025\/02\/BushMeals1-640x396.jpg 640w\" sizes=\"auto, (max-width: 800px) 100vw, 800px\">[\/vc_column_text][vc_empty_space height=\u201d20px\u201d][wyde_info_box title=\u201dBusch-Picknick \/ Sundowner\u201d]<\/p>\n<p style=\"text-align: left;\">Genie\u00dfen Sie eine private Mahlzeit mitten in der Wildnis oder einen Sundowner, w\u00e4hrend die Sonne \u00fcber der Masai Mara untergeht und die Savanne in goldenes Licht taucht. Die Ger\u00e4usche der Natur und das wechselnde Licht schaffen einen Moment, an den Sie sich immer erinnern werden.<\/p>\n<p>[\/wyde_info_box][\/vc_column][\/vc_row]<\/p>\n<\/div>","protected":false},"excerpt":{"rendered":"<p>[vc_row][vc_column width=\u201d1\/3\u2033][wyde_heading style=\u201d10\u2033 title=\u201dEs gibt viel zu unternehmen:\u201d subheading=\u201dAktivit\u00e4ten\u201d subheading_color=\u201d#000000BD\u201d][\/vc_column][vc_column width=\u201d2\/3\u2033][vc_custom_heading text=\u201dDas Mara Siria Camp bietet ma\u00dfgeschneiderte Masai Mara Game Drives im ber\u00fchmten Masai Mara Dreieck an \u2013 aber das ist nur eine der Aktivit\u00e4ten, mit denen Sie Ihre Zeit im Camp genie\u00dfen k\u00f6nnen! Erleben Sie die Vielfalt der Masai Mara Safari Aktivit\u00e4ten: Entdecken Sie [&hellip;]<\/p>\n","protected":false},"author":3,"featured_media":0,"parent":0,"menu_order":0,"comment_status":"closed","ping_status":"closed","template":"","meta":{"footnotes":""},"class_list":["post-11391","page","type-page","status-publish","hentry"],"_links":{"self":[{"href":"https:\/\/mara-siria-camp.com\/de\/wp-json\/wp\/v2\/pages\/11391","targetHints":{"allow":["GET"]}}],"collection":[{"href":"https:\/\/mara-siria-camp.com\/de\/wp-json\/wp\/v2\/pages"}],"about":[{"href":"https:\/\/mara-siria-camp.com\/de\/wp-json\/wp\/v2\/types\/page"}],"author":[{"embeddable":true,"href":"https:\/\/mara-siria-camp.com\/de\/wp-json\/wp\/v2\/users\/3"}],"replies":[{"embeddable":true,"href":"https:\/\/mara-siria-camp.com\/de\/wp-json\/wp\/v2\/comments?post=11391"}],"version-history":[{"count":0,"href":"https:\/\/mara-siria-camp.com\/de\/wp-json\/wp\/v2\/pages\/11391\/revisions"}],"wp:attachment":[{"href":"https:\/\/mara-siria-camp.com\/de\/wp-json\/wp\/v2\/media?parent=11391"}],"curies":[{"name":"wp","href":"https:\/\/api.w.org\/{rel}","templated":true}]}}