{"id":11402,"date":"2025-02-16T16:06:13","date_gmt":"2025-02-16T16:06:13","guid":{"rendered":"https:\/\/mara-siria-camp.com\/?page_id=11402"},"modified":"2026-01-27T12:38:37","modified_gmt":"2026-01-27T12:38:37","slug":"willkommen","status":"publish","type":"page","link":"https:\/\/mara-siria-camp.com\/de\/","title":{"rendered":"Home"},"content":{"rendered":"<div class=\"wpb-content-wrapper\"><p>[vc_row padding_size=\u201dno-padding\u201d][vc_column]\n\t\t\t\t<\/p><p class=\"rs-p-wp-fix\"><\/p>\n\t\t\t\t<sr7-module data-alias=\"welcome_en-1\" data-id=\"5\" id=\"SR7_5_1\" class=\"rs-ov-hidden\" data-version=\"6.7.30\">\n\t\t\t\t\t<sr7-adjuster><\/sr7-adjuster>\n\t\t\t\t\t<sr7-content>\n\t\t\t\t\t\t<sr7-slide id=\"SR7_5_1-18\" data-key=\"18\">\n\t\t\t\t\t\t\t<sr7-bg id=\"SR7_5_1-18-4\" class=\"sr7-layer\"><noscript><img decoding=\"async\" src=\"https:\/\/mara-siria-camp.com\/wp-content\/uploads\/2025\/03\/Mara-Siria_welcome3.jpg\" alt=\"\" title=\"Mara-Siria_welcome3\"><\/noscript><\/sr7-bg>\n\t\t\t\t\t\t\t<sr7-txt id=\"SR7_5_1-18-1\" class=\"sr7-layer\">Willkommen im MARA SIRIA<\/sr7-txt>\n\t\t\t\t\t\t<\/sr7-slide>\n\t\t\t\t\t\t<sr7-slide id=\"SR7_5_1-19\" data-key=\"19\">\n\t\t\t\t\t\t\t<sr7-bg id=\"SR7_5_1-19-4\" class=\"sr7-layer\"><noscript><img decoding=\"async\" src=\"https:\/\/mara-siria-camp.com\/wp-content\/uploads\/2025\/03\/Slider3.jpg\" alt=\"\" title=\"Slider3\"><\/noscript><\/sr7-bg>\n\t\t\t\t\t\t\t<sr7-txt id=\"SR7_5_1-19-1\" class=\"sr7-layer\">Tented Bush Camp &amp; Cottages<\/sr7-txt>\n\t\t\t\t\t\t<\/sr7-slide>\n\t\t\t\t\t\t<sr7-slide id=\"SR7_5_1-20\" data-key=\"20\">\n\t\t\t\t\t\t\t<sr7-bg id=\"SR7_5_1-20-4\" class=\"sr7-layer\"><noscript><img decoding=\"async\" src=\"https:\/\/mara-siria-camp.com\/wp-content\/uploads\/2025\/03\/Slider3b.jpg\" alt=\"\" title=\"Slider3b\"><\/noscript><\/sr7-bg>\n\t\t\t\t\t\t\t<sr7-txt id=\"SR7_5_1-20-1\" class=\"sr7-layer\"><\/sr7-txt>\n\t\t\t\t\t\t<\/sr7-slide>\n\t\t\t\t\t\t<sr7-slide id=\"SR7_5_1-21\" data-key=\"21\">\n\t\t\t\t\t\t\t<sr7-bg id=\"SR7_5_1-21-4\" class=\"sr7-layer\"><noscript><img decoding=\"async\" src=\"https:\/\/mara-siria-camp.com\/wp-content\/uploads\/2025\/03\/Slider4-2.jpg\" alt=\"\" title=\"Slider4-2\"><\/noscript><\/sr7-bg>\n\t\t\t\t\t\t<\/sr7-slide>\n\t\t\t\t\t\t<sr7-slide id=\"SR7_5_1-22\" data-key=\"22\">\n\t\t\t\t\t\t<\/sr7-slide>\n\t\t\t\t\t<\/sr7-content>\n\t\t\t\t\t<image_lists style=\"display:none\">\n\t\t\t\t\t\t<img data-src=\"\/\/mara-siria-camp.com\/wp-content\/uploads\/2025\/03\/Mara-Siria_welcome3.jpg\" data-libid=\"11961\" data-lib=\"medialibrary\" title=\"Mara-Siria_welcome3\" width=\"0\" height=\"0\" data-dbsrc=\"Ly9tYXJhLXNpcmlhLWNhbXAuY29tL3dwLWNvbnRlbnQvdXBsb2Fkcy8yMDI1LzAzL01hcmEtU2lyaWFfd2VsY29tZTMuanBn\">\n\t\t\t\t\t\t<img data-src=\"\/\/mara-siria-camp.com\/wp-content\/uploads\/2025\/03\/Slider3.jpg\" data-libid=\"11963\" data-lib=\"medialibrary\" title=\"Slider3\" width=\"0\" height=\"0\" data-dbsrc=\"Ly9tYXJhLXNpcmlhLWNhbXAuY29tL3dwLWNvbnRlbnQvdXBsb2Fkcy8yMDI1LzAzL1NsaWRlcjMuanBn\">\n\t\t\t\t\t\t<img data-src=\"\/\/mara-siria-camp.com\/wp-content\/uploads\/2025\/03\/Slider3b.jpg\" data-libid=\"11965\" data-lib=\"medialibrary\" title=\"Slider3b\" width=\"0\" height=\"0\" data-dbsrc=\"Ly9tYXJhLXNpcmlhLWNhbXAuY29tL3dwLWNvbnRlbnQvdXBsb2Fkcy8yMDI1LzAzL1NsaWRlcjNiLmpwZw==\">\n\t\t\t\t\t\t<img data-src=\"\/\/mara-siria-camp.com\/wp-content\/uploads\/2025\/03\/Slider4-2.jpg\" data-libid=\"11967\" data-lib=\"medialibrary\" title=\"Slider4-2\" width=\"0\" height=\"0\" data-dbsrc=\"Ly9tYXJhLXNpcmlhLWNhbXAuY29tL3dwLWNvbnRlbnQvdXBsb2Fkcy8yMDI1LzAzL1NsaWRlcjQtMi5qcGc=\">\n\t\t\t\t\t<\/image_lists>\n\t\t\t\t<\/sr7-module>\n\t\t\t\t<script>\n\t\t\t\t\tSR7.PMH ??={}; SR7.PMH[\"SR7_5_1\"] = {cn:100,state:false,fn: function() { if (_tpt!==undefined && _tpt.prepareModuleHeight !== undefined) {  _tpt.prepareModuleHeight({id:\"SR7_5_1\",el:[1089.99,1089.99,767.99,650,650],type:'standard',shdw:'0',gh:[1090,1090,768,650,650],gw:[1170,1170,1140,800,800],vpt:['-100px&#039;,&#039;-100px&#039;,&#039;-100px&#039;,&#039;-100px&#039;,&#039;-100px'],size:{fullWidth:true, fullHeight:false},mh:'0',onh:0,onw:0,bg:{color:'{\"orig\":\"transparent\",\"type\":\"solid\",\"string\":\"transparent\"}'},plType:'0',plColor:'#FFFFFF'});   SR7.PMH[\"SR7_5_1\"].state=true;} else if(SR7.PMH[\"SR7_5_1\"].cn-->0)\tsetTimeout( SR7.PMH[\"SR7_5_1\"].fn,19);}};SR7.PMH[\"SR7_5_1\" ].fn();\n\t\t\t\t<\/script>\n[\/vc_column][\/vc_row][vc_row padding_size=\u201dno-padding\u201d background_mode=\u201dcolor\u201d content_width=\u201d\u201d css=\u201d.vc_custom_1769517509676{margin-top: 0px !important;margin-bottom: -30px !important;padding-top: 30px !important;padding-bottom: 20px !important;}\u201d background_color=\u201d#FFFFFF\u201d][vc_column padding_size=\u201dno-padding\u201d width=\u201d1\/2\u2033 css=\u201d.vc_custom_1769516863612{padding-left: 16px !important;border-color: #FFFFFF !important;}\u201d background_color=\u201d#00000000\u2033 offset=\u201dvc_hidden-sm vc_hidden-xs\u201d][vc_empty_space height=\u201d20px\u201d][wyde_heading style=\u201d4\u2033 title_tag=\u201dh3\u2033 title=\u201dKaren Blixen\u201d subheading=\u201dIf there were one more thing I could do, it would be to go on safari once again.\u201d subheading_color=\u201d#929292\u2033][vc_empty_space height=\u201d20px\u201d][wyde_separator el_width=\u201d80%\u201d color=\u201d#F98D00\u2033][\/vc_column][vc_column width=\u201d1\/2\u2033 offset=\u201dvc_hidden-sm vc_hidden-xs\u201d][\/vc_column][\/vc_row][vc_row equal_height=\u201dtrue\u201d css=\u201d.vc_custom_1750873842398{margin-top: -40px !important;}\u201d][vc_column width=\u201d1\/3\u2033][wyde_info_box title=\u201dDas Safari Camp\u201d]\n<p style=\"text-align: left;\">Das Mara Siria Camp ist ein umweltfreundliches Safari-Zeltcamp im Nordwesten des weltber\u00fchmten Masai Mara Reservats. Auf dem Siria Steilhang, mit atemberaubender Aussicht auf die Savanne weiter unten, gelegen, bietet unser Camp den perfekten Ausgangspunkt f\u00fcr Ihre Safari.<\/p>\n<p>[\/wyde_info_box][vc_empty_space height=\u201d35px\u201d][vc_column_text]<img loading=\"lazy\" decoding=\"async\" class=\"aligncenter wp-image-10914 size-full\" src=\"https:\/\/mara-siria-camp.com\/wp-content\/uploads\/2025\/02\/Camp2.jpg\" alt=\"Holzterrasse mit Reetdach, atemberaubende Ausblicke von einem der Deluxe-Zelte in unserem Masai Mara Safari Camp\" width=\"800\" height=\"495\" srcset=\"https:\/\/mara-siria-camp.com\/wp-content\/uploads\/2025\/02\/Camp2.jpg 800w, https:\/\/mara-siria-camp.com\/wp-content\/uploads\/2025\/02\/Camp2-400x248.jpg 400w, https:\/\/mara-siria-camp.com\/wp-content\/uploads\/2025\/02\/Camp2-768x475.jpg 768w, https:\/\/mara-siria-camp.com\/wp-content\/uploads\/2025\/02\/Camp2-640x396.jpg 640w\" sizes=\"auto, (max-width: 800px) 100vw, 800px\">[\/vc_column_text]<span id=\"creative-link-wrap-2605\" class=\"ult_main_cl ult-adjust-bottom-margin  \">\n\t \t\t\t<span class=\"ult_cl_link_1  ult_crlink\">\n\t\t\t\t\t<a data-ultimate-target=\"#creative-link-wrap-2605 .ult_colorlink\" data-responsive-json-new='{\"font-size\":\"\",\"line-height\":\"\"}' href=\"https:\/\/mara-siria-camp.com\/de\/uebersicht-ausstattung-safari-camp\/\" title=\"Camp Ausstattung und \u00dcbersicht Mara Siria Camp\" class=\"ult_colorlink ult-responsive  vc_custom_1757084081972\" style=\"font-weight:normal;color:#F98D00; \" data-textcolor=\"#F98D00\" data-texthover=\"#930E0E\" data-style=\"Style_1\">\n\t\t\t\t\t\t\n\t\t\t\t\t\t<span data-hover=\"Weiterlesen\" style=\"color:#F98D00;;;\" class=\"ult_btn10_span   \">Weiterlesen<\/span>\n\t\t\t\t\t\t\n\t\t\t\t\t<\/a>\n\t\t\t\t<\/span>\n\t\t\t<\/span>[\/vc_column][vc_column width=\u201d1\/3\u2033][wyde_info_box title=\u201dMasai Mara Unterk\u00fcnfte\u201d]<\/p>\n<p style=\"text-align: left;\">Unser Safari Camp bietet Unterkunft in insgesamt 16 Zelten und Cottages. Alle Zelte und Cottages in unserem Masai Mara Camp verf\u00fcgen \u00fcber ein eigenes Bad und eine private Terrasse, auf der Sie entspannen und die Eindr\u00fccke des erlebnisreichen Tages auf Safari im Masai Mara Triangle Revue passieren lassen k\u00f6nnen.<\/p>\n<p>[\/wyde_info_box][vc_empty_space height=\u201d10px\u201d][vc_column_text]<img loading=\"lazy\" decoding=\"async\" class=\"aligncenter wp-image-10912 size-medium\" src=\"https:\/\/mara-siria-camp.com\/wp-content\/uploads\/2025\/02\/deluxe-tent-masai-mara-triangle-400x248.jpg\" alt=\"Innensicht unsere Deluxe-Zelte im Masai Mara Safari Camp mit Kingsize-Bett und St\u00fchlen\" width=\"400\" height=\"248\" srcset=\"https:\/\/mara-siria-camp.com\/wp-content\/uploads\/2025\/02\/deluxe-tent-masai-mara-triangle-400x248.jpg 400w, https:\/\/mara-siria-camp.com\/wp-content\/uploads\/2025\/02\/deluxe-tent-masai-mara-triangle-768x475.jpg 768w, https:\/\/mara-siria-camp.com\/wp-content\/uploads\/2025\/02\/deluxe-tent-masai-mara-triangle-640x396.jpg 640w, https:\/\/mara-siria-camp.com\/wp-content\/uploads\/2025\/02\/deluxe-tent-masai-mara-triangle.jpg 800w\" sizes=\"auto, (max-width: 400px) 100vw, 400px\">[\/vc_column_text]<span id=\"creative-link-wrap-3111\" class=\"ult_main_cl ult-adjust-bottom-margin  \">\n\t \t\t\t<span class=\"ult_cl_link_1  ult_crlink\">\n\t\t\t\t\t<a data-ultimate-target=\"#creative-link-wrap-3111 .ult_colorlink\" data-responsive-json-new='{\"font-size\":\"\",\"line-height\":\"\"}' href=\"https:\/\/mara-siria-camp.com\/accommodation-tents-cottages\/\" title=\"\u00dcbersicht der Unterk\u00fcnfte im Mara Siria Camp\" class=\"ult_colorlink ult-responsive  vc_custom_1757083781189\" style=\"font-weight:normal;color:#F98D00; \" data-textcolor=\"#F98D00\" data-texthover=\"#930E0E\" data-style=\"Style_1\">\n\t\t\t\t\t\t\n\t\t\t\t\t\t<span data-hover=\"Weiterlesen\" style=\"color:#F98D00;;;\" class=\"ult_btn10_span   \">Weiterlesen<\/span>\n\t\t\t\t\t\t\n\t\t\t\t\t<\/a>\n\t\t\t\t<\/span>\n\t\t\t<\/span>[\/vc_column][vc_column width=\u201d1\/3\u2033][wyde_info_box title=\u201dAktivit\u00e4ten\u201d]<\/p>\n<p style=\"text-align: left;\">In unserem Safari Camp sind Pirschfahrten ins Masai Mara Triangle nur der Anfang. Entdecken Sie die Mara aus anderer Perspektive: zu Fu\u00df, auf dem Pferd, mit dem Fahrrad, oder aus einem Hei\u00dfluftballon! Genie\u00dfen Sie authentische kulturelle Begegnungen oder die Aussicht, w\u00e4hrend Sie in unserem Pool entspannen!<\/p>\n<p>[\/wyde_info_box][vc_empty_space height=\u201d10px\u201d][vc_column_text]<img loading=\"lazy\" decoding=\"async\" class=\"aligncenter wp-image-10909 size-medium\" src=\"https:\/\/mara-siria-camp.com\/wp-content\/uploads\/2025\/02\/gamedrive-400x248.jpg\" alt=\"Offene Allradfahrzeuge (Game Viewer) f\u00fcr Masai Mara Pirschfahrten im Masai Mara Triangle\" width=\"400\" height=\"248\" srcset=\"https:\/\/mara-siria-camp.com\/wp-content\/uploads\/2025\/02\/gamedrive-400x248.jpg 400w, https:\/\/mara-siria-camp.com\/wp-content\/uploads\/2025\/02\/gamedrive-768x475.jpg 768w, https:\/\/mara-siria-camp.com\/wp-content\/uploads\/2025\/02\/gamedrive-640x396.jpg 640w, https:\/\/mara-siria-camp.com\/wp-content\/uploads\/2025\/02\/gamedrive.jpg 800w\" sizes=\"auto, (max-width: 400px) 100vw, 400px\">[\/vc_column_text]<span id=\"creative-link-wrap-8605\" class=\"ult_main_cl ult-adjust-bottom-margin  \">\n\t \t\t\t<span class=\"ult_cl_link_1  ult_crlink\">\n\t\t\t\t\t<a data-ultimate-target=\"#creative-link-wrap-8605 .ult_colorlink\" data-responsive-json-new='{\"font-size\":\"\",\"line-height\":\"\"}' href=\"https:\/\/mara-siria-camp.com\/de\/aktivitaeten\" title=\"\u00dcbersicht der Aktivit\u00e4ten im Mara Siria Safari Camp\" class=\"ult_colorlink ult-responsive  vc_custom_1757083813276\" style=\"font-weight:normal;color:#F98D00; \" data-textcolor=\"#F98D00\" data-texthover=\"#930E0E\" data-style=\"Style_1\">\n\t\t\t\t\t\t\n\t\t\t\t\t\t<span data-hover=\"Weiterlesen\" style=\"color:#F98D00;;;\" class=\"ult_btn10_span   \">Weiterlesen<\/span>\n\t\t\t\t\t\t\n\t\t\t\t\t<\/a>\n\t\t\t\t<\/span>\n\t\t\t<\/span>[\/vc_column][\/vc_row][vc_row padding_size=\u201dno-padding\u201d css=\u201d.vc_custom_1750873973186{margin-top: -60px !important;}\u201d][vc_column width=\u201d1\/2\u2033][\/vc_column][vc_column padding_size=\u201dno-padding\u201d width=\u201d1\/2\u2033][wyde_heading style=\u201d4\u2033 title_tag=\u201dh3\u2033 title=\u201dJetzt Ihre Masai Mara Reise buchen\u201d subheading=\u201dPr\u00fcfen Sie Verf\u00fcgbarkeit und Preise online und buchen Sie Vollpension, Pirschfahrten oder Road Packages direkt. Kontaktieren Sie uns f\u00fcr ein Flying Package oder ihr All-inclusive-Safari-Paket in der Masai Mara.\u201d subheading_color=\u201d#929292\u2033][vc_empty_space height=\u201d20px\u201d][wyde_link_button icon=\u201dfa fa-long-arrow-right\u201d size=\u201dlarge\u201d title=\u201dJetzt online buchen\u201d link=\u201durl:https%3A%2F%2Fmara-siria-camp.com%2Fbooking%2F|title:Zur%20Mara%20Siria%20Safari%20Camp%20online%20Buchung\u201d color=\u201d#FFFFFF\u201d bg_color=\u201d#F98D00\u2033 animation=\u201dfadeInRight\u201d css=\u201d.vc_custom_1757083639926{background-color: #930E0E !important;}\u201d][vc_empty_space height=\u201d40px\u201d][\/vc_column][\/vc_row]<\/p>\n<\/div>","protected":false},"excerpt":{"rendered":"<p>[vc_row padding_size=\u201dno-padding\u201d][vc_column][\/vc_column][\/vc_row][vc_row padding_size=\u201dno-padding\u201d background_mode=\u201dcolor\u201d content_width=\u201d\u201d css=\u201d.vc_custom_1769517509676{margin-top: 0px !important;margin-bottom: -30px !important;padding-top: 30px !important;padding-bottom: 20px !important;}\u201d background_color=\u201d#FFFFFF\u201d][vc_column padding_size=\u201dno-padding\u201d width=\u201d1\/2\u2033 css=\u201d.vc_custom_1769516863612{padding-left: 16px !important;border-color: #FFFFFF !important;}\u201d background_color=\u201d#00000000\u2033 offset=\u201dvc_hidden-sm vc_hidden-xs\u201d][vc_empty_space height=\u201d20px\u201d][wyde_heading style=\u201d4\u2033 title_tag=\u201dh3\u2033 title=\u201dKaren Blixen\u201d subheading=\u201dIf there were one more thing I could do, it would be to go on safari once again.\u201d subheading_color=\u201d#929292\u2033][vc_empty_space height=\u201d20px\u201d][wyde_separator el_width=\u201d80%\u201d color=\u201d#F98D00\u2033][\/vc_column][vc_column width=\u201d1\/2\u2033 offset=\u201dvc_hidden-sm vc_hidden-xs\u201d][\/vc_column][\/vc_row][vc_row [&hellip;]<\/p>\n","protected":false},"author":3,"featured_media":0,"parent":0,"menu_order":0,"comment_status":"closed","ping_status":"closed","template":"","meta":{"footnotes":""},"class_list":["post-11402","page","type-page","status-publish","hentry"],"_links":{"self":[{"href":"https:\/\/mara-siria-camp.com\/de\/wp-json\/wp\/v2\/pages\/11402","targetHints":{"allow":["GET"]}}],"collection":[{"href":"https:\/\/mara-siria-camp.com\/de\/wp-json\/wp\/v2\/pages"}],"about":[{"href":"https:\/\/mara-siria-camp.com\/de\/wp-json\/wp\/v2\/types\/page"}],"author":[{"embeddable":true,"href":"https:\/\/mara-siria-camp.com\/de\/wp-json\/wp\/v2\/users\/3"}],"replies":[{"embeddable":true,"href":"https:\/\/mara-siria-camp.com\/de\/wp-json\/wp\/v2\/comments?post=11402"}],"version-history":[{"count":2,"href":"https:\/\/mara-siria-camp.com\/de\/wp-json\/wp\/v2\/pages\/11402\/revisions"}],"predecessor-version":[{"id":14168,"href":"https:\/\/mara-siria-camp.com\/de\/wp-json\/wp\/v2\/pages\/11402\/revisions\/14168"}],"wp:attachment":[{"href":"https:\/\/mara-siria-camp.com\/de\/wp-json\/wp\/v2\/media?parent=11402"}],"curies":[{"name":"wp","href":"https:\/\/api.w.org\/{rel}","templated":true}]}}