{"id":11810,"date":"2025-02-21T14:21:28","date_gmt":"2025-02-21T14:21:28","guid":{"rendered":"https:\/\/mara-siria-camp.com\/tauchbecken\/"},"modified":"2025-11-04T10:46:35","modified_gmt":"2025-11-04T10:46:35","slug":"besuch-elatia-nashorn-schutzgebiet","status":"publish","type":"page","link":"https:\/\/mara-siria-camp.com\/de\/besuch-elatia-nashorn-schutzgebiet\/","title":{"rendered":"Besuch Elatia Nashorn Schutzgebiet"},"content":{"rendered":"<div class=\"wpb-content-wrapper\"><p>[vc_row][vc_column width=\u201d1\/3\u2033][wyde_heading style=\u201d10\u2033 title=\u201dNashorn Sanctuary\u201d subheading=\u201dElatia\u201d subheading_color=\u201d#000000BD\u201d][\/vc_column][vc_column width=\u201d2\/3\u2033][vc_custom_heading text=\u201d<i>Ein Besuch des Elatia Nashorn Schutzgebiet in der Masai Mara bedeutet f\u00fcr unsere G\u00e4ste eine einzigartige Erfahrung, Von Informationen \u00fcber den Schutz der Nash\u00f6rner bis zur unmittelbaren Begegnung mit diesen Giganten.<\/i>\u201d font_container=\u201dtag:p|font_size:18px|text_align:left|color:%23333333\u2033 use_theme_fonts=\u201dyes\u201d][vc_empty_space height=\u201d20px\u201d][wyde_link_button icon=\u201dfa fa-long-arrow-right\u201d size=\u201dlarge\u201d link=\u201durl:https%3A%2F%2Fmara-siria-camp.com%2Fbooking%2F|title:Online%20Booking\u201d title=\u201dJetzt online buchen\u201d color=\u201d#FFFFFF\u201d bg_color=\u201d#F98D00\u2033 css=\u201d.vc_custom_1762252688062{background-color: #F98D00 !important;}\u201d][\/vc_column][\/vc_row][vc_row][vc_column][vc_empty_space height=\u201d40px\u201d][\/vc_column][\/vc_row][vc_row][vc_column padding_size=\u201dno-padding\u201d width=\u201d1\/2\u2033][vc_empty_space height=\u201d80px\u201d][wyde_image_gallery image_size=\u201dfull\u201d gallery_type=\u201dgrid w-space\u201d columns=\u201d2\u2033 hover_effect=\u201dzoomIn\u201d images=\u201d11823,11821,11819,11817\u2033][\/vc_column][vc_column width=\u201d1\/2\u2033 css=\u201d.vc_custom_1737313455999{padding-left: 40px !important;}\u201d][vc_column_text css=\u201d.vc_custom_1762253042007{margin-top: 20px !important;}\u201d]Das Schutzgebiet beherbergt sieben Breitmaulnash\u00f6rner und bietet diesen majest\u00e4tischen Tieren einen sicheren Raum, in dem sie sich frei bewegen k\u00f6nnen. Elatia spielt eine entscheidende Rolle beim Schutz der Nash\u00f6rner und hilft dabei, die Populationen unter st\u00e4ndigem Schutz vor Wilderei wieder aufzubauen. Das Schutzgebiet wird mit besonderem Augenmerk auf den Schutz der Wildtiere und die Nachhaltigkeit verwaltet und ist somit ein wesentlicher Bestandteil des \u00d6kosystems der Masai Mara.<\/p>\n<p><span class=\"highlight\"><strong>Besuch Elatia Nashorn Schutzgebiet \u2013 Das Erlebnis:<\/strong><\/span> Wir empfehlen einen Besuch des Schutzgebiets in den Morgen- oder sp\u00e4ten Nachmittagsstunden \u2013 zu dieser Zeit sind die Nash\u00f6rner am aktivsten. Sie werden die Nash\u00f6rner von Ihrem Fahrzeug aus verfolgen, gef\u00fchrt von einem erfahrenen Ranger. Sobald die Nash\u00f6rner gesichtet werden und sich wohlzuf\u00fchlen scheinen, haben Sie die M\u00f6glichkeit, mit Ihrem Ranger zu Fu\u00df loszugehen und sie aus n\u00e4chster N\u00e4he zu beobachten. W\u00e4hrend dieses unvergesslichen Erlebnisses, das ideal in Ihre Masai Mara Safari integriert werden kann, k\u00f6nnen Sie das Verhalten der Nash\u00f6rner beobachten und erhalten wertvolle Einblicke in den Schutz der Nash\u00f6rner. Au\u00dferdem erfahren Sie aus erster Hand, wie die Wilderei bek\u00e4mpft wird und welche Ma\u00dfnahmen zum Schutz ihres nat\u00fcrlichen Lebensraums getroffen werden.<\/p>\n<p>\ud83d\udc9a <span class=\"highlight\"><em><strong>Warum sollte man das Elatia Nashorn Schutzgebiet besuchen?<\/strong><\/em><\/span><br>\nEin Besuch in Elatia ist mehr als nur ein Naturerlebnis \u2013 es ist eine Gelegenheit, die Bem\u00fchungen zum Schutz der Nash\u00f6rner zu unterst\u00fctzen und zum Schutz der Zukunft dieser legend\u00e4ren Tiere beizutragen. Mit den Eintrittsgeldern und Touren werden die Anti-Wilderei-Initiativen des Schutzgebiets und die Programme der lokalen Gemeinden direkt unterst\u00fctzt, was Ihren Besuch zu einem bedeutenden Ereignis macht.<\/p>\n<p>Unsere Masai Mara Pakete k\u00f6nnen einen Besuch im Nashorn Schutzgebiet Elatia beinhalten und lassen sich direkt \u00fcber unser Safari Camp buchen \u2013 ideal f\u00fcr alle, die bei einem Masai Mara Game Drive echte Wirkung zeigen m\u00f6chten.[\/vc_column_text][vc_column_text]Lesen Sie die <span style=\"color: #f98d00;\"><a style=\"color: #f98d00;\" href=\"https:\/\/mara-siria-camp.com\/de\/nashorn-spaziergang\/\">pers\u00f6nlichen Erfahrungen unseres Guides Charlie<\/a><\/span>\u00a0\u00fcber seinen Besuch im Elatia Schutzgebiet.[\/vc_column_text][\/vc_column][\/vc_row]<\/p>\n<\/div>","protected":false},"excerpt":{"rendered":"<p>[vc_row][vc_column width=\u201d1\/3\u2033][wyde_heading style=\u201d10\u2033 title=\u201dNashorn Sanctuary\u201d subheading=\u201dElatia\u201d subheading_color=\u201d#000000BD\u201d][\/vc_column][vc_column width=\u201d2\/3\u2033][vc_custom_heading text=\u201dEin Besuch des Elatia Nashorn Schutzgebiet in der Masai Mara bedeutet f\u00fcr unsere G\u00e4ste eine einzigartige Erfahrung, Von Informationen \u00fcber den Schutz der Nash\u00f6rner bis zur unmittelbaren Begegnung mit diesen Giganten.\u201d font_container=\u201dtag:p|font_size:18px|text_align:left|color:%23333333\u2033 use_theme_fonts=\u201dyes\u201d][vc_empty_space height=\u201d20px\u201d][wyde_link_button icon=\u201dfa fa-long-arrow-right\u201d size=\u201dlarge\u201d link=\u201durl:https%3A%2F%2Fmara-siria-camp.com%2Fbooking%2F|title:Online%20Booking\u201d title=\u201dJetzt online buchen\u201d color=\u201d#FFFFFF\u201d bg_color=\u201d#F98D00\u2033 css=\u201d.vc_custom_1762252688062{background-color: #F98D00 !important;}\u201d][\/vc_column][\/vc_row][vc_row][vc_column][vc_empty_space height=\u201d40px\u201d][\/vc_column][\/vc_row][vc_row][vc_column [&hellip;]<\/p>\n","protected":false},"author":2,"featured_media":0,"parent":0,"menu_order":0,"comment_status":"closed","ping_status":"closed","template":"","meta":{"footnotes":""},"class_list":["post-11810","page","type-page","status-publish","hentry"],"_links":{"self":[{"href":"https:\/\/mara-siria-camp.com\/de\/wp-json\/wp\/v2\/pages\/11810","targetHints":{"allow":["GET"]}}],"collection":[{"href":"https:\/\/mara-siria-camp.com\/de\/wp-json\/wp\/v2\/pages"}],"about":[{"href":"https:\/\/mara-siria-camp.com\/de\/wp-json\/wp\/v2\/types\/page"}],"author":[{"embeddable":true,"href":"https:\/\/mara-siria-camp.com\/de\/wp-json\/wp\/v2\/users\/2"}],"replies":[{"embeddable":true,"href":"https:\/\/mara-siria-camp.com\/de\/wp-json\/wp\/v2\/comments?post=11810"}],"version-history":[{"count":0,"href":"https:\/\/mara-siria-camp.com\/de\/wp-json\/wp\/v2\/pages\/11810\/revisions"}],"wp:attachment":[{"href":"https:\/\/mara-siria-camp.com\/de\/wp-json\/wp\/v2\/media?parent=11810"}],"curies":[{"name":"wp","href":"https:\/\/api.w.org\/{rel}","templated":true}]}}