{"id":11887,"date":"2025-02-22T10:56:09","date_gmt":"2025-02-22T10:56:09","guid":{"rendered":"https:\/\/mara-siria-camp.com\/?page_id=11887"},"modified":"2025-11-06T09:12:24","modified_gmt":"2025-11-06T09:12:24","slug":"kulturelle-begegnungen","status":"publish","type":"page","link":"https:\/\/mara-siria-camp.com\/de\/kulturelle-begegnungen\/","title":{"rendered":"Kulturelle Begegnungen"},"content":{"rendered":"<div class=\"wpb-content-wrapper\"><p>[vc_row][vc_column width=\u201d1\/3\u2033][wyde_heading style=\u201d10\u2033 title=\u201dMasai\u201d subheading=\u201dKultur\u201d subheading_color=\u201d#000000BD\u201d][\/vc_column][vc_column width=\u201d2\/3\u2033][vc_custom_heading text=\u201d<i>Im Mara Siria Luxus Safari Camp bieten wir unseren G\u00e4sten die M\u00f6glichkeit, sinnvolle kulturelle Erfahrungen zu machen, die bleibende Erinnerungen schaffen und die lokale Gemeinschaft direkt unterst\u00fctzen.<\/i>\u201d font_container=\u201dtag:p|font_size:18px|text_align:left|color:%23333333\u2033 use_theme_fonts=\u201dyes\u201d][vc_empty_space height=\u201d20px\u201d][wyde_link_button icon=\u201dfa fa-long-arrow-right\u201d size=\u201dlarge\u201d title=\u201dJetzt online buchen\u201d link=\u201durl:https%3A%2F%2Fmara-siria-camp.com%2Fbooking%2F|title:Online%20Booking\u201d color=\u201d#FFFFFF\u201d bg_color=\u201d#F98D00\u2033 css=\u201d.vc_custom_1762419500339{background-color: #F98D00 !important;}\u201d][\/vc_column][\/vc_row][vc_row padding_size=\u201dno-padding\u201d][vc_column width=\u201d1\/2\u2033][vc_empty_space][vc_column_text]<img loading=\"lazy\" decoding=\"async\" class=\"alignnone wp-image-11893 size-aoraki-land-medium\" src=\"https:\/\/mara-siria-camp.com\/wp-content\/uploads\/2025\/02\/Iltolish-School-640x360.jpg\" alt=\"Iltolish Mara Primary School\" width=\"640\" height=\"360\" srcset=\"https:\/\/mara-siria-camp.com\/wp-content\/uploads\/2025\/02\/Iltolish-School-640x360.jpg 640w, https:\/\/mara-siria-camp.com\/wp-content\/uploads\/2025\/02\/Iltolish-School-960x540.jpg 960w\" sizes=\"auto, (max-width: 640px) 100vw, 640px\">[\/vc_column_text][vc_empty_space height=\u201d26px\u201d][wyde_info_box title=\u201dBesuch der Itolish Mara Primary School\u201d]<\/p>\n<p style=\"text-align: center;\"><strong><span class=\"highlight\">Inspirierende Begegnungen mit Sch\u00fclern<\/span><\/strong><\/p>\n<p style=\"text-align: left; margin-top: 20px;\">Ein Besuch der Itolish-Schule in der N\u00e4he des Mara Siria Safari Camps bietet eine einzigartige Gelegenheit, einheimische Kinder zu treffen und etwas \u00fcber ihren Alltag und den Spagat zwischen Masai Tradition und moderner Bildung zu erfahren. Die G\u00e4ste unserer Masai Mara Safari k\u00f6nnen sich w\u00e4hrend der Pausen zu den Sch\u00fclern gesellen und sich mit ihnen austauschen, spielen und lachen. Der Besuch bietet auch einen Einblick in die Herausforderungen, mit denen die Schule konfrontiert ist, wie z. B. begrenzte Ressourcen, sowie in das Leben und die Masai Traditionen vor Ort. Besuche k\u00f6nnen um 10:30 Uhr, 11:30 Uhr oder nach 15:30 Uhr organisiert werden. Eine Mindestspende, die beim Besuch inbegriffen ist, kommt direkt den Bildungsprogrammen der Schule zugute und hilft bei der Finanzierung von Material und Renovierungen. . Ihre Teilnahme bietet nicht nur eine bereichernde Erfahrung w\u00e4hrend Ihres Aufenthalts im\u00a0Safari Camp,\u00a0sondern tr\u00e4gt auch zur Gestaltung einer besseren Zukunft f\u00fcr diese jungen Lernenden in der Masai Mara bei.<\/p>\n<p>[\/wyde_info_box][\/vc_column][vc_column width=\u201d1\/2\u2033][vc_empty_space][vc_column_text]<img loading=\"lazy\" decoding=\"async\" class=\"aligncenter wp-image-11905 size-aoraki-land-medium\" src=\"https:\/\/mara-siria-camp.com\/wp-content\/uploads\/2025\/02\/Masai_Beadworks-640x360.jpg\" alt=\"\" width=\"640\" height=\"360\" srcset=\"https:\/\/mara-siria-camp.com\/wp-content\/uploads\/2025\/02\/Masai_Beadworks-640x360.jpg 640w, https:\/\/mara-siria-camp.com\/wp-content\/uploads\/2025\/02\/Masai_Beadworks-960x540.jpg 960w\" sizes=\"auto, (max-width: 640px) 100vw, 640px\">[\/vc_column_text][vc_empty_space height=\u201d26px\u201d][wyde_info_box title=\u201dMassai Perlen Workshop\u201d]<\/p>\n<p style=\"text-align: center;\"><strong><span class=\"highlight\">Basteln, gestalten and verbinden<\/span><\/strong><\/p>\n<p style=\"text-align: left; margin-top: 20px;\">Erleben Sie die lebendige Kultur der Masai bei einem praktischen Perlenworkshop in der Lounge des Camps oder aber direkt im Masai Dorf. Talentierte Masai-Frauen zeigen Ihnen ihre traditionellen Techniken zur Schmuckherstellung und erkl\u00e4ren Ihnen die kulturelle Bedeutung ihrer komplizierten Perlenmuster und Farben. Wenn Sie Ihr eigenes Schmuckst\u00fcck, z. B. einen Armreif, anfertigen, nehmen Sie nicht nur ein besonderes Andenken mit nach Hause, sondern gewinnen auch ein tieferes Verst\u00e4ndnis f\u00fcr das Erbe der Masai. W\u00e4hrend des Workshops werden die Frauen Geschichten \u00fcber ihr Leben, ihre Traditionen und ihre Gemeinschaft erz\u00e4hlen, so dass ein warmes und intensives Erlebnis entsteht. Mit Ihrer Teilnahme an diesem Angebot innerhalb unserer Masai Mara Safari Pakete unterst\u00fctzen Sie die Frauen direkt und tragen dazu bei, ihr Handwerk zu erhalten sowie ihre Lebensgrundlage zu st\u00e4rken. Ein inspirierender Bestandteil Ihrer Reise, der das Angebot unserer Masai Mara Unterkunft wunderbar erg\u00e4nzt.<\/p>\n<p>[\/wyde_info_box][\/vc_column][\/vc_row][vc_row padding_size=\u201dno-padding\u201d][vc_column][vc_empty_space height=\u201d50px\u201d][vc_column_text]<\/p>\n<h4 id=\"bedeutsame-erinnerungen-mit-nachhaltiger-wirkung\"><span class=\"highlight\">Bedeutsame Erinnerungen mit nachhaltiger Wirkung<\/span><\/h4>\n<p>Beide Erlebnisse \u2013 der Besuch der Itolish-Schule und die Teilnahme an einem Workshop zur Perlenstickerei der Masai \u2013 bieten mehr als nur eine Aktivit\u00e4t; sie sind eine Gelegenheit, authentische Verbindungen zur \u00f6rtlichen Gemeinschaft in der Masai Mara aufzubauen und zu einem nachhaltigen Tourismus beizutragen. Ganz gleich, ob Sie sich daf\u00fcr entscheiden, junge Menschen in der Schule zu inspirieren oder die Kunstfertigkeit der Masai zu erlernen, Ihre Erfahrung wird einen bleibenden Eindruck sowohl in Ihrem Herzen als auch in der Gemeinschaft, die Sie unterst\u00fctzen, hinterlassen.<\/p>\n<h5><span class=\"highlight\">Kommen Sie und werden Sie Teil von etwas wirklich Besonderem im Mara Siria Safari Camp, wo jede Begegnung eine Chance ist, zu lernen, zu teilen und etwas zu bewirken.<\/span><\/h5>\n<p>[\/vc_column_text][vc_empty_space][\/vc_column][\/vc_row]<\/p>\n<\/div>","protected":false},"excerpt":{"rendered":"<p>[vc_row][vc_column width=\u201d1\/3\u2033][wyde_heading style=\u201d10\u2033 title=\u201dMasai\u201d subheading=\u201dKultur\u201d subheading_color=\u201d#000000BD\u201d][\/vc_column][vc_column width=\u201d2\/3\u2033][vc_custom_heading text=\u201dIm Mara Siria Luxus Safari Camp bieten wir unseren G\u00e4sten die M\u00f6glichkeit, sinnvolle kulturelle Erfahrungen zu machen, die bleibende Erinnerungen schaffen und die lokale Gemeinschaft direkt unterst\u00fctzen.\u201d font_container=\u201dtag:p|font_size:18px|text_align:left|color:%23333333\u2033 use_theme_fonts=\u201dyes\u201d][vc_empty_space height=\u201d20px\u201d][wyde_link_button icon=\u201dfa fa-long-arrow-right\u201d size=\u201dlarge\u201d title=\u201dJetzt online buchen\u201d link=\u201durl:https%3A%2F%2Fmara-siria-camp.com%2Fbooking%2F|title:Online%20Booking\u201d color=\u201d#FFFFFF\u201d bg_color=\u201d#F98D00\u2033 css=\u201d.vc_custom_1762419500339{background-color: #F98D00 !important;}\u201d][\/vc_column][\/vc_row][vc_row padding_size=\u201dno-padding\u201d][vc_column width=\u201d1\/2\u2033][vc_empty_space][vc_column_text][\/vc_column_text][vc_empty_space height=\u201d26px\u201d][wyde_info_box title=\u201dBesuch der Itolish [&hellip;]<\/p>\n","protected":false},"author":2,"featured_media":0,"parent":0,"menu_order":0,"comment_status":"closed","ping_status":"closed","template":"","meta":{"footnotes":""},"class_list":["post-11887","page","type-page","status-publish","hentry"],"_links":{"self":[{"href":"https:\/\/mara-siria-camp.com\/de\/wp-json\/wp\/v2\/pages\/11887","targetHints":{"allow":["GET"]}}],"collection":[{"href":"https:\/\/mara-siria-camp.com\/de\/wp-json\/wp\/v2\/pages"}],"about":[{"href":"https:\/\/mara-siria-camp.com\/de\/wp-json\/wp\/v2\/types\/page"}],"author":[{"embeddable":true,"href":"https:\/\/mara-siria-camp.com\/de\/wp-json\/wp\/v2\/users\/2"}],"replies":[{"embeddable":true,"href":"https:\/\/mara-siria-camp.com\/de\/wp-json\/wp\/v2\/comments?post=11887"}],"version-history":[{"count":0,"href":"https:\/\/mara-siria-camp.com\/de\/wp-json\/wp\/v2\/pages\/11887\/revisions"}],"wp:attachment":[{"href":"https:\/\/mara-siria-camp.com\/de\/wp-json\/wp\/v2\/media?parent=11887"}],"curies":[{"name":"wp","href":"https:\/\/api.w.org\/{rel}","templated":true}]}}