{"id":14038,"date":"2025-11-08T07:29:45","date_gmt":"2025-11-08T07:29:45","guid":{"rendered":"https:\/\/mara-siria-camp.com\/die-grosse-gnu-wanderung-kompletter-guide\/"},"modified":"2026-04-14T13:35:45","modified_gmt":"2026-04-14T13:35:45","slug":"die-grosse-gnuwanderung-kompletter-guide","status":"publish","type":"page","link":"https:\/\/mara-siria-camp.com\/de\/die-grosse-gnuwanderung-kompletter-guide\/","title":{"rendered":"Die gro\u00dfe Gnuwanderung: Kompletter Guide"},"content":{"rendered":"<div class=\"wpb-content-wrapper\"><p>[vc_row][vc_column width=\u201d1\/3\u2033][wyde_heading style=\u201d10\u2033 title=\u201dThe Great Migration\u201d subheading=\u201dGuide\u201d subheading_color=\u201d#000000BD\u201d][vc_empty_space height=\u201d50px\u201d][vc_single_image img_size=\u201daoraki-medium\u201d image=\u201d12351\u2033][\/vc_column][vc_column width=\u201d2\/3\u2033][vc_empty_space height=\u201d10px\u201d][vc_custom_heading text=\u201d<i>Jedes Jahr entfaltet sich in Ostafrika eines der beeindruckendsten Naturschauspiele der Welt \u2013 die Gro\u00dfe Gnuwanderung. \u00dcber 1,5 Millionen Gnus, begleitet von unz\u00e4hligen Zebras und Gazellen, ziehen auf ihrer gef\u00e4hrlichen Reise durch das Serengeti-Mara-\u00d6kosystem, immer auf der Suche nach frischem Gras und Wasser. Die Gro\u00dfe Gnu Wanderung ist eines der weltweit \u00e4ltesten und urspr\u00fcnglichsten Naturereignisse. Angetrieben wird sie von einem einzigen, uralten Instinkt \u2013 dem Drang zu \u00dcberleben. <\/i>\u201d font_container=\u201dtag:p|font_size:18px|text_align:left|color:%23333333\u2033 use_theme_fonts=\u201dyes\u201d][vc_empty_space height=\u201d50px\u201d][vc_column_text]<\/p>\n<h4 id=\"in-diesem-guide-lesen-sie\">In diesem Guide lesen Sie:<\/h4>\n<ul>\n<li><a href=\"#origin\">Ursprung, Tierwelt &amp; Geschichte der Gnuwanderung<\/a><\/li>\n<li><a href=\"#time\">Zeitverlauf \u2013 was passiert wann<\/a><\/li>\n<li><a href=\"#best\">Wo und wann man die Migration am besten erleben kann<\/a><\/li>\n<li><a href=\"#experience\">H\u00f6hepunkte auf einer Safari w\u00e4hrend der Gnuwanderung<\/a><\/li>\n<li><a href=\"#tips\">Reisetipps &amp; Planung<\/a><\/li>\n<li><a href=\"#book\">Bereit, die Gnuwanderung in der Masai Mara zu erleben? Buchen Sie noch heute Ihre Safari! <\/a><\/li>\n<\/ul>\n<p>[\/vc_column_text][\/vc_column][\/vc_row][vc_row el_id=\u201dorigin\u201d][vc_column][vc_empty_space height=\u201d80px\u201d][wyde_heading title=\u201dUrsprung, Tierwelt &amp; Geschichte der Gnuwanderung\u201d][vc_empty_space][\/vc_column][\/vc_row][vc_row][vc_column width=\u201d1\/2\u2033][vc_column_text]Die Wanderung beginnt auf den s\u00fcdlichen Ebenen der Serengeti, wo sich die Herden in riesigen Zahlen zum Grasen und zur Geburt versammeln. Jedes Jahr werden zwischen Januar und M\u00e4rz sch\u00e4tzungsweise 500.000 Jungtiere innerhalb weniger Wochen geboren \u2013 ein Ph\u00e4nomen, das als Kalbungszeit bekannt ist.<\/p>\n<p>Doch wo neues Leben entsteht, lauert die Gefahr. L\u00f6wen, Hy\u00e4nen, Leoparden und Geparden sind stets in der N\u00e4he, wodurch diese Phase der Migration gleicherma\u00dfen brutal wie atemberaubend sch\u00f6n ist.<\/p>\n<p>Die Herden folgen einem <b>endlosen Zyklus<\/b> und legen dabei jedes Jahr etwa <b>3.000 km<\/b> zur\u00fcck, stets den Regenf\u00e4llen und saftigeren Weiden hinterher. Wenn die Trockenzeit einsetzt, zieht die gigantische Tierkarawane nach Norden und erreicht rund im <b>Juli <\/b>die <a href=\"https:\/\/mara-siria-camp.com\/de\/masai-mara-mara-triangle-conservancy\/\">Masai Mara<\/a> in Kenia. Dort bleiben sie bis <b>Oktober<\/b>, bevor sie ihren R\u00fcckweg antreten.<\/p>\n<p><strong>Diese Wanderung ist nicht nur ein Tierph\u00e4nomen \u2013 sie ist ein wesentlicher Teil des \u00d6kosystems: Sie sorgt f\u00fcr gesunde Graslandschaften, verteilt Samen und erh\u00e4lt die Populationen der Raubtiere.<\/strong>[\/vc_column_text][\/vc_column][vc_column width=\u201d1\/2\u2033][wyde_info_box icon=\u201dfa fa-info\u201d icon_size=\u201dmedium\u201d icon_style=\u201dcircle\u201d color=\u201d#FF9C32\u2033 title=\u201dTiere, die Teil der Gro\u00dfen Gnu Wanderung sind\u201d css=\u201d.vc_custom_1762521384485{border-top-width: 2px !important;border-right-width: 2px !important;border-bottom-width: 2px !important;border-left-width: 2px !important;padding-top: 40px !important;padding-right: 50px !important;padding-bottom: 20px !important;padding-left: 50px !important;border-left-style: solid !important;border-right-style: solid !important;border-top-style: solid !important;border-bottom-style: solid !important;border-color: #DD9933 !important;}\u201d]<\/p>\n<ul>\n<li style=\"text-align: left;\"><b>Gnus (Blaues Gnu) <\/b>\u2013 Die Hauptakteure der Migratio<\/li>\n<li style=\"text-align: left;\"><b>Burchell-Zebras<\/b> \u2013 F\u00fchren oft die Herden an, mit besserem Ged\u00e4chtnis und Sehsinn<\/li>\n<li style=\"text-align: left;\"><b>Thomson- und Grant-Gazellen<\/b> \u2013 Schnell und aufmerksam, kleinere Pflanzenfresser<\/li>\n<li style=\"text-align: left;\"><b>Raubtiere <\/b>\u2013 L\u00f6wen, Hy\u00e4nen, Geparden, Leoparden, Krokodile<\/li>\n<\/ul>\n<p>[\/wyde_info_box][\/vc_column][\/vc_row][vc_row el_id=\u201dtime\u201d][vc_column][vc_empty_space height=\u201d60px\u201d][wyde_heading title=\u201dMigration hautnah: Zeitplan und H\u00f6hepunkte im \u00dcberblick\u201d][vc_empty_space height=\u201d20px\u201d][vc_custom_heading text=\u201d<i>Die Gnuwanderung findet das ganze Jahr \u00fcber statt, doch was Sie zu sehen bekommen, h\u00e4ngt ganz davon ab, wann Sie reisen. Hier ist eine \u00dcbersicht: <\/i>\u201d font_container=\u201dtag:p|font_size:18px|text_align:left|color:%23333333\u2033 use_theme_fonts=\u201dyes\u201d][vc_empty_space height=\u201d40px\u201d][vc_row_inner][vc_column_inner width=\u201d1\/2\u2033][vc_single_image img_size=\u201dlarge\u201d image=\u201d12363\u2033][vc_empty_space][vc_single_image img_size=\u201dlarge\u201d image=\u201d12361\u2033][\/vc_column_inner][vc_column_inner width=\u201d1\/2\u2033][vc_column_text]<\/p>\n<h4 id=\"januar-maerz\"><span class=\"highlight\">Januar \u2013 M\u00e4rz:<\/span><\/h4>\n<p><b>Ort<\/b>: S\u00fcdliche Serengeti \/ Ndutu:<br>\n<b>Highlights<\/b>: Kalbungszeit. Riesige Herden und dramatische Begegnungen zwischen R\u00e4ubern und Beute.<br>\n<b>Ideal f\u00fcr<\/b>: Fotografen und Liebhaber gro\u00dfer Katzen<\/p>\n<h4 id=\"april-mai\"><span class=\"highlight\">April \u2013 Mai:<\/span><\/h4>\n<p><b>Ort<\/b>: Zentral Serengeti<br>\n<b>Highlights<\/b>: Wandernde Herden, sattgr\u00fcne Landschaften und entspannte Besucherzahlen<br>\n<b>Ideal f\u00fcr<\/b>: Safaris in der Gr\u00fcnen Saison und ruhigere Erlebnisse<\/p>\n<h4 id=\"juni-juli\"><span class=\"highlight\">Juni \u2013 Juli:<\/span><\/h4>\n<p><b>Ort<\/b>: West Serengeti &amp; Grumeti<br>\n<b>Highlights<\/b>: Start der Grumeti-Fluss\u00fcberquerungen mit dramatischen Krokodil-Attacken<br>\n<b>Ideal f\u00fcr<\/b>: Beginn der Trockenzeit beginnt, Spannung auf das gro\u00dfe Migrationserlebnis steigt<\/p>\n<h4 id=\"juli-oktober\"><span class=\"highlight\">Juli \u2013 Oktober:<\/span><\/h4>\n<p><b>Ort<\/b>: <b>Masai Mara, Kenia<\/b><br>\n<b>Highlights<\/b>:Spektakul\u00e4re Mara Fluss\u00fcberquerungen, Gro\u00dfkatzen in Aktion, Ideale Tierbeobachtung<br>\nIdeal f\u00fcr: Erstbesucher, unvergessliche Safari-Erlebnisse<\/p>\n<h4 id=\"november-dezember\"><span class=\"highlight\">November \u2013 Dezember:<\/span><\/h4>\n<p><b>Or&gt; <\/b>Nord Serengeti und \u00dcbergang in die s\u00fcdlichen Ebenen<br>\n<b>Highlights<\/b>: Beginn der R\u00fcckreise, gute Tierbeobachtungen bei weniger Besuchern<br>\n<b>Im Mara Siria<\/b>, ist die <a href=\"https:\/\/mara-siria-camp.com\/de\/game-drives-im-masai-mara-triangle\/\">Beste Zeit f\u00fcr einen Besuch<\/a> von <b>Mitte Juni bis Anfrang Oktober<\/b>, besonders wenn Sie die actionreichen&gt;<b>Fluss\u00fcberquerungen <\/b>erleben m\u00f6chten.[\/vc_column_text][\/vc_column_inner][\/vc_row_inner][\/vc_column][\/vc_row][vc_row el_id=\u201dbest\u201d][vc_column][vc_empty_space height=\u201d60px\u201d][wyde_heading title=\u201dWo und wann man die Gnuwanderung am besten sieht\u201d][vc_empty_space][vc_row_inner][vc_column_inner width=\u201d1\/2\u2033][vc_column_text]<\/p>\n<h4 id=\"wo-ist-der-beste-ort-die-gnuwanderung-zu-erleben\">Wo ist der beste Ort, die Gnuwanderung zu erleben?<\/h4>\n<p>Die spektakul\u00e4rsten H\u00f6hepunkte der Migration spielen sich in der <b>Masai Mara<\/b> ab, vor allem am <b>Mara-Fluss<\/b> \u2013 und der perfekte Aussichtspunkt daf\u00fcr? Das <b><a href=\"https:\/\/mara-siria-camp.com\/overview-facilities-mara-siria-camp\/\">Mara Siria Camp<\/a><\/b>.<\/p>\n<p>Auf dem <strong>Siria-Plateau<\/strong> gelegen, bietet das Camp einen <b>atemberaubenden Blick \u00fcber die Ebenen der Masai Mara <\/b>und erm\u00f6glicht zugleich einfachen Zugang zum Masai Mara-Triangle, wo die spektakul\u00e4ren Fluss\u00fcberquerungen stattfinden.<\/p>\n<p><strong>Dar\u00fcber hinaus bietet diese Region:<\/strong><\/p>\n<ul>\n<li><strong>Weniger Touristen als in der zentralen Masai Mara (National Reserve)<\/strong><\/li>\n<li><strong>Einfacher Zugang zum Mara-Fluss<\/strong><\/li>\n<li><strong>Hervorragende M\u00f6glichkeiten f\u00fcr Fotos<\/strong><\/li>\n<li><strong>Perfekte Lage f\u00fcr Hei\u00dflluftballon Safaris<\/strong><\/li>\n<\/ul>\n<p>Von unserem Safari Camp, erreichen unsere G\u00e4ste das Masai Mara Triangle \u00fcber das <a href=\"https:\/\/www.kenyamasaimarasafaris.com\/information\/oloololo-gate\/\" target=\"_blank\" rel=\"noopener\">Oloololo Gate<\/a> in ca 15 Minuten und und sehen oft bereits im Camp oder auf dem Weg dorthin Wildtiere. Die erh\u00f6hte Lage sorgt nicht nur f\u00fcr k\u00fchle Brisen und weite Ausblicke, sondern bringt Sie auch mitten in eine der wildreichsten Gebiete des Masai Mara Triangle.[\/vc_column_text][\/vc_column_inner][vc_column_inner width=\u201d1\/2\u2033][wyde_info_box icon=\u201dfa fa-thumbs-o-up\u201d icon_size=\u201dmedium\u201d icon_style=\u201dcircle\u201d color=\u201d#FF9C32\u2033 title=\u201dUnser Tipp l Die Reisezeiten zur Migration\u201d css=\u201d.vc_custom_1762522727593{border-top-width: 2px !important;border-right-width: 2px !important;border-bottom-width: 2px !important;border-left-width: 2px !important;padding-top: 40px !important;padding-right: 50px !important;padding-bottom: 20px !important;padding-left: 50px !important;border-left-style: solid !important;border-right-style: solid !important;border-top-style: solid !important;border-bottom-style: solid !important;border-color: #DD9933 !important;}\u201d]<\/p>\n<ul>\n<li style=\"font-weight: 400; text-align: left;\" aria-level=\"1\"><b>Juli bis Oktober<\/b><span style=\"font-weight: 400;\">: Hochsaison f\u00fcr die Fluss\u00fcberquerungen<\/span><\/li>\n<li style=\"font-weight: 400; text-align: left;\" aria-level=\"1\"><b>August und September<\/b>:<span style=\"font-weight: 400;\"> Gr\u00f6\u00dfte Chancen die Herden zu beobachten<\/span><\/li>\n<li style=\"font-weight: 400; text-align: left;\" aria-level=\"1\"><b>Juni &amp; Anfang Oktober<\/b>: <span style=\"font-weight: 400;\">Weniger Touristen und immernoch Chancen auf Sichtungen<\/span><\/li>\n<\/ul>\n<p style=\"text-align: left;\"><span class=\"highlight\"><b>Bonus Tipp:<\/b> Bleiben Sie <span style=\"font-weight: 400;\">mindestens <b>3 N\u00e4chte<\/b><\/span> \u2013<span style=\"font-weight: 400;\"> so steigen Ihre Chancen, eine spektakul\u00e4re Fluss\u00fcberquerung mitzuerleben!<\/span><\/span><\/p>\n<p>[\/wyde_info_box][\/vc_column_inner][\/vc_row_inner][\/vc_column][\/vc_row][vc_row el_id=\u201dexperience\u201d][vc_column][vc_empty_space height=\u201d60px\u201d][wyde_heading title=\u201dH\u00f6hepunkte einer Safari w\u00e4hrend der Gnu Wanderung\u201d][vc_empty_space][vc_custom_heading text=\u201d<i>Die Migration bietet weit mehr als nur endlose Tierherden \u2013 sie ist eine mitrei\u00dfende, emotionale Safari voller unvergesslicher Erlebnisse. Das erwartet Sie: <\/i>\u201d font_container=\u201dtag:p|font_size:18px|text_align:left|color:%23333333\u2033 use_theme_fonts=\u201dyes\u201d][vc_empty_space height=\u201d60px\u201d][vc_single_image image=\u201d12357\u2033][vc_empty_space height=\u201d60px\u201d][\/vc_column][\/vc_row][vc_row][vc_column width=\u201d1\/3\u2033][vc_column_text]<\/p>\n<h4 id=\"spektakulaere-flussueberquerungen\">Spektakul\u00e4re Fluss\u00fcberquerungen:<\/h4>\n<p>Zweifellos das Highlight der Migration. Tausende Gnus st\u00fcrzen gleichzeitig in den Fluss, k\u00e4mpfen gegen die rei\u00dfende Str\u00f6mung und lauernde Krokodile \u2013 ein unvergessliches Spektakel aus Chaos, Spannung und purer Sch\u00f6nheit.[\/vc_column_text][vc_empty_space height=\u201d60px\u201d][\/vc_column][vc_column width=\u201d1\/3\u2033][vc_column_text]<\/p>\n<h4 id=\"begegnungen-mit-raubtieren\">Begegnungen mit Raubtieren:<\/h4>\n<p>Wo riesige Herden ziehen, warten die Raubtiere nicht lange. L\u00f6wen patrouillieren majest\u00e4tisch durch die Graslandschaften, Geparden sprinten in atemberaubender Geschwindigkeit ihren Beutetieren hinterher, Hy\u00e4nen durchstreifen die Steppe auf der Suche nach einem schnellen Snack, und Krokodile lauern geduldig im Wasser. Solche packenden, adrenalingeladenen Momente geh\u00f6ren w\u00e4hrend der Migrationszeit zum t\u00e4glichen Spektakel.[\/vc_column_text][vc_empty_space height=\u201d60px\u201d][\/vc_column][vc_column width=\u201d1\/3\u2033][vc_column_text]<\/p>\n<h4 id=\"heissluftballon-safari\">Hei\u00dfluftballon Safari:<\/h4>\n<p>Gleiten Sie lautlos \u00fcber die Savanne, wenn die Sonne aufgeht und die Herden darunter ihren Weg ziehen \u2013 ein unvergessliches Erlebnis, das alle Sinne ber\u00fchrt.[\/vc_column_text][vc_empty_space height=\u201d60px\u201d][\/vc_column][\/vc_row][vc_row el_id=\u201dtips\u201d][vc_column][wyde_heading title=\u201dTipps und Hinweise f\u00fcr Ihre Safari-Planung\u201d][vc_empty_space][vc_custom_heading text=\u201d<i>Die Planung Ihrer Migrations-Safari muss nicht kompliziert sein. Hier einige hilfreiche Tipps: <\/i>\u201d font_container=\u201dtag:p|font_size:18px|text_align:left|color:%23333333\u2033 use_theme_fonts=\u201dyes\u201d][vc_empty_space height=\u201d60px\u201d][\/vc_column][\/vc_row][vc_row][vc_column width=\u201d1\/3\u2033][vc_column_text]<\/p>\n<h4 id=\"packtipps-fuer-ihre-safari\">Packtipps f\u00fcr Ihre Safari:<\/h4>\n<ul>\n<li>Kleidung in neutralen T\u00f6nen und vermeiden Sie grelle Farben<\/li>\n<li>Fernglas und Kamera mit Teleobjektiv<\/li>\n<li>Warme Kleidung f\u00fcr die k\u00fchlen Morgenstunden<\/li>\n<li>Sonnencreme, Insektenschutzmittel, ein breitkrempiger Hut<\/li>\n<\/ul>\n<p>[\/vc_column_text][vc_empty_space height=\u201d60px\u201d][\/vc_column][vc_column width=\u201d1\/3\u2033][vc_column_text]<\/p>\n<h4 id=\"anreise\">Anreise:<\/h4>\n<ul>\n<li><b>Mit dem Auto:<\/b> In etwa 5\u20136 Stunden von Nairobi erreichbar.<\/li>\n<li><b>Mit dem Flugzeug:<\/b> T\u00e4gliche Fl\u00fcge von Nairobi oder Mombasa\/Malindi und Diani zum Kichwa Tembo Airstrip<\/li>\n<\/ul>\n<p>[\/vc_column_text][\/vc_column][vc_column width=\u201d1\/3\u2033][vc_column_text]<\/p>\n<h4 id=\"experten-tipp\">Experten Tipp:<\/h4>\n<p><b class=\"highlight\">Buchen Sie fr\u00fchzeitig<\/b> \u2014<strong> Die Zeit der Gnu Wanderung ist besonders gefragt, vor allem zwischen Juli und September. F\u00fcr die beste Verf\u00fcgbarkeit empfiehlt es sich, mindestens 6 Monate im Voraus zu buchen. <\/strong>[\/vc_column_text][\/vc_column][\/vc_row][vc_row el_id=\u201dfaq\u201d][vc_column][wyde_heading title=\u201dH\u00e4ufig gestellte Fragen\u201d][vc_empty_space height=\u201d60px\u201d][wyde_toggle title=\u201dWird die Gnuwanderung sicher w\u00e4hrend meiner Safari zu sehen sein?\u201d open=\u201dtrue\u201d]Auch wenn die Natur sich nicht steuern l\u00e4sst, haben Sie zwischen <b>Juli und Oktober <\/b>in der Masai Mara sehr gute Chancen, riesige Herden und spektakul\u00e4re Fluss\u00fcberquerungen zu beobachten<span style=\"color: #ffffff;\">.<\/span>[\/wyde_toggle][wyde_toggle title=\u201dSind die Safari-Pirschfahrten bereits im Aufenthalt enthalten?\u201d]Ja \u2013 Pirschfahrten im Masai Mara Triangle sind in allen Paketen (\u201eGround\u201c, \u201eRoad\u201c und \u201eFlying\u201c) inklusive. Die Eintrittsgeb\u00fchren f\u00fcr die Masai Mara sind separat zu entrichten, ausser sie wurden zus\u00e4tzlich in Ihr Paket inkludiert.<br>\n<span style=\"color: #ffffff;\">\u2013<\/span>[\/wyde_toggle][wyde_toggle title=\u201dKann ich mit Kindern reisen?\u201d]Auf jeden Fall! Das Mara Siria Safari Camp hei\u00dft Familien herzlich willkommen und bietet Unterk\u00fcnfte sowie Aktivit\u00e4ten, die f\u00fcr Gro\u00df und Klein geeignet sind. [\/wyde_toggle][wyde_toggle title=\u201dIst es sicher?\u201d]Ja \u2013 alle unsere Guides sind bestens geschult, und das Safari-Camp garantiert ein sicheres, zugleich authentisches Erlebnis.<br>\n<span style=\"color: #ffffff;\">\u2013<\/span>[\/wyde_toggle][wyde_toggle title=\u201dWorin besteht der Unterschied zwischen den \u201eFlying\u201c und \u201eRoad\u201c Masai-Mara-Paketen?\u201d]<b>Flying Packages<\/b> bieten Geschwindigkeit und Komfort, w\u00e4hrend <b>Road Packages <\/b>die volle landschaftliche Route erleben lassen und ideal f\u00fcr Reisende mit mehr Zeit oder einem kleineren Budget sind. Bei den Flying-Paketen finden die Pirschfahrten in den offenen Safari-Fahrzeugen des Camps statt und werden geteilt. Road-Pakete hingegen beinhalten einen privaten Gel\u00e4ndewagen. [\/wyde_toggle][vc_empty_space height=\u201d60px\u201d][\/vc_column][\/vc_row][vc_row][vc_column width=\u201d1\/2\u2033][vc_single_image image=\u201d12355\u2033][\/vc_column][vc_column width=\u201d1\/2\u2033][vc_single_image image=\u201d12353\u2033][\/vc_column][\/vc_row][vc_row el_id=\u201dbook\u201d][vc_column][vc_empty_space height=\u201d20px\u201d][vc_column_text]<\/p>\n<h2 id=\"bereit-fuer-unvergessliche-wildbegegnungen-ihre-safari-wartet-jetzt-buchen\">Bereit f\u00fcr unvergessliche Wildbegegnungen? Ihre Safari wartet \u2013 jetzt buchen!<\/h2>\n<p>Die Gnu-Migration ist weit mehr als ein blo\u00dfes Naturspektakel \u2013 sie ist ein tief ber\u00fchrendes, spirituelles Erlebnis, das Sie direkt mit der wilden Sch\u00f6nheit Afrikas verbindet.<br>\nIm <b>Mara Siria Tented Bush Camp<\/b> sind Sie nicht nur Gast \u2013 Sie werden Teil dieser Geschichte.&lt;<\/p>\n<p><b>Tr\u00e4umen Sie nicht nur davon \u2013 erleben Sie es hautnah.<\/b>[\/vc_column_text][vc_empty_space][wyde_link_button size=\u201dlarge\u201d title=\u201dJetzt Buchen\u201d link=\u201durl:mailto%3Ainfo%40mara-siria-camp.com%3Fsubject%3AGreat%20migration%20offer\u201d][vc_empty_space][\/vc_column][\/vc_row]<\/p>\n<\/div>","protected":false},"excerpt":{"rendered":"<p>[vc_row][vc_column width=\u201d1\/3\u2033][wyde_heading style=\u201d10\u2033 title=\u201dThe Great Migration\u201d subheading=\u201dGuide\u201d subheading_color=\u201d#000000BD\u201d][vc_empty_space height=\u201d50px\u201d][vc_single_image img_size=\u201daoraki-medium\u201d image=\u201d12351\u2033][\/vc_column][vc_column width=\u201d2\/3\u2033][vc_empty_space height=\u201d10px\u201d][vc_custom_heading text=\u201dJedes Jahr entfaltet sich in Ostafrika eines der beeindruckendsten Naturschauspiele der Welt \u2013 die Gro\u00dfe Gnuwanderung. \u00dcber 1,5 Millionen Gnus, begleitet von unz\u00e4hligen Zebras und Gazellen, ziehen auf ihrer gef\u00e4hrlichen Reise durch das Serengeti-Mara-\u00d6kosystem, immer auf der Suche nach frischem Gras und [&hellip;]<\/p>\n","protected":false},"author":4,"featured_media":12349,"parent":0,"menu_order":0,"comment_status":"closed","ping_status":"closed","template":"","meta":{"footnotes":""},"class_list":["post-14038","page","type-page","status-publish","has-post-thumbnail","hentry"],"_links":{"self":[{"href":"https:\/\/mara-siria-camp.com\/de\/wp-json\/wp\/v2\/pages\/14038","targetHints":{"allow":["GET"]}}],"collection":[{"href":"https:\/\/mara-siria-camp.com\/de\/wp-json\/wp\/v2\/pages"}],"about":[{"href":"https:\/\/mara-siria-camp.com\/de\/wp-json\/wp\/v2\/types\/page"}],"author":[{"embeddable":true,"href":"https:\/\/mara-siria-camp.com\/de\/wp-json\/wp\/v2\/users\/4"}],"replies":[{"embeddable":true,"href":"https:\/\/mara-siria-camp.com\/de\/wp-json\/wp\/v2\/comments?post=14038"}],"version-history":[{"count":1,"href":"https:\/\/mara-siria-camp.com\/de\/wp-json\/wp\/v2\/pages\/14038\/revisions"}],"predecessor-version":[{"id":14212,"href":"https:\/\/mara-siria-camp.com\/de\/wp-json\/wp\/v2\/pages\/14038\/revisions\/14212"}],"wp:featuredmedia":[{"embeddable":true,"href":"https:\/\/mara-siria-camp.com\/de\/wp-json\/wp\/v2\/media\/12349"}],"wp:attachment":[{"href":"https:\/\/mara-siria-camp.com\/de\/wp-json\/wp\/v2\/media?parent=14038"}],"curies":[{"name":"wp","href":"https:\/\/api.w.org\/{rel}","templated":true}]}}