{"id":2937,"date":"2020-05-13T10:45:03","date_gmt":"2020-05-13T10:45:03","guid":{"rendered":"https:\/\/mara-siria-camp.com\/zimmer\/"},"modified":"2025-09-05T17:57:06","modified_gmt":"2025-09-05T17:57:06","slug":"unterkunft","status":"publish","type":"page","link":"https:\/\/mara-siria-camp.com\/de\/unterkunft\/","title":{"rendered":"Zelte &amp; Cottages"},"content":{"rendered":"<div class=\"wpb-content-wrapper\"><p>[vc_row][vc_column width=\u201d1\/3\u2033][wyde_heading style=\u201d10\u2033 title=\u201dUnterkunft\u201d subheading=\u201dSchlaft gut\u201d][\/vc_column][vc_column width=\u201d2\/3\u2033][vc_custom_heading text=\u201d<i>Unser Luxus Safari Camp bietet exklusive Masai Mara Unterk\u00fcnfte in insgesamt 16 Zelten und Cottages. Alle Unterk\u00fcnfte verf\u00fcgen \u00fcber ein eigenes Bad sowie eine private Terrasse, \u2013 der ideale Ort, um nach einem ereignisreichen Masai Mara Safari Tag Ihre Eindr\u00fccke Revue passieren zu lassen. Elektrisches Licht wird umweltfreundlich mit Solarenergie erzeugt und ist 24 Stunden am Tag verf\u00fcgbar.<\/i>\u201d font_container=\u201dtag:p|font_size:18px|text_align:left\u201d use_theme_fonts=\u201dyes\u201d][vc_empty_space][wyde_link_button icon=\u201dfa fa-long-arrow-right\u201d size=\u201dlarge\u201d title=\u201dJetzt Online Buchen\u201d link=\u201durl:https%3A%2F%2Fmara-siria-camp.com%2Fbooking%2F|title:Booking\u201d color=\u201d#FFFFFF\u201d bg_color=\u201d#F98D00\u2033 css=\u201d.vc_custom_1757057620227{background-color: #F98D00 !important;}\u201d][\/vc_column][\/vc_row][vc_row][vc_column][vc_empty_space height=\u201d50px\u201d][\/vc_column][\/vc_row][vc_row][vc_column width=\u201d1\/2\u2033][vc_column_text]<img loading=\"lazy\" decoding=\"async\" class=\"aligncenter wp-image-10968 size-large\" src=\"https:\/\/mara-siria-camp.com\/wp-content\/uploads\/2025\/02\/Deluxe-Inside-2-980x490.jpg\" alt=\"Deluxe-Zelt im Masai Mara Luxury Safari Camp\" width=\"980\" height=\"490\" srcset=\"https:\/\/mara-siria-camp.com\/wp-content\/uploads\/2025\/02\/Deluxe-Inside-2-980x490.jpg 980w, https:\/\/mara-siria-camp.com\/wp-content\/uploads\/2025\/02\/Deluxe-Inside-2-400x200.jpg 400w, https:\/\/mara-siria-camp.com\/wp-content\/uploads\/2025\/02\/Deluxe-Inside-2-768x384.jpg 768w, https:\/\/mara-siria-camp.com\/wp-content\/uploads\/2025\/02\/Deluxe-Inside-2-640x320.jpg 640w, https:\/\/mara-siria-camp.com\/wp-content\/uploads\/2025\/02\/Deluxe-Inside-2.jpg 1200w\" sizes=\"auto, (max-width: 980px) 100vw, 980px\">[\/vc_column_text][\/vc_column][vc_column width=\u201d1\/2\u2033][vc_column_text]<\/p>\n<h4 id=\"deluxe-zelte\"><span class=\"highlight\">Deluxe Zelte<\/span><\/h4>\n<p>[\/vc_column_text][vc_column_text]Unsere Deluxe-Zelte unseres Luxus Safari Camps liegen bieten unseren G\u00e4sten maximale Privatsph\u00e4re f\u00fcr ein ungest\u00f6rtes Naturerlebnis. Jedes Schlafzimmer ist mit einem komfortablen Kingsize-Bett oder zwei Einzelbetten ausgestattet. Das Badezimmer ist aus traditionellen Mazera-Steinen gebaut und mit einem Messingwaschbecken und einer ger\u00e4umigen Dusche ausgestattet, die beide an flie\u00dfendes Warm- und Kaltwasser angeschlossen sind. Jedes Zelt bietet eine gro\u00dfe Veranda mit atemberaubendem, einzigartigem Blick \u00fcber die Masai Mara und das Masai Mara Triangle. Als umweltbewusstes Masai Mara Luxus Camp setzen wir vollst\u00e4ndig auf Soloarstrom und bieten 24 Stunden Stromversorgung sowie unbegrenzten WLAN Internetzugang.[\/vc_column_text][\/vc_column][\/vc_row][vc_row][vc_column][vc_empty_space]<\/p><div class=\"ult_exp_section_layer ult-adjust-bottom-margin  \">\n\t\t<div id=\"uvc-exp-wrap-1245\" role=\"button\" tabindex=\"0\" aria-pressed=\"false\" data-ultimate-target=\"#uvc-exp-wrap-1245\" data-responsive-json-new='{\"font-size\":\"desktop:20px;\",\"line-height\":\"desktop:20px;\"}' class=\"ult_exp_section  ult-responsive \" style=\"color:#FFFFFF;background-color:#930E0E; font-weight:normal;  text-align:center;\" data-textcolor=\"#FFFFFF\" data-texthover=\"#333333\" data-icncolor=\"#FFFFFF\" data-ihover=\"#333333\" data-height=\"0\" data-cntbg=\"#930E0E\" data-cnthvrbg=\"#e5e5e5\" data-headerbg=\"#930E0E\" data-headerhover=\"#e5e5e5\" data-title=\"&lt;strong&gt;Fotogallerie Deluxe Zelte&lt;\/strong&gt; (Zum \u00d6ffnen bitte klicken)\" data-newtitle=\"&lt;strong&gt;Fotogallerie Deluxe Zelte&lt;\/strong&gt; (Zum \u00d6ffnen bitte klicken)\" data-icon=\"Defaults-angle-down\" data-newicon=\"Defaults-angle-down\" data-activeicon=\"#333333\" data-effect=\"slideToggle\" data-override=\"1\" data-activetitle=\"#333333\" data-activebg=\"#dbdbdb\" data-img=\"\" data-newimg=\"\"><div class=\"ult_exp_section-main ult_expright_icon\">\n\t\t\t\t\t<div class=\"ult_expheader\"><strong>Fotogallerie Deluxe Zelte<\/strong> (Zum \u00d6ffnen bitte klicken)\n\t\t\t\t\t <\/div>\t<div class=\"ult-just-icon-wrapper ult_exp_icon\">\n\t\t\t\t\t<div class=\"align-icon \">\n\t\t\t\t\t\t\n<span class=\"aio-icon  none  ult_expsection_icon \" style=\"color:#FFFFFF;font-size:32px;display:inline-block;\">\n\t<i class=\"Defaults-angle-down ult_ex_icon\"><\/i>\n<\/span>\n\t\t\t\t\t<\/div>\n\t\t\t\t<\/div><\/div>\n\t\t\t\t<\/div><div class=\"ult_exp_content \" style=\"background-color:#FFFFFF;  \"><div class=\"ult_ecpsub_cont\" style=\" \">[wyde_image_gallery gallery_type=\u201dgrid w-space\u201d columns=\u201d5\u2033 images=\u201d10978,10979,10980,10981,10982,10983,10984,10985,10986,10987\u2033]<\/div><\/div>\n\n\t\t\t<\/div>[\/vc_column][\/vc_row][vc_row][vc_column][vc_empty_space height=\u201d50px\u201d][\/vc_column][\/vc_row][vc_row][vc_column width=\u201d1\/2\u2033][vc_column_text]<img loading=\"lazy\" decoding=\"async\" class=\"aligncenter wp-image-10991 size-large\" src=\"https:\/\/mara-siria-camp.com\/wp-content\/uploads\/2025\/02\/Family-room-complete-scaled-1-980x552.jpg\" alt=\"Deluxe-Zelt f\u00fcr Familien Innenansicht des Zelts mit Betten im Safari Camp\" width=\"980\" height=\"552\" srcset=\"https:\/\/mara-siria-camp.com\/wp-content\/uploads\/2025\/02\/Family-room-complete-scaled-1-980x552.jpg 980w, https:\/\/mara-siria-camp.com\/wp-content\/uploads\/2025\/02\/Family-room-complete-scaled-1-400x225.jpg 400w, https:\/\/mara-siria-camp.com\/wp-content\/uploads\/2025\/02\/Family-room-complete-scaled-1-768x432.jpg 768w, https:\/\/mara-siria-camp.com\/wp-content\/uploads\/2025\/02\/Family-room-complete-scaled-1-1536x865.jpg 1536w, https:\/\/mara-siria-camp.com\/wp-content\/uploads\/2025\/02\/Family-room-complete-scaled-1-640x360.jpg 640w, https:\/\/mara-siria-camp.com\/wp-content\/uploads\/2025\/02\/Family-room-complete-scaled-1-960x540.jpg 960w, https:\/\/mara-siria-camp.com\/wp-content\/uploads\/2025\/02\/Family-room-complete-scaled-1-1280x721.jpg 1280w, https:\/\/mara-siria-camp.com\/wp-content\/uploads\/2025\/02\/Family-room-complete-scaled-1.jpg 1920w\" sizes=\"auto, (max-width: 980px) 100vw, 980px\">[\/vc_column_text][\/vc_column][vc_column width=\u201d1\/2\u2033][vc_column_text]\n<h4 id=\"deluxe-familienzelt\"><span class=\"highlight\">Deluxe Familienzelt<br>\n<\/span><\/h4>\n<p>[\/vc_column_text][vc_column_text]Unser ger\u00e4umiges Deluxe Familienzelt ist mit einem komfortablen Kingsize-Bett und zwei Einzelbetten ausgestattet. So kann Ihre ganze Familie das volle Luxus Safari Camp Erlebnis gemeinsam genie\u00dfen. Das Deluxe Familienzelt bietet die gleichen Annehmlichkeiten wie unsere Deluxe Doppelzelte. Das Badezimmer aus Mazera-Steinen ist mit Messingwaschbecken und der ger\u00e4umigen Dusche ausgestattet \u2013 selbstverst\u00e4ndlich auch mit Warm- und Kaltwasser.<br>\nDie verl\u00e4ngerte Veranda jedes Zeltes bietet einen atemberaubenden Blick \u00fcber die Masai Mara-Ebenen und das ber\u00fchmte Masai Mara Triangle\u2013 ein Highlight jeder Masai Mara Safari. Internet per Wi-Fi ist jederzeit verf\u00fcgbar, sodass Sie Ihre Erlebnisse in unserem Safari Camp direkt mit Ihren Liebsten teilen k\u00f6nnen.[\/vc_column_text][\/vc_column][\/vc_row][vc_row][vc_column][vc_empty_space]<\/p><div class=\"ult_exp_section_layer ult-adjust-bottom-margin  \">\n\t\t<div id=\"uvc-exp-wrap-8447\" role=\"button\" tabindex=\"0\" aria-pressed=\"false\" data-ultimate-target=\"#uvc-exp-wrap-8447\" data-responsive-json-new='{\"font-size\":\"desktop:20px;\",\"line-height\":\"desktop:20px;\"}' class=\"ult_exp_section  ult-responsive \" style=\"color:#FFFFFF;background-color:#930E0E; font-weight:normal;  text-align:center;\" data-textcolor=\"#FFFFFF\" data-texthover=\"#333333\" data-icncolor=\"#FFFFFF\" data-ihover=\"#333333\" data-height=\"0\" data-cntbg=\"#930E0E\" data-cnthvrbg=\"#e5e5e5\" data-headerbg=\"#930E0E\" data-headerhover=\"#e5e5e5\" data-title=\"&lt;strong&gt;Fotogallerie Deluxe Familienzelt&lt;\/strong&gt; (Zum \u00d6ffnen bitte klicken)\" data-newtitle=\"&lt;strong&gt;Fotogallerie Deluxe Familienzelt&lt;\/strong&gt; (Zum \u00d6ffnen bitte klicken)\" data-icon=\"Defaults-angle-down\" data-newicon=\"Defaults-angle-down\" data-activeicon=\"#333333\" data-effect=\"slideToggle\" data-override=\"1\" data-activetitle=\"#333333\" data-activebg=\"#dbdbdb\" data-img=\"\" data-newimg=\"\"><div class=\"ult_exp_section-main ult_expright_icon\">\n\t\t\t\t\t<div class=\"ult_expheader\"><strong>Fotogallerie Deluxe Familienzelt<\/strong> (Zum \u00d6ffnen bitte klicken)\n\t\t\t\t\t <\/div>\t<div class=\"ult-just-icon-wrapper ult_exp_icon\">\n\t\t\t\t\t<div class=\"align-icon \">\n\t\t\t\t\t\t\n<span class=\"aio-icon  none  ult_expsection_icon \" style=\"color:#FFFFFF;font-size:32px;display:inline-block;\">\n\t<i class=\"Defaults-angle-down ult_ex_icon\"><\/i>\n<\/span>\n\t\t\t\t\t<\/div>\n\t\t\t\t<\/div><\/div>\n\t\t\t\t<\/div><div class=\"ult_exp_content \" style=\"background-color:#FFFFFF;  \"><div class=\"ult_ecpsub_cont\" style=\" \">[wyde_image_gallery image_size=\u201daoraki-medium\u201d gallery_type=\u201dgrid w-space\u201d hover_effect=\u201dzoomOut\u201d images=\u201d10989,10990,10991,10992\u2033]<\/div><\/div>\n\n\t\t\t<\/div>[\/vc_column][\/vc_row][vc_row][vc_column][vc_empty_space height=\u201d50px\u201d][\/vc_column][\/vc_row][vc_row][vc_column width=\u201d1\/2\u2033][vc_column_text]<img loading=\"lazy\" decoding=\"async\" class=\"aligncenter wp-image-11005 size-large\" src=\"https:\/\/mara-siria-camp.com\/wp-content\/uploads\/2025\/02\/Luxury-Doublea-980x490.jpg\" alt=\"Luxus-Doppelzelt im Masai Mara Safari Camp- Au\u00dfenansicht\" width=\"980\" height=\"490\" srcset=\"https:\/\/mara-siria-camp.com\/wp-content\/uploads\/2025\/02\/Luxury-Doublea-980x490.jpg 980w, https:\/\/mara-siria-camp.com\/wp-content\/uploads\/2025\/02\/Luxury-Doublea-400x200.jpg 400w, https:\/\/mara-siria-camp.com\/wp-content\/uploads\/2025\/02\/Luxury-Doublea-768x384.jpg 768w, https:\/\/mara-siria-camp.com\/wp-content\/uploads\/2025\/02\/Luxury-Doublea-640x320.jpg 640w, https:\/\/mara-siria-camp.com\/wp-content\/uploads\/2025\/02\/Luxury-Doublea.jpg 1200w\" sizes=\"auto, (max-width: 980px) 100vw, 980px\">[\/vc_column_text][\/vc_column][vc_column width=\u201d1\/2\u2033][vc_column_text]\n<h4 id=\"luxury-doppel-zelte\"><span class=\"highlight\">Luxury Doppel Zelte<\/span><\/h4>\n<p>[\/vc_column_text][vc_column_text]Die Luxus Safarizelte liegen entlang des Escarpments. Jedes Zelt in unserem Safari Camp verf\u00fcgt \u00fcber ein Schlafzimmer mit Kingsize-Bett, Nachttische mit Leselampen, einen kleinen Schreibtisch sowie Stauraum. Das private Badezimmer ist mit einer Safaridusche ausgestattet, und von der eigenen Terrasse genie\u00dfen unsere G\u00e4ste die Ruhe.<br>\nDie Beleuchtung erfolgt \u00fcber Solarstrom, Steckdosen gibt es in den Zelten bewusst nicht \u2013 ein Detail, das zur authentischen Safari-Atmosph\u00e4re beitr\u00e4gt. Auf Wunsch kann in jedem Zelt ein zus\u00e4tzliches Bett bereitgestellt werden \u2013 perfekt f\u00fcr flexible Masai Mara Unterk\u00fcnfte.[\/vc_column_text][\/vc_column][\/vc_row][vc_row][vc_column][vc_empty_space]<\/p><div class=\"ult_exp_section_layer ult-adjust-bottom-margin  \">\n\t\t<div id=\"uvc-exp-wrap-9856\" role=\"button\" tabindex=\"0\" aria-pressed=\"false\" data-ultimate-target=\"#uvc-exp-wrap-9856\" data-responsive-json-new='{\"font-size\":\"desktop:20px;\",\"line-height\":\"desktop:20px;\"}' class=\"ult_exp_section  ult-responsive \" style=\"color:#FFFFFF;background-color:#930E0E; font-weight:normal;  text-align:center;\" data-textcolor=\"#FFFFFF\" data-texthover=\"#333333\" data-icncolor=\"#FFFFFF\" data-ihover=\"#333333\" data-height=\"0\" data-cntbg=\"#930E0E\" data-cnthvrbg=\"#e5e5e5\" data-headerbg=\"#930E0E\" data-headerhover=\"#e5e5e5\" data-title=\"&lt;strong&gt;Fotogallerie Luxury Doppelzelte&lt;\/strong&gt; (Zum \u00d6ffnen bitte klicken)\" data-newtitle=\"&lt;strong&gt;Fotogallerie Luxury Doppelzelte&lt;\/strong&gt; (Zum \u00d6ffnen bitte klicken)\" data-icon=\"Defaults-angle-down\" data-newicon=\"Defaults-angle-down\" data-activeicon=\"#333333\" data-effect=\"slideToggle\" data-override=\"1\" data-activetitle=\"#333333\" data-activebg=\"#dbdbdb\" data-img=\"\" data-newimg=\"\"><div class=\"ult_exp_section-main ult_expright_icon\">\n\t\t\t\t\t<div class=\"ult_expheader\"><strong>Fotogallerie Luxury Doppelzelte<\/strong> (Zum \u00d6ffnen bitte klicken)\n\t\t\t\t\t <\/div>\t<div class=\"ult-just-icon-wrapper ult_exp_icon\">\n\t\t\t\t\t<div class=\"align-icon \">\n\t\t\t\t\t\t\n<span class=\"aio-icon  none  ult_expsection_icon \" style=\"color:#FFFFFF;font-size:32px;display:inline-block;\">\n\t<i class=\"Defaults-angle-down ult_ex_icon\"><\/i>\n<\/span>\n\t\t\t\t\t<\/div>\n\t\t\t\t<\/div><\/div>\n\t\t\t\t<\/div><div class=\"ult_exp_content \" style=\"background-color:#FFFFFF;  \"><div class=\"ult_ecpsub_cont\" style=\" \">[wyde_image_gallery image_size=\u201daoraki-xlarge\u201d gallery_type=\u201dgrid w-space\u201d columns=\u201d3\u2033 images=\u201d10994,10995,10996\u2033]<\/div><\/div>\n\n\t\t\t<\/div>[\/vc_column][\/vc_row][vc_row][vc_column][vc_empty_space height=\u201d50px\u201d][\/vc_column][\/vc_row][vc_row][vc_column width=\u201d1\/2\u2033][vc_column_text]<img loading=\"lazy\" decoding=\"async\" class=\"aligncenter wp-image-11003 size-large\" src=\"https:\/\/mara-siria-camp.com\/wp-content\/uploads\/2025\/02\/Cottage-5-980x490.jpg\" alt=\"Aussenansicht des Luxury Cottage im Mara Siria Safari Camp\" width=\"980\" height=\"490\" srcset=\"https:\/\/mara-siria-camp.com\/wp-content\/uploads\/2025\/02\/Cottage-5-980x490.jpg 980w, https:\/\/mara-siria-camp.com\/wp-content\/uploads\/2025\/02\/Cottage-5-400x200.jpg 400w, https:\/\/mara-siria-camp.com\/wp-content\/uploads\/2025\/02\/Cottage-5-768x384.jpg 768w, https:\/\/mara-siria-camp.com\/wp-content\/uploads\/2025\/02\/Cottage-5-640x320.jpg 640w, https:\/\/mara-siria-camp.com\/wp-content\/uploads\/2025\/02\/Cottage-5.jpg 1200w\" sizes=\"auto, (max-width: 980px) 100vw, 980px\">[\/vc_column_text][\/vc_column][vc_column width=\u201d1\/2\u2033][vc_column_text]\n<h4 id=\"luxury-cottages\"><span class=\"highlight\">Luxury Cottages<\/span><\/h4>\n<p>[\/vc_column_text][vc_column_text]G\u00e4ste, die in ihrer Masai Mara Unterkunft feste W\u00e4nde anstelle von Zeltplanen bevorzugen, k\u00f6nnen unsere Luxury Cottages im Masai-Stil genie\u00dfen. Die zwei runden Cottages sind in der traditionellen Masai-Architektur aus nat\u00fcrlichen, lokalen Materialien erbaut. Von au\u00dfen sehen sie aus wie die Manyattas der ber\u00fchmten Masai, von innen bieten sie allen Komfort (elektrisches Licht, Sp\u00fcltoilette, Safari-Dusche etc.). Die Cottages verf\u00fcgen \u00fcber ein ger\u00e4umiges Schlafzimmer, ein Badezimmer und eine Terrasse mit Blick in die weite Masai Mara. Eins der Cottages ist ger\u00e4umiger und bietet Platz f\u00fcr 4 Personen \u2013 perfekt f\u00fcr Familien, die ein Luxus Safari Camp mit authentischem Flair erleben m\u00f6chten.[\/vc_column_text][\/vc_column][\/vc_row][vc_row][vc_column][vc_empty_space]<\/p><div class=\"ult_exp_section_layer ult-adjust-bottom-margin  \">\n\t\t<div id=\"uvc-exp-wrap-6003\" role=\"button\" tabindex=\"0\" aria-pressed=\"false\" data-ultimate-target=\"#uvc-exp-wrap-6003\" data-responsive-json-new='{\"font-size\":\"desktop:20px;\",\"line-height\":\"desktop:20px;\"}' class=\"ult_exp_section  ult-responsive \" style=\"color:#FFFFFF;background-color:#930E0E; font-weight:normal;  text-align:center;\" data-textcolor=\"#FFFFFF\" data-texthover=\"#333333\" data-icncolor=\"#FFFFFF\" data-ihover=\"#333333\" data-height=\"0\" data-cntbg=\"#930E0E\" data-cnthvrbg=\"#e5e5e5\" data-headerbg=\"#930E0E\" data-headerhover=\"#e5e5e5\" data-title=\"&lt;strong&gt;Fotogallerie Luxury Cottages&lt;\/strong&gt; (Zum \u00d6ffnen bitte klicken)\" data-newtitle=\"&lt;strong&gt;Fotogallerie Luxury Cottages&lt;\/strong&gt; (Zum \u00d6ffnen bitte klicken)\" data-icon=\"Defaults-angle-down\" data-newicon=\"Defaults-angle-down\" data-activeicon=\"#333333\" data-effect=\"slideToggle\" data-override=\"1\" data-activetitle=\"#333333\" data-activebg=\"#dbdbdb\" data-img=\"\" data-newimg=\"\"><div class=\"ult_exp_section-main ult_expright_icon\">\n\t\t\t\t\t<div class=\"ult_expheader\"><strong>Fotogallerie Luxury Cottages<\/strong> (Zum \u00d6ffnen bitte klicken)\n\t\t\t\t\t <\/div>\t<div class=\"ult-just-icon-wrapper ult_exp_icon\">\n\t\t\t\t\t<div class=\"align-icon \">\n\t\t\t\t\t\t\n<span class=\"aio-icon  none  ult_expsection_icon \" style=\"color:#FFFFFF;font-size:32px;display:inline-block;\">\n\t<i class=\"Defaults-angle-down ult_ex_icon\"><\/i>\n<\/span>\n\t\t\t\t\t<\/div>\n\t\t\t\t<\/div><\/div>\n\t\t\t\t<\/div><div class=\"ult_exp_content \" style=\"background-color:#FFFFFF;  \"><div class=\"ult_ecpsub_cont\" style=\" \">[wyde_image_gallery image_size=\u201daoraki-xlarge\u201d gallery_type=\u201dgrid w-space\u201d columns=\u201d3\u2033 images=\u201d10998,10999,11000,11001,11002,11003\u2033]<\/div><\/div>\n\n\t\t\t<\/div>[\/vc_column][\/vc_row]\n<\/div>","protected":false},"excerpt":{"rendered":"<p>[vc_row][vc_column width=\u201d1\/3\u2033][wyde_heading style=\u201d10\u2033 title=\u201dUnterkunft\u201d subheading=\u201dSchlaft gut\u201d][\/vc_column][vc_column width=\u201d2\/3\u2033][vc_custom_heading text=\u201dUnser Luxus Safari Camp bietet exklusive Masai Mara Unterk\u00fcnfte in insgesamt 16 Zelten und Cottages. Alle Unterk\u00fcnfte verf\u00fcgen \u00fcber ein eigenes Bad sowie eine private Terrasse, \u2013 der ideale Ort, um nach einem ereignisreichen Masai Mara Safari Tag Ihre Eindr\u00fccke Revue passieren zu lassen. Elektrisches Licht wird umweltfreundlich [&hellip;]<\/p>\n","protected":false},"author":3,"featured_media":0,"parent":0,"menu_order":0,"comment_status":"closed","ping_status":"closed","template":"","meta":{"footnotes":""},"class_list":["post-2937","page","type-page","status-publish","hentry"],"_links":{"self":[{"href":"https:\/\/mara-siria-camp.com\/de\/wp-json\/wp\/v2\/pages\/2937","targetHints":{"allow":["GET"]}}],"collection":[{"href":"https:\/\/mara-siria-camp.com\/de\/wp-json\/wp\/v2\/pages"}],"about":[{"href":"https:\/\/mara-siria-camp.com\/de\/wp-json\/wp\/v2\/types\/page"}],"author":[{"embeddable":true,"href":"https:\/\/mara-siria-camp.com\/de\/wp-json\/wp\/v2\/users\/3"}],"replies":[{"embeddable":true,"href":"https:\/\/mara-siria-camp.com\/de\/wp-json\/wp\/v2\/comments?post=2937"}],"version-history":[{"count":0,"href":"https:\/\/mara-siria-camp.com\/de\/wp-json\/wp\/v2\/pages\/2937\/revisions"}],"wp:attachment":[{"href":"https:\/\/mara-siria-camp.com\/de\/wp-json\/wp\/v2\/media?parent=2937"}],"curies":[{"name":"wp","href":"https:\/\/api.w.org\/{rel}","templated":true}]}}