{"id":2944,"date":"2020-05-13T10:55:19","date_gmt":"2020-05-13T10:55:19","guid":{"rendered":"https:\/\/mara-siria-camp.com\/auszeichnungen-und-bewertungen\/"},"modified":"2025-09-09T11:22:15","modified_gmt":"2025-09-09T11:22:15","slug":"awards-zertifikate","status":"publish","type":"page","link":"https:\/\/mara-siria-camp.com\/de\/awards-zertifikate\/","title":{"rendered":"Awards &#038; Zertifikate"},"content":{"rendered":"<div class=\"wpb-content-wrapper\"><p>[vc_row padding_size=\u201dno-padding\u201d][vc_column width=\u201d1\/3\u2033][wyde_heading style=\u201d10\u2033 title=\u201dAuszeichnungen\u201d subheading=\u201dAwards\u201d][\/vc_column][vc_column width=\u201d2\/3\u2033][vc_custom_heading text=\u201d<i>Willkommen auf unserer Seite Auszeichnungen &amp; Anerkennungen, auf der Sie entdecken k\u00f6nnen, warum das Mara Siria Camp regelm\u00e4\u00dfig zu den besten Safari-Destinationen Kenias z\u00e4hlt. Vom Tripadvisor Travelers\u2019 Choice Award \u2013 der uns unter die Top 10 % weltweit einordnet \u2013 \u00fcber den Booking.com Traveller Review Award bis hin zur Silber-Bewertung von Ecotourism Kenya spiegeln alle Auszeichnungen unser Engagement f\u00fcr herausragende Gastfreundschaft, Nachhaltigkeit und h\u00f6chste G\u00e4stezufriedenheit wider.<\/i>\u201d font_container=\u201dtag:p|font_size:18px|text_align:left\u201d use_theme_fonts=\u201dyes\u201d][vc_empty_space][wyde_link_button icon=\u201dfa fa-long-arrow-right\u201d size=\u201dlarge\u201d title=\u201dJetzt online buchen\u201d link=\u201durl:https%3A%2F%2Fmara-siria-camp.com%2Fbooking%2F|title:Booking\u201d color=\u201d#FFFFFF\u201d bg_color=\u201d#F98D00\u2033 css=\u201d.vc_custom_1757416520729{background-color: #F98D00 !important;}\u201d][vc_empty_space][\/vc_column][\/vc_row][vc_row][vc_column][vc_empty_space][wyde_separator label_style=\u201dicon\u201d icon=\u201dfa fa-trophy\u201d text_align=\u201dcenter\u201d el_width=\u201d70%\u201d color=\u201d#F98D00\u2033][vc_empty_space][\/vc_column][\/vc_row][vc_row][vc_column width=\u201d2\/3\u2033][wyde_heading style=\u201d9\u2033 title=\u201dBooking.com\u201d][vc_column_text]<strong>Wir freuen uns sehr \u00fcber die Auszeichnung mit dem Traveller Review Award 2025 von Booking.com!<\/strong><\/p>\n<p>Wir sind Ihnen sehr dankbar f\u00fcr Ihre kontinuierliche Unterst\u00fctzung und Ihre hervorragenden Bewertungen. Dank Ihrer Liebe und des Feedbacks k\u00f6nnen wir weiterhin florieren und unvergessliche Erlebnisse im Herzen der Natur bieten. \ud83e\udd17\u2728<\/p>\n<p>Danke, dass Sie Teil unserer Reise waren und uns geholfen haben, diesen unglaublichen Meilenstein zu erreichen. Auf viele weitere gemeinsame Abenteuer!<\/p>\n<p>[\/vc_column_text][\/vc_column][vc_column width=\u201d1\/3\u2033][vc_empty_space height=\u201d20px\u201d][vc_column_text]<img loading=\"lazy\" decoding=\"async\" class=\"aligncenter wp-image-10840\" src=\"https:\/\/mara-siria-camp.com\/wp-content\/uploads\/2025\/01\/Digital-Gallery-Award-TRA-2025-300x211.png\" alt=\"Booking.com Traveller Review Award 2025\" width=\"300\" height=\"211\" srcset=\"https:\/\/mara-siria-camp.com\/wp-content\/uploads\/2025\/01\/Digital-Gallery-Award-TRA-2025-300x211.png 300w, https:\/\/mara-siria-camp.com\/wp-content\/uploads\/2025\/01\/Digital-Gallery-Award-TRA-2025-1024x720.png 1024w, https:\/\/mara-siria-camp.com\/wp-content\/uploads\/2025\/01\/Digital-Gallery-Award-TRA-2025-768x540.png 768w, https:\/\/mara-siria-camp.com\/wp-content\/uploads\/2025\/01\/Digital-Gallery-Award-TRA-2025-1080x759.png 1080w, https:\/\/mara-siria-camp.com\/wp-content\/uploads\/2025\/01\/Digital-Gallery-Award-TRA-2025-980x689.png 980w, https:\/\/mara-siria-camp.com\/wp-content\/uploads\/2025\/01\/Digital-Gallery-Award-TRA-2025-480x338.png 480w, https:\/\/mara-siria-camp.com\/wp-content\/uploads\/2025\/01\/Digital-Gallery-Award-TRA-2025-24x17.png 24w, https:\/\/mara-siria-camp.com\/wp-content\/uploads\/2025\/01\/Digital-Gallery-Award-TRA-2025-36x25.png 36w, https:\/\/mara-siria-camp.com\/wp-content\/uploads\/2025\/01\/Digital-Gallery-Award-TRA-2025-48x34.png 48w, https:\/\/mara-siria-camp.com\/wp-content\/uploads\/2025\/01\/Digital-Gallery-Award-TRA-2025.png 1280w\" sizes=\"auto, (max-width: 300px) 100vw, 300px\"><\/p>\n<p>[\/vc_column_text][\/vc_column][\/vc_row][vc_row][vc_column][vc_empty_space][wyde_separator label_style=\u201dicon\u201d icon=\u201dfa fa-trophy\u201d text_align=\u201dcenter\u201d el_width=\u201d70%\u201d color=\u201d#F98D00\u2033][vc_empty_space][\/vc_column][\/vc_row][vc_row][vc_column width=\u201d2\/3\u2033][wyde_heading style=\u201d9\u2033 title=\u201dTrip Advisor\u201d][vc_column_text]<strong>Wir sind stolz darauf, dass das Mara Siria Camp mit dem \u201eTravelers\u2018 Choice Awards\u201c f\u00fcr 2024 von Tripadvisor ausgezeichnet wurde.<\/strong><\/p>\n<p>Das Mara Siria Camp wurde als ein Gewinner von Tripadvisor mit den Travelers\u2018 Choice Awards 2024 ausgezeichnet. Jedes Jahr w\u00fcrdigt Tripadvisor die besten Tourismus- und Gastgewerbeunternehmen anhand hervorragender Reisebewertungen von Reisenden aus aller Welt in den letzten 12 Monaten. Das Mara Siria Camp zeichnete sich dadurch aus, dass es echten Reisenden durchweg positive Erfahrungen lieferte, welche ihre Meinungen und Geschichten teilten.<br>\nTravelers\u2018 Choice zeichnet Unternehmen aus, die durchweg hervorragende Bewertungen erhalten. Diese Preistr\u00e4ger geh\u00f6ren zu den besten 10 % der Eintr\u00e4ge auf Tripadvisor.[\/vc_column_text][\/vc_column][vc_column width=\u201d1\/3\u2033][vc_empty_space height=\u201d20px\u201d][vc_column_text]<img loading=\"lazy\" decoding=\"async\" class=\"aligncenter wp-image-12234 size-full\" src=\"https:\/\/mara-siria-camp.com\/wp-content\/uploads\/2025\/06\/TCAwards.png\" alt=\"\" width=\"200\" height=\"162\">[\/vc_column_text][\/vc_column][\/vc_row][vc_row][vc_column][vc_empty_space height=\u201d35px\u201d][wyde_separator label_style=\u201dicon\u201d icon=\u201dfa fa-trophy\u201d text_align=\u201dcenter\u201d el_width=\u201d70%\u201d color=\u201d#F98D00\u2033][vc_empty_space][\/vc_column][\/vc_row][vc_row][vc_column width=\u201d2\/3\u2033][wyde_heading style=\u201d10\u2033 title=\u201dECO tourism Kenya\u201d subheading=\u201dSilver\u201d][vc_empty_space][vc_column_text]<strong>Mara Siria wurde vor kurzem mit einer \u2018Silver Ecorating Certification\u2019 ausgezeichnet und gilt als f\u00fchrend im nachhaltigen Tourismus. <\/strong><strong>Lesen Sie, was dieses Camp zu einer Top-Wahl f\u00fcr Reisende macht, die ein ethisches und authentisches Abenteuer in der Masai Mara suchen.<\/strong><\/p>\n<h4 id=\"nachhaltigkeit-im-mittelpunkt-von-mara-siria\"><span class=\"highlight\">Nachhaltigkeit im Mittelpunkt von Mara Siria<\/span><\/h4>\n<p>Das Mara Siria Tented Bush Camp hat es sich zur Aufgabe gemacht, die Umwelt zu sch\u00fctzen, die lokalen Gemeinschaften zu st\u00e4rken und das kulturelle Erbe zu pflegen. Die Praktiken des Camps orientieren sich an globalen Nachhaltigkeitsstandards und gew\u00e4hrleisten minimale Auswirkungen auf das umliegende \u00d6kosystem.<\/p>\n<p><strong>Umweltschutz-Initiativen:<\/strong><\/p>\n<ul>\n<li><strong>100% erneuerbare Energie:<\/strong> Das Camp nutzt Solarenergie und Fl\u00fcssiggas, um seinen \u00f6kologischen Fu\u00dfabdruck zu verringern.<\/li>\n<li><strong>Baumpflanz-Programme<\/strong>: Die G\u00e4ste k\u00f6nnen sich an der Pflanzung einheimischer B\u00e4ume beteiligen und so zur Wiederherstellung der einzigartigen Artenvielfalt der Maasai Mara beitragen.<\/li>\n<li><strong>\u00d6ko-Bildung<\/strong>: F\u00fcr G\u00e4ste und Mitarbeiter werden Vortr\u00e4ge zum Thema Naturschutz gehalten, in denen die Bedeutung des Schutzes der \u00f6rtlichen Flora und Fauna hervorgehoben wird.<\/li>\n<\/ul>\n<p>Diese Initiativen sind Teil des Umwelt- und Sozialmanagementsystems \u2013<strong>Environmental and Social Management System (ESMS)<\/strong> des Camps, das die Nachhaltigkeitsziele des Camps leitet und eine kontinuierliche Verbesserung gew\u00e4hrleistet.[\/vc_column_text][\/vc_column][vc_column width=\u201d1\/3\u2033][vc_empty_space height=\u201d90px\u201d][vc_column_text]<\/p>\n<p data-wp-editing=\"1\"><img loading=\"lazy\" decoding=\"async\" class=\"aligncenter wp-image-10886\" src=\"https:\/\/mara-siria-camp.com\/wp-content\/uploads\/2025\/02\/silverrated2-300x171.png\" alt=\"ECO tourism Kenya Silver eco-rated award\" width=\"350\" height=\"200\" srcset=\"https:\/\/mara-siria-camp.com\/wp-content\/uploads\/2025\/02\/silverrated2-300x171.png 300w, https:\/\/mara-siria-camp.com\/wp-content\/uploads\/2025\/02\/silverrated2-1024x585.png 1024w, https:\/\/mara-siria-camp.com\/wp-content\/uploads\/2025\/02\/silverrated2-150x86.png 150w, https:\/\/mara-siria-camp.com\/wp-content\/uploads\/2025\/02\/silverrated2-768x439.png 768w, https:\/\/mara-siria-camp.com\/wp-content\/uploads\/2025\/02\/silverrated2-640x366.png 640w, https:\/\/mara-siria-camp.com\/wp-content\/uploads\/2025\/02\/silverrated2-1280x731.png 1280w, https:\/\/mara-siria-camp.com\/wp-content\/uploads\/2025\/02\/silverrated2.png 1500w\" sizes=\"auto, (max-width: 350px) 100vw, 350px\"><\/p>\n<p>[\/vc_column_text][\/vc_column][\/vc_row]<\/p>\n<\/div>","protected":false},"excerpt":{"rendered":"<p>[vc_row padding_size=\u201dno-padding\u201d][vc_column width=\u201d1\/3\u2033][wyde_heading style=\u201d10\u2033 title=\u201dAuszeichnungen\u201d subheading=\u201dAwards\u201d][\/vc_column][vc_column width=\u201d2\/3\u2033][vc_custom_heading text=\u201dWillkommen auf unserer Seite Auszeichnungen &amp; Anerkennungen, auf der Sie entdecken k\u00f6nnen, warum das Mara Siria Camp regelm\u00e4\u00dfig zu den besten Safari-Destinationen Kenias z\u00e4hlt. Vom Tripadvisor Travelers\u2019 Choice Award \u2013 der uns unter die Top 10 % weltweit einordnet \u2013 \u00fcber den Booking.com Traveller Review Award bis hin [&hellip;]<\/p>\n","protected":false},"author":3,"featured_media":0,"parent":0,"menu_order":0,"comment_status":"closed","ping_status":"closed","template":"","meta":{"footnotes":""},"class_list":["post-2944","page","type-page","status-publish","hentry"],"_links":{"self":[{"href":"https:\/\/mara-siria-camp.com\/de\/wp-json\/wp\/v2\/pages\/2944","targetHints":{"allow":["GET"]}}],"collection":[{"href":"https:\/\/mara-siria-camp.com\/de\/wp-json\/wp\/v2\/pages"}],"about":[{"href":"https:\/\/mara-siria-camp.com\/de\/wp-json\/wp\/v2\/types\/page"}],"author":[{"embeddable":true,"href":"https:\/\/mara-siria-camp.com\/de\/wp-json\/wp\/v2\/users\/3"}],"replies":[{"embeddable":true,"href":"https:\/\/mara-siria-camp.com\/de\/wp-json\/wp\/v2\/comments?post=2944"}],"version-history":[{"count":0,"href":"https:\/\/mara-siria-camp.com\/de\/wp-json\/wp\/v2\/pages\/2944\/revisions"}],"wp:attachment":[{"href":"https:\/\/mara-siria-camp.com\/de\/wp-json\/wp\/v2\/media?parent=2944"}],"curies":[{"name":"wp","href":"https:\/\/api.w.org\/{rel}","templated":true}]}}