{"id":2949,"date":"2020-05-13T10:56:55","date_gmt":"2020-05-13T10:56:55","guid":{"rendered":"https:\/\/mara-siria-camp.com\/balloon-safaris-rundfluege\/"},"modified":"2026-03-23T18:07:29","modified_gmt":"2026-03-23T18:07:29","slug":"heissluftballon-safari-masai-mara","status":"publish","type":"page","link":"https:\/\/mara-siria-camp.com\/de\/heissluftballon-safari-masai-mara\/","title":{"rendered":"Hei\u00dfluftballon Safari"},"content":{"rendered":"<div class=\"wpb-content-wrapper\"><p>[vc_row][vc_column width=\u201d1\/3\u2033][wyde_heading style=\u201d10\u2033 title=\u201dBallon Safari\u201d subheading=\u201dHei\u00dfluft\u201d subheading_color=\u201d#000000BD\u201d][\/vc_column][vc_column width=\u201d2\/3\u2033][vc_custom_heading text=\u201d<i>Eine Hei\u00dfluftballon-Safari in der Masai Mara ist eine der bezauberndsten M\u00f6glichkeiten, die atemberaubenden Landschaften und die reiche Tierwelt dieses einzigartigen Safari-Gebiets in Kenia zu erleben. Wenn Sie bei Sonnenaufgang hoch \u00fcber der goldenen Savanne schweben, werden Sie Zeuge, wie die Mara auf eine Weise zum Leben erwacht, die nur wenige erleben \u2013 ein absolutes Highlight jeder Masai Mara Safari.<\/i>\u201d font_container=\u201dtag:p|font_size:18px|text_align:left|color:%23333333\u2033 use_theme_fonts=\u201dyes\u201d][vc_empty_space height=\u201d20px\u201d][wyde_link_button icon=\u201dfa fa-long-arrow-right\u201d size=\u201dlarge\u201d title=\u201dJetzt online buchen\u201d link=\u201durl:https%3A%2F%2Fmara-siria-camp.com%2Fbooking%2F|title:Online%20Booking\u201d color=\u201d#FFFFFF\u201d bg_color=\u201d#F98D00\u2033 css=\u201d.vc_custom_1762421370419{background-color: #F98D00 !important;}\u201d][\/vc_column][\/vc_row][vc_row][vc_column][vc_empty_space][\/vc_column][\/vc_row][vc_row][vc_column padding_size=\u201dno-padding\u201d width=\u201d1\/3\u2033][vc_empty_space height=\u201d150px\u201d][vc_single_image img_size=\u201daoraki-land-medium\u201d image=\u201d11523\u2033][vc_empty_space height=\u201d15px\u201d][wyde_image_gallery gallery_type=\u201dgrid w-space\u201d columns=\u201d3\u2033 hover_effect=\u201dzoomIn\u201d images=\u201d11135,11128,11129,11132,11127,11131\u2033][\/vc_column][vc_column width=\u201d2\/3\u2033 css=\u201d.vc_custom_1734963583361{padding-left: 40px !important;}\u201d][vc_column_text css=\u201d.vc_custom_1762422395421{margin-top: 20px !important;}\u201d]<\/p>\n<h3 id=\"das-erlebnis\">Das Erlebnis:<\/h3>\n<p><span class=\"highlight\"><strong>Start vor Sonnenaufgang:<\/strong><\/span> Das Abenteuer beginnt noch vor Sonnenaufgang mit dem Transfer von unserem Safari Camp zum Startplatz, wo Sie eine warme Tasse Kaffee oder Tee genie\u00dfen, w\u00e4hrend der Ballon vorbereitet wird. Die Aufregung steigt, wenn sich der massive Ballon im sanften Schein des Morgenlichts aufbl\u00e4st.<\/p>\n<p><span class=\"highlight\"><strong>Aufstieg bei Sonnenaufgang:<\/strong><\/span> Wenn die Sonne aufgeht, hebt der Hei\u00dfluftballon sanft ab und Sie schweben lautlos \u00fcber der Ebene, nur gelegentlich h\u00f6rt man das Ger\u00e4usch des Brenners. Der Himmel f\u00e4rbt sich golden und wirft ein magisches Licht \u00fcber die Landschaft.<\/p>\n<p><span class=\"highlight\"><strong>Unglaubliche Aussicht auf die Tierwelt:<\/strong> <\/span>Von oben k\u00f6nnen Sie Elefanten-, Giraffen- und Antilopenherden beobachten, die sich durch das Grasland bewegen. Je nach Jahreszeit k\u00f6nnen Sie die beeindruckende Gro\u00dfe Migration beobachten, bei der Tausende von Gnus und Zebras die Ebenen durchqueren. Die fr\u00fchen Morgenstunden sind in der Masai Mara die beste Zeit, um Gro\u00dfkatzen in Aktion zu erleben, da sie die k\u00fchlen Temperaturen zur Jagd auf ihre Beute nutzen. In dieser magischen Stunde k\u00f6nnen Sie L\u00f6wen, Leoparden und Geparden beobachten, die durch das Grasland streifen oder ihren n\u00e4chtlichen Fang beenden. Sie erhalten einen unvergesslichen Einblick in die raue Dramatik der Wildnis.<\/p>\n<p><span class=\"highlight\"><strong>360 Grad Rundumblick:<\/strong><\/span> Bewundern Sie die gewundenen Fl\u00fcsse, die mit Akazien gesprenkelten Ebenen und den endlosen Horizont des \u00d6kosystems der Masai Mara \u00a0\u2013 die Masai Mara Game Drives am Boden sind eindrucksvoll \u2013 doch dieser Ausblick aus der Vogelperspektive ist noch atemberaubender.<\/p>\n<p><span class=\"highlight\"><strong>Sanfte Landung &amp; Buschfr\u00fchst\u00fcck:<\/strong><\/span> Nach etwa einer Stunde landet der Ballon sanft auf dem Boden, wo ein \u00fcppiges Champagner-Buschfr\u00fchst\u00fcck auf Sie wartet. Genie\u00dfen Sie frisches Obst, Geb\u00e4ck und ein komplettes englisches Fr\u00fchst\u00fcck im Herzen der Mara und sto\u00dfen Sie auf Ihr unvergessliches Erlebnis an. Ein Moment voller Genuss und Abenteuer, wie ihn nur ein\u00a0Masai Mara Luxus Camp\u00a0in einem\u00a0All Inclusive Safari Paket in Kenia\u00a0erm\u00f6glichen kann.<\/p>\n<p>Eine Hei\u00dfluftballon-Safari ist mehr als nur eine Fahrt \u2013 es ist ein einmaliges Erlebnis, das eine neue Perspektive auf die Sch\u00f6nheit der Masai Mara bietet und Nervenkitzel, Ruhe und Luxus an einem unvergesslichen Morgen vereint. Perfekt kombinierbar mit weiteren Masai Mara Paketen, ist sie ein unvergesslicher H\u00f6hepunkt Ihrer Safari Buchung.[\/vc_column_text][\/vc_column][\/vc_row]<\/p>\n<\/div>","protected":false},"excerpt":{"rendered":"<p>[vc_row][vc_column width=\u201d1\/3\u2033][wyde_heading style=\u201d10\u2033 title=\u201dBallon Safari\u201d subheading=\u201dHei\u00dfluft\u201d subheading_color=\u201d#000000BD\u201d][\/vc_column][vc_column width=\u201d2\/3\u2033][vc_custom_heading text=\u201dEine Hei\u00dfluftballon-Safari in der Masai Mara ist eine der bezauberndsten M\u00f6glichkeiten, die atemberaubenden Landschaften und die reiche Tierwelt dieses einzigartigen Safari-Gebiets in Kenia zu erleben. Wenn Sie bei Sonnenaufgang hoch \u00fcber der goldenen Savanne schweben, werden Sie Zeuge, wie die Mara auf eine Weise zum Leben erwacht, [&hellip;]<\/p>\n","protected":false},"author":3,"featured_media":0,"parent":0,"menu_order":0,"comment_status":"closed","ping_status":"closed","template":"","meta":{"footnotes":""},"class_list":["post-2949","page","type-page","status-publish","hentry"],"_links":{"self":[{"href":"https:\/\/mara-siria-camp.com\/de\/wp-json\/wp\/v2\/pages\/2949","targetHints":{"allow":["GET"]}}],"collection":[{"href":"https:\/\/mara-siria-camp.com\/de\/wp-json\/wp\/v2\/pages"}],"about":[{"href":"https:\/\/mara-siria-camp.com\/de\/wp-json\/wp\/v2\/types\/page"}],"author":[{"embeddable":true,"href":"https:\/\/mara-siria-camp.com\/de\/wp-json\/wp\/v2\/users\/3"}],"replies":[{"embeddable":true,"href":"https:\/\/mara-siria-camp.com\/de\/wp-json\/wp\/v2\/comments?post=2949"}],"version-history":[{"count":1,"href":"https:\/\/mara-siria-camp.com\/de\/wp-json\/wp\/v2\/pages\/2949\/revisions"}],"predecessor-version":[{"id":14198,"href":"https:\/\/mara-siria-camp.com\/de\/wp-json\/wp\/v2\/pages\/2949\/revisions\/14198"}],"wp:attachment":[{"href":"https:\/\/mara-siria-camp.com\/de\/wp-json\/wp\/v2\/media?parent=2949"}],"curies":[{"name":"wp","href":"https:\/\/api.w.org\/{rel}","templated":true}]}}