{"id":2972,"date":"2020-05-13T11:02:09","date_gmt":"2020-05-13T11:02:09","guid":{"rendered":"https:\/\/mara-siria-camp.com\/game-drives\/"},"modified":"2025-09-12T11:42:04","modified_gmt":"2025-09-12T11:42:04","slug":"game-drives-im-masai-mara-triangle","status":"publish","type":"page","link":"https:\/\/mara-siria-camp.com\/de\/game-drives-im-masai-mara-triangle\/","title":{"rendered":"Game Drives"},"content":{"rendered":"<div class=\"wpb-content-wrapper\"><p>[vc_row][vc_column width=\u201d1\/3\u2033][wyde_heading style=\u201d10\u2033 title=\u201dim Masai Mara Triangle\u201d subheading=\u201dPirschfahrten\u201d subheading_color=\u201d#000000BD\u201d][\/vc_column][vc_column width=\u201d2\/3\u2033][vc_custom_heading text=\u201d<i>Die Hauptaktivit\u00e4ten unserer G\u00e4ste sind Pirschfahrten in einem der besten Wildnisgebiete der Welt. Das Mara Siria Camp ist darauf spezialisiert, die Masai Mara Game Drives auf die Bed\u00fcrfnisse der G\u00e4ste abzustimmen. Unsere speziell ausgebildeten, erfahrenen und mehrsprachigen Safari-Guides sorgen daf\u00fcr, dass jede Pirschfahrt im Masai Mara Triangle zu einer unvergesslichen Safari wird.<br>\n<\/i>\u201d font_container=\u201dtag:p|font_size:18px|text_align:left|color:%23333333\u2033 use_theme_fonts=\u201dyes\u201d][vc_empty_space height=\u201d20px\u201d][wyde_link_button icon=\u201dfa fa-long-arrow-right\u201d size=\u201dlarge\u201d title=\u201dJetzt online buchen\u201d link=\u201durl:https%3A%2F%2Fmara-siria-camp.com%2Fbooking%2F|title:Online%20Booking\u201d color=\u201d#FFFFFF\u201d bg_color=\u201d#F98D00\u2033 css=\u201d.vc_custom_1757676969013{background-color: #F98D00 !important;}\u201d][\/vc_column][\/vc_row][vc_row][vc_column][vc_empty_space][\/vc_column][\/vc_row][vc_row][vc_column width=\u201d1\/3\u2033][vc_column_text]<\/p>\n<figure id=\"attachment_11098\" aria-describedby=\"caption-attachment-11098\" style=\"width: 800px\" class=\"wp-caption aligncenter\"><img loading=\"lazy\" decoding=\"async\" class=\"wp-image-11098 size-full\" src=\"https:\/\/mara-siria-camp.com\/wp-content\/uploads\/2025\/02\/gamedrive-1.jpg\" alt=\"Masai Mara Game Drive - Jeep\" width=\"800\" height=\"495\" srcset=\"https:\/\/mara-siria-camp.com\/wp-content\/uploads\/2025\/02\/gamedrive-1.jpg 800w, https:\/\/mara-siria-camp.com\/wp-content\/uploads\/2025\/02\/gamedrive-1-400x248.jpg 400w, https:\/\/mara-siria-camp.com\/wp-content\/uploads\/2025\/02\/gamedrive-1-768x475.jpg 768w, https:\/\/mara-siria-camp.com\/wp-content\/uploads\/2025\/02\/gamedrive-1-640x396.jpg 640w\" sizes=\"auto, (max-width: 800px) 100vw, 800px\"><figcaption id=\"caption-attachment-11098\" class=\"wp-caption-text\">Open Game Viewer<\/figcaption><\/figure>\n<p>[\/vc_column_text][vc_empty_space height=\u201d10px\u201d][vc_column_text]Unsere speziell angefertigten offenen 4\u00d74-Pirschfahrzeuge garantieren einen Fensterplatz f\u00fcr jeden Gast und sind so konzipiert, dass sie einen ungehinderten Panoramablick bieten.<\/p>\n<p>[\/vc_column_text][vc_empty_space height=\u201d10px\u201d][vc_column_text css=\u201d.vc_custom_1739733054531{margin-top: 20px !important;}\u201d]Die Masai Mara ist ein ganzj\u00e4hriges Reiseziel \u2013 mit regelm\u00e4\u00dfigen Sichtungen der Big Five (Elefant, B\u00fcffel, L\u00f6we, Leopard, Nashorn), einer gro\u00dfen Vielfalt an Steppenwild und V\u00f6geln \u2013 nicht zu vergessen die atemberaubende Landschaft, die haupts\u00e4chlich aus Grasland (was die Wildbeobachtung erleichtert) und Flusswald mit den charakteristischen Akazienb\u00e4umen besteht.<\/p>\n<p>\u00a0<\/p>\n<p>[\/vc_column_text][\/vc_column][vc_column width=\u201d1\/3\u2033][vc_column_text]Unsere G\u00e4ste k\u00f6nnen fr\u00fchmorgendliche Pirschfahrten, Pirschfahrten am Nachmittag oder ganzt\u00e4gige Pirschfahrten im weniger \u00fcberlaufenen Masai Mara Triangle genie\u00dfen. Das Masai Mara Triangle ist ein Geheimtipp in der Mara, mit einer der h\u00f6chsten Konzentrationen an Wildtieren und den besten M\u00f6glichkeiten, die dramatischen Fluss\u00fcberquerungen zu erleben.<\/p>\n<p>Die morgendlichen Pirschfahrten beginnen kurz vor Sonnenaufgang mit einer Tasse hei\u00dfem kenianischen Tee oder Kaffee. Wenn die Sonne \u00fcber der Savanne aufgeht, ist es am wahrscheinlichsten, dass Sie Raubtiere bei der Jagd und F\u00fctterung ihrer Beute beobachten k\u00f6nnen. Auf Wunsch bieten wir unseren G\u00e4sten auch ein Buschfr\u00fchst\u00fcck an.<br>\nNach einem k\u00f6stlichen Mittagessen und einer entspannten Zeit im Camp beginnen die Pirschfahrten am sp\u00e4ten Nachmittag, bevor die Dunkelheit \u00fcber die Masai Mara hereinbricht.<br>\nGanzt\u00e4gige Pirschfahrten beginnen gleich nach dem Fr\u00fchst\u00fcck und die G\u00e4ste k\u00f6nnen die atemberaubende Tierwelt bis zum sp\u00e4ten Nachmittag genie\u00dfen. Wir bieten ein k\u00f6stliches Picknick mit Getr\u00e4nken direkt im Busch an \u2013 und beobachten w\u00e4hrenddessen die Krokodile und Nilpferde am Nilpferdbecken.[\/vc_column_text][\/vc_column][vc_column width=\u201d1\/3\u2033][vc_column_text]Besucherinnen und Besucher k\u00f6nnen im Masai Mara Camp vor allem eines der atemberaubendsten Wildnisereignisse der Welt genie\u00dfen \u2013 die j\u00e4hrliche Wanderung von \u00fcber einer Million Gnus von der Serengeti in die Masai Mara, einschlie\u00dflich der dramatischen Mara-Fluss\u00fcberquerungen. Diese spektakul\u00e4ren Szenen machen jede\u00a0Masai Mara Safari\u00a0zu einem unvergesslichen Erlebnis und sind ein Highlight f\u00fcr alle, die ihre\u00a0Safari buchen\u00a0m\u00f6chten.[\/vc_column_text][vc_empty_space height=\u201d26px\u201d][vc_custom_heading text=\u201d<i>Verantwortungsbewusste Masai Mara Game Drives<\/i>\u201d font_container=\u201dtag:p|font_size:18px|text_align:left\u201d use_theme_fonts=\u201dyes\u201d][vc_empty_space height=\u201d26px\u201d][vc_column_text]Das Management und die Fahrer des Mara Siria Safari Camps haben sich dem verantwortungsvollen Umgang mit Wildtieren verschrieben. Alle unsere Safari-Guides sind zertifizierte Profis mit Bronze- und Silber-Rating und verf\u00fcgen \u00fcber langj\u00e4hrige Erfahrung in der Masai Mara. G\u00e4ste und F\u00fchrer sind verpflichtet, die vom Mara Triangle Conservancy aufgestellten Regeln f\u00fcr Pirschfahrten zu respektieren, um Besucher, Wildtiere und die Umwelt zu sch\u00fctzen. Dazu geh\u00f6ren die Einhaltung der Geschwindigkeitsbegrenzungen, das Verbot des Fahrens abseits markierter Wege (au\u00dfer in ausgewiesenen Zonen zur Beobachtung von Gro\u00dfkatzen, das Unterlassen von lautem Verhalten wie Schreien oder Klatschen, kein Aussteigen an Fluss\u00fcberg\u00e4ngen sowie das Einhalten von Mindestabst\u00e4nden zu den Tieren. Zudem gelten strikte Regelungen zur Anzahl der Fahrzeuge bei Wildtiersichtungen, zum Schutz vor Verm\u00fcllung und zur Einhaltung der Park\u00f6ffnungszeiten (bis 18:30 Uhr). Wer sich f\u00fcr ein\u00a0Masai Mara Paket\u00a0entscheidet, erlebt mit uns ein intensives, aber stets achtsames\u00a0Safari Camp Erlebnis\u00a0\u2013 abgestimmt auf h\u00f6chste Umwelt- und Tierschutzstandards.<\/p>\n<p>.[\/vc_column_text][\/vc_column][\/vc_row][vc_row padding_size=\u201dno-padding\u201d][vc_column][vc_empty_space height=\u201d50px\u201d][wyde_image_gallery gallery_type=\u201dgrid w-space\u201d columns=\u201d6\u2033 hover_effect=\u201dzoomIn\u201d images=\u201d11093,11094,11095,11096,11097,11099,11100,11101,11102,11103,11104,11105,11106,11107,11108,11109,11110,11111\u2033][vc_empty_space height=\u201d50px\u201d][\/vc_column][\/vc_row]<\/p>\n<\/div>","protected":false},"excerpt":{"rendered":"<p>[vc_row][vc_column width=\u201d1\/3\u2033][wyde_heading style=\u201d10\u2033 title=\u201dim Masai Mara Triangle\u201d subheading=\u201dPirschfahrten\u201d subheading_color=\u201d#000000BD\u201d][\/vc_column][vc_column width=\u201d2\/3\u2033][vc_custom_heading text=\u201dDie Hauptaktivit\u00e4ten unserer G\u00e4ste sind Pirschfahrten in einem der besten Wildnisgebiete der Welt. Das Mara Siria Camp ist darauf spezialisiert, die Masai Mara Game Drives auf die Bed\u00fcrfnisse der G\u00e4ste abzustimmen. Unsere speziell ausgebildeten, erfahrenen und mehrsprachigen Safari-Guides sorgen daf\u00fcr, dass jede Pirschfahrt im Masai [&hellip;]<\/p>\n","protected":false},"author":3,"featured_media":0,"parent":0,"menu_order":0,"comment_status":"closed","ping_status":"closed","template":"","meta":{"footnotes":""},"class_list":["post-2972","page","type-page","status-publish","hentry"],"_links":{"self":[{"href":"https:\/\/mara-siria-camp.com\/de\/wp-json\/wp\/v2\/pages\/2972","targetHints":{"allow":["GET"]}}],"collection":[{"href":"https:\/\/mara-siria-camp.com\/de\/wp-json\/wp\/v2\/pages"}],"about":[{"href":"https:\/\/mara-siria-camp.com\/de\/wp-json\/wp\/v2\/types\/page"}],"author":[{"embeddable":true,"href":"https:\/\/mara-siria-camp.com\/de\/wp-json\/wp\/v2\/users\/3"}],"replies":[{"embeddable":true,"href":"https:\/\/mara-siria-camp.com\/de\/wp-json\/wp\/v2\/comments?post=2972"}],"version-history":[{"count":0,"href":"https:\/\/mara-siria-camp.com\/de\/wp-json\/wp\/v2\/pages\/2972\/revisions"}],"wp:attachment":[{"href":"https:\/\/mara-siria-camp.com\/de\/wp-json\/wp\/v2\/media?parent=2972"}],"curies":[{"name":"wp","href":"https:\/\/api.w.org\/{rel}","templated":true}]}}