{"id":2989,"date":"2020-05-13T11:05:33","date_gmt":"2020-05-13T11:05:33","guid":{"rendered":"https:\/\/mara-siria-camp.com\/wegbeschreibung-karte\/"},"modified":"2026-02-18T15:28:32","modified_gmt":"2026-02-18T15:28:32","slug":"wegbeschreibung-und-karte","status":"publish","type":"page","link":"https:\/\/mara-siria-camp.com\/de\/wegbeschreibung-und-karte\/","title":{"rendered":"Wegbeschreibung &amp; Karte"},"content":{"rendered":"<div class=\"wpb-content-wrapper\"><p>[vc_row padding_size=\u201dno-padding\u201d][vc_column width=\u201d1\/3\u2033 css=\u201d.vc_custom_1737311355207{margin-top: 10px !important;}\u201d][wyde_heading style=\u201d10\u2033 title=\u201dAnfahrt\u201d subheading=\u201dzum Camp\u201d][vc_empty_space height=\u201d50px\u201d][\/vc_column][vc_column width=\u201d2\/3\u2033 css=\u201d.vc_custom_1737311031334{margin-top: 10px !important;}\u201d][vc_custom_heading text=\u201d<i>Das Mara Siria Tented Camp liegt auf der Spitze des Siria Escarpment \u2013 ca 6 Stunden Fahrt oder eine Stunde Flug von Nairobi oder drei Stunden Flug von der K\u00fcste entfernt.<\/i>\u201d font_container=\u201dtag:p|font_size:18px|text_align:left\u201d use_theme_fonts=\u201dyes\u201d animation=\u201dfadeIn\u201d][vc_empty_space height=\u201d26px\u201d][wyde_link_button icon=\u201dfa fa-long-arrow-right\u201d size=\u201dlarge\u201d title=\u201dJetzt online Buchen\u201d link=\u201durl:https%3A%2F%2Fmara-siria-camp.com%2Fde%2Fbuchung-2%2F|title:Booking\u201d color=\u201d#FFFFFF\u201d bg_color=\u201d#F98D00\u2033 css=\u201d.vc_custom_1771415366808{background-color: #F98D00 !important;}\u201d][vc_empty_space][\/vc_column][\/vc_row][vc_row][vc_column][wyde_heading style=\u201d9\u2033 title_tag=\u201dh3\u2033 title=\u201dAnfahrt zum Camp\u201d][vc_column_text]<\/p>\n<ul>\n<li><strong><a href=\"#flight\">Per Flug<\/a><\/strong><\/li>\n<li><strong><a href=\"#road\">Mit einem 4\u00d74 Fahrzeug<\/a><\/strong>\n<ul>\n<li><a href=\"#shortest\">K\u00fcrzeste Route<\/a> (empfohlene Route)<\/li>\n<li><a href=\"#recommended\">Alternative Route<\/a><\/li>\n<li><a href=\"#info\">Info &amp; Koordinaten<\/a><\/li>\n<\/ul>\n<\/li>\n<\/ul>\n<p>[\/vc_column_text][vc_empty_space][vc_column_text]<a name=\"flight\"><\/a><\/p>\n<h2 id=\"ankunft-im-camp-per-flugzeug\">Ankunft im Camp per Flugzeug<\/h2>\n<p>Der n\u00e4chstgelegene Flugplatz ist Kichwa Tembo. Die lokalen Fluggesellschaften Fly ALS, Airkenya Express und Safarlink Aviation fliegen t\u00e4glich morgens und nachmittags ab Nairobi Wilson Airport. Mombasa Air Safari bietet Direktfl\u00fcge von der K\u00fcste zum Flugplatz Kichwa Tembo an. In unseren Ground Packages sind die Transfers vom\/zum Flugplatz Kichwa Tembo inkludiert.[\/vc_column_text][vc_empty_space][vc_column_text]<a name=\"road\"><\/a><\/p>\n<h2 id=\"ankunft-im-camp-per-allrad-fahrzeug\">Ankunft im Camp per Allrad-Fahrzeug<\/h2>\n<p>[\/vc_column_text][\/vc_column][\/vc_row][vc_row][vc_column width=\u201d1\/6\u2033][\/vc_column][vc_column width=\u201d2\/3\u2033][vc_column_text]<a name=\"shortest\"><\/a><\/p>\n<h4 id=\"kuerzeste-route-empfohlen\">K\u00fcrzeste Route (empfohlen)<\/h4>\n<p>[\/vc_column_text][vc_empty_space height=\u201d10px\u201d][vc_single_image onclick=\u201dlink_image\u201d image=\u201d11578\u2033][vc_column_text css=\u201d.vc_custom_1771423731509{padding-left: 30px !important;}\u201d]<\/p>\n<ul>\n<li>Sie verlassen Nairobi auf der A104 in Richtung Naivasha\/Nakuru<\/li>\n<li>Kurz vor Limuru (gro\u00dfe BATA-Werbeschilder) biegen Sie links ab auf die B3\/Old Naivasha Road<\/li>\n<li>Fahren Sie bis Mai Mahiu und biegen Sie dann links ab in Richtung Narok<\/li>\n<li>Fahren Sie durch Narok<\/li>\n<li>Biegen Sie an der dritten Kreuzung links auf die C13 (ca 30 km hinter Narok)\u00a0 Richtung Masai Mara<\/li>\n<li>Fahren Sie ca. 50 km (auf Schotterstra\u00dfe) bis Aitong, hier teilt sich die Stra\u00dfe<\/li>\n<li>Halten Sie sich rechts und fahren Sie ca. 30 km in Richtung Oloololo Gate (Kichwa Tembo\/Bateleur Camp)<\/li>\n<li>Kurz nach dem Kichwa Tembo Camp biegen Sie rechts ab in Richtung Kilima Camp\/Mara Siria<\/li>\n<li>Sie erreichen das Mara Siria Camp nach ca 5 km\ud83d\ude42<\/li>\n<\/ul>\n<p>[\/vc_column_text][vc_empty_space][vc_column_text]<a name=\"alternative\"><\/a><\/p>\n<h4 id=\"alternative-route\">Alternative Route<\/h4>\n<p>[\/vc_column_text][vc_empty_space height=\u201d10px\u201d][vc_column_text]<iframe src=\"https:\/\/www.google.com\/maps\/d\/embed?mid=1x6BCsFbwpwb5Ub04iblwF8yOhe7xQWQ&amp;ehbc=2E312F\" width=\"640\" height=\"480\"><\/iframe>[\/vc_column_text][vc_column_text css=\u201d.vc_custom_1771423938518{padding-left: 30px !important;}\u201d]<\/p>\n<ul>\n<li>Sie verlassen Nairobi auf der A104 in Richtung Naivasha\/Nakuru<br>\nKurz vor Limuru (gro\u00dfe BATA-Werbeschilder) biegen Sie links ab auf die B3\/Old Naivasha Road<br>\nFahren Sie bis Mai Mahiu und biegen Sie dann links ab in Richtung Narok<\/li>\n<li>Fahren Sie durch Narok und fahren Sie weiter gerade aus auf der B3<\/li>\n<li>Nach dem St\u00e4dtchen Mulot biegen Sie links in die Olbobo-Mengit Road (off road)<\/li>\n<li>Fahren Sie durch Kinyanga und folgen Sie der Karte bis zur Br\u00fcck \u00fcber den Mara Fluss<\/li>\n<li>Biegen Sie danach links auf die C14 und folgen Sie der Stra\u00dfe bis Aitong, wo Sie nach rechts in die C13 abbiegen<\/li>\n<li>Halten Sie sich rechts und fahren Sie ca. 30 km in Richtung Oloololo Gate (Kichwa Tembo\/Bateleur Camp)<\/li>\n<li>Kurz nach dem Kichwa Tembo Camp biegen Sie rechts ab in Richtung Kilima Camp\/Mara Siria<\/li>\n<li>Sie erreichen das Mara Siria Camp nach ca 5 km \ud83d\ude42<\/li>\n<\/ul>\n<p>[\/vc_column_text][vc_empty_space][vc_column_text]<a name=\"info\"><\/a><\/p>\n<h4 id=\"info-und-koordinaten\">Info und Koordinaten<\/h4>\n<p>[\/vc_column_text][vc_empty_space height=\u201d10px\u201d][vc_column_text css=\u201d.vc_custom_1771427307583{padding-left: 0px !important;}\u201d]Wir empfehlen ausdr\u00fccklich die Anreise mit einem <strong>Allrad-Fahrzeug mit h\u00f6herer Bodenfreiheit<\/strong>, um das Camp sicher zu erreichen.<\/p>\n<p>Bitte kontaktieren Sie unseren Camp Manager Joel, falls Sie sich verfahren sollten oder sich Ihre Ankunft verz\u00f6gert.<\/p>\n<p><strong>Joel, Camp Manager Mara Siria:<\/strong><br>\n<strong>+254 0736 613295 (Telefon &amp; WhatsApp) oder +254 771 770100<\/strong><\/p>\n<p><strong>Unsere GPS-Koordinaten:<\/strong><br>\n<strong>S01\u00b013.435\u2032 \u2013 E035\u00b001.683\u2032<\/strong>[\/vc_column_text][vc_empty_space][vc_column_text]<iframe style=\"border: 0;\" src=\"https:\/\/www.google.com\/maps\/embed?pb=!1m18!1m12!1m3!1d30893.264896768254!2d35.020015538298914!3d-1.223657499999997!2m3!1f0!2f0!3f0!3m2!1i1024!2i768!4f13.1!3m3!1m2!1s0x182c929af81b6df5%3A0xc89033b265733f60!2sMara%20Siria%20Tented%20Bush%20Camp%20%26%20Cottages!5e1!3m2!1sde!2sde!4v1734218057131!5m2!1sde!2sde\" width=\"99%\" height=\"450\" allowfullscreen=\"allowfullscreen\"><\/iframe><\/p>\n<p>[\/vc_column_text][\/vc_column][vc_column width=\u201d1\/6\u2033][\/vc_column][\/vc_row]<\/p>\n<\/div>","protected":false},"excerpt":{"rendered":"<p>[vc_row padding_size=\u201dno-padding\u201d][vc_column width=\u201d1\/3\u2033 css=\u201d.vc_custom_1737311355207{margin-top: 10px !important;}\u201d][wyde_heading style=\u201d10\u2033 title=\u201dAnfahrt\u201d subheading=\u201dzum Camp\u201d][vc_empty_space height=\u201d50px\u201d][\/vc_column][vc_column width=\u201d2\/3\u2033 css=\u201d.vc_custom_1737311031334{margin-top: 10px !important;}\u201d][vc_custom_heading text=\u201dDas Mara Siria Tented Camp liegt auf der Spitze des Siria Escarpment \u2013 ca 6 Stunden Fahrt oder eine Stunde Flug von Nairobi oder drei Stunden Flug von der K\u00fcste entfernt.\u201d font_container=\u201dtag:p|font_size:18px|text_align:left\u201d use_theme_fonts=\u201dyes\u201d animation=\u201dfadeIn\u201d][vc_empty_space height=\u201d26px\u201d][wyde_link_button icon=\u201dfa fa-long-arrow-right\u201d size=\u201dlarge\u201d title=\u201dJetzt online [&hellip;]<\/p>\n","protected":false},"author":3,"featured_media":0,"parent":0,"menu_order":0,"comment_status":"closed","ping_status":"closed","template":"","meta":{"footnotes":""},"class_list":["post-2989","page","type-page","status-publish","hentry"],"_links":{"self":[{"href":"https:\/\/mara-siria-camp.com\/de\/wp-json\/wp\/v2\/pages\/2989","targetHints":{"allow":["GET"]}}],"collection":[{"href":"https:\/\/mara-siria-camp.com\/de\/wp-json\/wp\/v2\/pages"}],"about":[{"href":"https:\/\/mara-siria-camp.com\/de\/wp-json\/wp\/v2\/types\/page"}],"author":[{"embeddable":true,"href":"https:\/\/mara-siria-camp.com\/de\/wp-json\/wp\/v2\/users\/3"}],"replies":[{"embeddable":true,"href":"https:\/\/mara-siria-camp.com\/de\/wp-json\/wp\/v2\/comments?post=2989"}],"version-history":[{"count":4,"href":"https:\/\/mara-siria-camp.com\/de\/wp-json\/wp\/v2\/pages\/2989\/revisions"}],"predecessor-version":[{"id":14230,"href":"https:\/\/mara-siria-camp.com\/de\/wp-json\/wp\/v2\/pages\/2989\/revisions\/14230"}],"wp:attachment":[{"href":"https:\/\/mara-siria-camp.com\/de\/wp-json\/wp\/v2\/media?parent=2989"}],"curies":[{"name":"wp","href":"https:\/\/api.w.org\/{rel}","templated":true}]}}