{"id":3001,"date":"2020-05-13T11:08:39","date_gmt":"2020-05-13T11:08:39","guid":{"rendered":"https:\/\/mara-siria-camp.com\/mountain-biking\/"},"modified":"2025-11-04T10:03:02","modified_gmt":"2025-11-04T10:03:02","slug":"masai-mara-mountain-biking","status":"publish","type":"page","link":"https:\/\/mara-siria-camp.com\/de\/masai-mara-mountain-biking\/","title":{"rendered":"Masai Mara Mountain Biking"},"content":{"rendered":"<div class=\"wpb-content-wrapper\"><p>[vc_row][vc_column width=\u201d1\/3\u2033][wyde_heading style=\u201d10\u2033 title=\u201dMasai Mara\u201d subheading=\u201dMountain Biking\u201d subheading_color=\u201d#000000BD\u201d][\/vc_column][vc_column width=\u201d2\/3\u2033][vc_custom_heading text=\u201d<i>Das Mara Siria Camp liegt direkt au\u00dferhalb des Masai Mara Reservats \u2013 das gibt Ihnen die M\u00f6glichkeit, die Gegend mit dem Mountainbike zu erkunden. Von einst\u00fcndigen, halb- oder ganzt\u00e4gigen Mountainbike Touren \u2013 alles ist m\u00f6glich.<\/i>\u201d font_container=\u201dtag:p|font_size:18px|text_align:left|color:%23333333\u2033 use_theme_fonts=\u201dyes\u201d][vc_empty_space height=\u201d20px\u201d][wyde_link_button icon=\u201dfa fa-long-arrow-right\u201d size=\u201dlarge\u201d title=\u201dJetzt online buchen\u201d link=\u201durl:https%3A%2F%2Fmara-siria-camp.com%2Fbooking%2F|title:Online%20Booking\u201d color=\u201d#FFFFFF\u201d bg_color=\u201d#F98D00\u2033 css=\u201d.vc_custom_1762249844412{background-color: #F98D00 !important;}\u201d][\/vc_column][\/vc_row][vc_row padding_size=\u201dno-padding\u201d][vc_column width=\u201d1\/2\u2033][vc_empty_space][wyde_image_gallery image_size=\u201daoraki-large\u201d gallery_type=\u201dgrid w-space\u201d columns=\u201d2\u2033 images=\u201d11146,11145,11144,11877\u2033][\/vc_column][vc_column width=\u201d1\/2\u2033][vc_empty_space height=\u201d10px\u201d][vc_column_text css=\u201d.vc_custom_1762250178973{margin-top: 20px !important;}\u201d]Wer seine Safari in Kenia buchen m\u00f6chte und auf der Suche nach Abwechslung ist, wird dieses Masai Mara Mountain Biking Erlebnis lieben.\u00a0 F\u00fcr alle, die die Masai Mara aktiv und aufregend erkunden m\u00f6chten, bietet eine Mountainbike-Tour auf dem Oloololo Escarpment ein unvergessliches Abenteuer.<br>\nUnsere professionellen Guides stellen Ihnen eine individuelle Tour zusammen: eine sanfte Fahrt, eine kurze Route oder ein anspruchsvolles Abenteuer. Von der einst\u00fcndigen bis zur halbt\u00e4gigen Mountainbike Tour ist alles m\u00f6glich.<br>\nFahren Sie in der N\u00e4he des Safari Camps oder auf unbefestigten Pfaden mit atemberaubenden Ausblicken auf die Masai Mara-Ebenen. Entdecken Sie Giraffen, Zebras und Antilopen, die in der Ferne grasen, und beobachten Sie Raubv\u00f6gel, die \u00fcber Ihnen schweben. Erleben Sie aufregende Abfahrten, sanfte Anstiege und gewundene Pfade durch Masai-D\u00f6rfer und Akazienw\u00e4lder.<br>\nEine Mountainbike Tour auf dem Oloololo Escarpment ist ideal f\u00fcr alle, die ihre Masai Mara Safari mit einem aktiven, besonderen Erlebnis verbinden m\u00f6chten. Sie vereint atemberaubende Landschaften, authentisch kulturelles Eintauchen und sportliche Aktivit\u00e4t zu einer ganz besonderen Erinnerung. in einer unglaublichen Reise kombinieren m\u00f6chten![\/vc_column_text][\/vc_column][\/vc_row][vc_row padding_size=\u201dno-padding\u201d][vc_column][vc_empty_space][\/vc_column][\/vc_row]<\/p>\n<\/div>","protected":false},"excerpt":{"rendered":"<p>[vc_row][vc_column width=\u201d1\/3\u2033][wyde_heading style=\u201d10\u2033 title=\u201dMasai Mara\u201d subheading=\u201dMountain Biking\u201d subheading_color=\u201d#000000BD\u201d][\/vc_column][vc_column width=\u201d2\/3\u2033][vc_custom_heading text=\u201dDas Mara Siria Camp liegt direkt au\u00dferhalb des Masai Mara Reservats \u2013 das gibt Ihnen die M\u00f6glichkeit, die Gegend mit dem Mountainbike zu erkunden. Von einst\u00fcndigen, halb- oder ganzt\u00e4gigen Mountainbike Touren \u2013 alles ist m\u00f6glich.\u201d font_container=\u201dtag:p|font_size:18px|text_align:left|color:%23333333\u2033 use_theme_fonts=\u201dyes\u201d][vc_empty_space height=\u201d20px\u201d][wyde_link_button icon=\u201dfa fa-long-arrow-right\u201d size=\u201dlarge\u201d title=\u201dJetzt online buchen\u201d link=\u201durl:https%3A%2F%2Fmara-siria-camp.com%2Fbooking%2F|title:Online%20Booking\u201d color=\u201d#FFFFFF\u201d [&hellip;]<\/p>\n","protected":false},"author":3,"featured_media":0,"parent":0,"menu_order":0,"comment_status":"closed","ping_status":"closed","template":"","meta":{"footnotes":""},"class_list":["post-3001","page","type-page","status-publish","hentry"],"_links":{"self":[{"href":"https:\/\/mara-siria-camp.com\/de\/wp-json\/wp\/v2\/pages\/3001","targetHints":{"allow":["GET"]}}],"collection":[{"href":"https:\/\/mara-siria-camp.com\/de\/wp-json\/wp\/v2\/pages"}],"about":[{"href":"https:\/\/mara-siria-camp.com\/de\/wp-json\/wp\/v2\/types\/page"}],"author":[{"embeddable":true,"href":"https:\/\/mara-siria-camp.com\/de\/wp-json\/wp\/v2\/users\/3"}],"replies":[{"embeddable":true,"href":"https:\/\/mara-siria-camp.com\/de\/wp-json\/wp\/v2\/comments?post=3001"}],"version-history":[{"count":0,"href":"https:\/\/mara-siria-camp.com\/de\/wp-json\/wp\/v2\/pages\/3001\/revisions"}],"wp:attachment":[{"href":"https:\/\/mara-siria-camp.com\/de\/wp-json\/wp\/v2\/media?parent=3001"}],"curies":[{"name":"wp","href":"https:\/\/api.w.org\/{rel}","templated":true}]}}