{"id":3008,"date":"2020-05-13T11:31:28","date_gmt":"2020-05-13T11:31:28","guid":{"rendered":"https:\/\/mara-siria-camp.com\/wanderungen\/"},"modified":"2026-03-23T18:07:11","modified_gmt":"2026-03-23T18:07:11","slug":"masai-mara-wanderung","status":"publish","type":"page","link":"https:\/\/mara-siria-camp.com\/de\/masai-mara-wanderung\/","title":{"rendered":"Masai Mara Wanderungen"},"content":{"rendered":"<div class=\"wpb-content-wrapper\"><p>[vc_row][vc_column width=\u201d1\/3\u2033][wyde_heading style=\u201d10\u2033 title=\u201dWanderung\u201d subheading=\u201dExplore\u201d subheading_color=\u201d#000000BD\u201d][\/vc_column][vc_column width=\u201d2\/3\u2033][vc_custom_heading text=\u201d<i>Erkunden Sie den wundersch\u00f6ne Oloololo-Steilhang zusammen mit unseren Safari Camp Guides auf einer Masai Mara Wanderung. Entdecken Sie die Flora und Fauna Afrikas aus n\u00e4chster N\u00e4he und genie\u00dfen Sie wunderbare Ausblicke auf den Mara Fluss.<\/i>\u201d font_container=\u201dtag:p|font_size:18px|text_align:left|color:%23333333\u2033 use_theme_fonts=\u201dyes\u201d][vc_empty_space height=\u201d20px\u201d][wyde_link_button icon=\u201dfa fa-long-arrow-right\u201d size=\u201dlarge\u201d title=\u201dJetzt online buchen\u201d link=\u201durl:https%3A%2F%2Fmara-siria-camp.com%2Fbooking%2F|title:Booking\u201d color=\u201d#FFFFFF\u201d bg_color=\u201d#F98D00\u2033 css=\u201d.vc_custom_1762242412161{background-color: #F98D00 !important;}\u201d][\/vc_column][\/vc_row][vc_row][vc_column][vc_empty_space][\/vc_column][\/vc_row][vc_row][vc_column width=\u201d1\/2\u2033][vc_empty_space height=\u201d10px\u201d][vc_single_image img_size=\u201daoraki-large\u201d image=\u201d13710\u2033][vc_empty_space][vc_column_text]Unser traditioneller <strong>Masai-Walk<\/strong> ist ein einzigartiges Erlebnis, bei dem die Besucher die afrikanische Wildnis mit den Augen des Masai-Volkes erkunden k\u00f6nnen, das seit Jahrhunderten in Harmonie mit der Natur lebt. Diese Wanderungen mit unseren erfahrenen Masai-Guides sind ein Bestandteil vieler Masai Mara Pakete\u2013 und sie bieten erstaunliche Einblicke:<\/p>\n<ul>\n<li>Lernen Sie, wie man Fu\u00dfabdr\u00fccke, Kot und andere Anzeichen von Wildtierbewegungen erkennt<\/li>\n<li>Entdecken Sie, wie die Massai einheimische Pflanzen als Medizin, Nahrung und zum \u00dcberleben nutzen<\/li>\n<li>Erhalten Sie Einblicke in uralte Techniken zur Navigation in der Wildnis und zur Koexistenz mit Raubtieren<\/li>\n<li>Erfahren Sie faszinierende Legenden und Br\u00e4uche der Massai und die Bedeutung ihrer Kriegertraditionen<\/li>\n<\/ul>\n<p>[\/vc_column_text][\/vc_column][vc_column width=\u201d1\/2\u2033][vc_empty_space height=\u201d10px\u201d][vc_column_text]Unsere Wanderungen beginnen direkt vom Mara Siria Camp aus, in der Regel am fr\u00fchen Morgen oder am Nachmittag, um unseren G\u00e4sten ein angenehmes Erlebnis zu bieten. W\u00e4hrend der Mittagszeit steigen die Temperaturen deutlich an, was die Wanderungen schwieriger macht und die Aktivit\u00e4t der Wildtiere verringert. In den k\u00fchleren Morgenstunden und am sp\u00e4ten Nachmittag sind die Tiere in der Masai Mara aktiver, was die Chancen erh\u00f6ht, verschiedene Arten zu beobachten, w\u00e4hrend man das goldene Licht des Sonnenauf- oder -untergangs genie\u00dft.<\/p>\n<p>Wir bieten k\u00fcrzere 45-min\u00fctige Foto- und Vogelbeobachtungsspazierg\u00e4nge rund um das Safari Camp, l\u00e4ngere Masai Mara Wanderungen oder einen traditionellen \u201eMasai Walk\u201c von 2-3 Stunden f\u00fcr unsere abenteuerlustigeren G\u00e4ste an.<\/p>\n<p>Folgendes k\u00f6nnen Sie auf so einer gef\u00fchrten <strong>Masai Mara Wanderung<\/strong> erleben:<\/p>\n<ul>\n<li>Genie\u00dfen Sie einen atemberaubenden Panoramablick \u00fcber die weiten Ebenen der Masai Mara<\/li>\n<li>Beobachten Sie Steppenwild wie Zebras, Antilopen und Giraffen \u2013 mit etwas Gl\u00fcck aus n\u00e4chster N\u00e4he!<\/li>\n<li>Beobachten Sie eine reiche Vielfalt an V\u00f6geln mit ihren einzigartigen Merkmalen<\/li>\n<\/ul>\n<p>[\/vc_column_text][vc_empty_space height=\u201d20px\u201d][wyde_image_gallery image_size=\u201daoraki-medium\u201d gallery_type=\u201dgrid w-space\u201d columns=\u201d3\u2033 images=\u201d13290,13291,13292,13295,13294\u2033][vc_empty_space height=\u201d20px\u201d][vc_column_text]Eine Wanderung am Siria Steilhang ist eine Gelegenheit, sich mit der Natur der Masai Mara zu verbinden \u2013 fernab von Menschenmassen und Fahrzeugen \u2013 und die tief verwurzelte Kultur der Massai auf authentische Weise kennenzulernen. Wer seine Safari in Kenia buchen m\u00f6chte, sollte sich dieses Erlebnis im Rahmen eines Masai Mara Pakets nicht entgehen lassen.[\/vc_column_text][\/vc_column][\/vc_row]<\/p>\n<\/div>","protected":false},"excerpt":{"rendered":"<p>[vc_row][vc_column width=\u201d1\/3\u2033][wyde_heading style=\u201d10\u2033 title=\u201dWanderung\u201d subheading=\u201dExplore\u201d subheading_color=\u201d#000000BD\u201d][\/vc_column][vc_column width=\u201d2\/3\u2033][vc_custom_heading text=\u201dErkunden Sie den wundersch\u00f6ne Oloololo-Steilhang zusammen mit unseren Safari Camp Guides auf einer Masai Mara Wanderung. Entdecken Sie die Flora und Fauna Afrikas aus n\u00e4chster N\u00e4he und genie\u00dfen Sie wunderbare Ausblicke auf den Mara Fluss.\u201d font_container=\u201dtag:p|font_size:18px|text_align:left|color:%23333333\u2033 use_theme_fonts=\u201dyes\u201d][vc_empty_space height=\u201d20px\u201d][wyde_link_button icon=\u201dfa fa-long-arrow-right\u201d size=\u201dlarge\u201d title=\u201dJetzt online buchen\u201d link=\u201durl:https%3A%2F%2Fmara-siria-camp.com%2Fbooking%2F|title:Booking\u201d color=\u201d#FFFFFF\u201d bg_color=\u201d#F98D00\u2033 css=\u201d.vc_custom_1762242412161{background-color: [&hellip;]<\/p>\n","protected":false},"author":3,"featured_media":0,"parent":0,"menu_order":0,"comment_status":"closed","ping_status":"closed","template":"","meta":{"footnotes":""},"class_list":["post-3008","page","type-page","status-publish","hentry"],"_links":{"self":[{"href":"https:\/\/mara-siria-camp.com\/de\/wp-json\/wp\/v2\/pages\/3008","targetHints":{"allow":["GET"]}}],"collection":[{"href":"https:\/\/mara-siria-camp.com\/de\/wp-json\/wp\/v2\/pages"}],"about":[{"href":"https:\/\/mara-siria-camp.com\/de\/wp-json\/wp\/v2\/types\/page"}],"author":[{"embeddable":true,"href":"https:\/\/mara-siria-camp.com\/de\/wp-json\/wp\/v2\/users\/3"}],"replies":[{"embeddable":true,"href":"https:\/\/mara-siria-camp.com\/de\/wp-json\/wp\/v2\/comments?post=3008"}],"version-history":[{"count":1,"href":"https:\/\/mara-siria-camp.com\/de\/wp-json\/wp\/v2\/pages\/3008\/revisions"}],"predecessor-version":[{"id":14202,"href":"https:\/\/mara-siria-camp.com\/de\/wp-json\/wp\/v2\/pages\/3008\/revisions\/14202"}],"wp:attachment":[{"href":"https:\/\/mara-siria-camp.com\/de\/wp-json\/wp\/v2\/media?parent=3008"}],"curies":[{"name":"wp","href":"https:\/\/api.w.org\/{rel}","templated":true}]}}