{"id":3037,"date":"2020-05-13T11:43:56","date_gmt":"2020-05-13T11:43:56","guid":{"rendered":"https:\/\/mara-siria-camp.com\/masai-mara-mara-triangle-conservancy\/"},"modified":"2025-11-06T10:59:44","modified_gmt":"2025-11-06T10:59:44","slug":"masai-mara-mara-triangle-conservancy","status":"publish","type":"page","link":"https:\/\/mara-siria-camp.com\/de\/masai-mara-mara-triangle-conservancy\/","title":{"rendered":"Masai Mara &amp; Masai Mara Triangle"},"content":{"rendered":"<div class=\"wpb-content-wrapper\"><p>[vc_row][vc_column width=\u201d1\/3\u2033][wyde_heading style=\u201d10\u2033 title=\u201dMasai Mara\u201d subheading=\u201dTriangle\u201d subheading_color=\u201d#000000BD\u201d][\/vc_column][vc_column width=\u201d2\/3\u2033][vc_custom_heading text=\u201d<i>Die weltber\u00fchmte Masai Mara liegt im S\u00fcdwesten Kenias \u2013 sie wird im S\u00fcden von der Serengeti, im Westen vom Siria H\u00f6henzug und im Norden, Osten und Westen von den traditionellen Weidefl\u00e4chen der Masai begrenzt. Die Masai Mara ist kein Nationalpark, sondern ein Schutzgebiet, bestehend aus verschiedenen Reservaten, die den Masai geh\u00f6ren und von \u00f6rtlichen Bezirksr\u00e4ten verwaltet werden. Es ist eines der bekanntesten und beliebtesten Safari Gebiete in Afrika und ein beliebter Ort f\u00fcr jede gut geplante Safari Buchung.<\/i>\u201d font_container=\u201dtag:p|font_size:18px|text_align:left|color:%23333333\u2033 use_theme_fonts=\u201dyes\u201d][vc_empty_space height=\u201d20px\u201d][vc_column_text]Die Masai Mara ist besonders ber\u00fchmt f\u00fcr die gro\u00dfe Anzahl von Raubtieren wie L\u00f6wen und Geparden und die gro\u00dfe Migration \u2013 ein Spektakel bei dem 1,5 Millionen Gnus durch das <strong>Masai Mara Triangle Reservat<\/strong> wandern und auf der Suche nach neuen Grasfl\u00e4chen auch den Masai Mara Fluss \u00fcberqueren (dies ist der H\u00f6hepunkt f\u00fcr Besucher im Masai Mara Camp, da sich Raubtiere wie L\u00f6wen und Krokodile hier auf die Lauer legen). Eine Safari w\u00e4hrend dieser Zeit ist ein einmaliges Erlebnis.[\/vc_column_text][vc_empty_space height=\u201d20px\u201d][wyde_link_button icon=\u201dfa fa-long-arrow-right\u201d size=\u201dlarge\u201d title=\u201dJetzt online buchen\u201d link=\u201durl:https%3A%2F%2Fmara-siria-camp.com%2Fbooking%2F|title:Booking\u201d color=\u201d#FFFFFF\u201d bg_color=\u201d#F98D00\u2033 css=\u201d.vc_custom_1762425571421{background-color: #F98D00 !important;}\u201d][\/vc_column][\/vc_row][vc_row][vc_column][vc_empty_space height=\u201d50px\u201d][\/vc_column][\/vc_row][vc_row][vc_column width=\u201d1\/2\u2033][wyde_image_gallery image_size=\u201daoraki-fullwidth\u201d gallery_type=\u201dgrid w-space\u201d columns=\u201d1\u2033 hover_effect=\u201dzoomIn\u201d images=\u201d11166\u2033][\/vc_column][vc_column width=\u201d1\/2\u2033][vc_empty_space height=\u201d150px\u201d][vc_column_text css=\u201d.vc_custom_1762425902543{margin-top: 20px !important;}\u201d]<\/p>\n<h3 id=\"das-masai-mara-triangle-schutzgebiet\">Das Masai Mara Triangle Schutzgebiet<\/h3>\n<h5>Ein gut geh\u00fctetes Safari Geheimnis \u2013 Masai Mara Triangle Reserve<\/h5>\n<p>Das Mara Siria Camp befindet sich nahe des Oloololo Eingangs des Masai Mara Triangle Reserve \u2013 dem bestgeh\u00fcteten Safari Geheimnis der Masai Mara. Das Triangle bildet den nordwestlichen Teil des Masai Mara Reservats und wird von der Mara Conservancy im Auftrag des Trans-Mara County Council verwaltet. Es umfasst 51.000 Hektar (ein Drittel des gesamten Masai Mara-Reservats), hat gepflegte Allwetterstra\u00dfen und unterh\u00e4lt eine Reihe von Ma\u00dfnahmen, die den Schutz von Land und Wildtieren sicherstellen. G\u00e4ste, die hier ihr Safari Camp buchen, profitieren von einer besonders ruhigen und gesch\u00fctzten Umgebung. Ranger patrouillieren regelm\u00e4\u00dfig, um sicherzustellen, dass die Parkregeln eingehalten werden. Dies bedeutet auch, dass es fast keine Wilderei gibt. Zudem wird darauf geachtet, dass die Masai Mara Safari f\u00fcr Mensch und Tier respektvoll verl\u00e4uft, z. B. durch eine Beschr\u00e4nkung von Fahrzeugen je Tierbeobachtungsszene und Mindestabst\u00e4nden zu den Tieren, sodass eine hervorragende Wildbeobachtung auf Safari m\u00f6glich ist. Das Masai Mara Triangle Reservat verspricht erstklassige und authentische Safaris in der Masai Mara. Ein zus\u00e4tzliches Plus: Der Mara Fluss liegt ebenfalls im Masai Mara Triangle.[\/vc_column_text][\/vc_column][\/vc_row][vc_row][vc_column][vc_empty_space height=\u201d50px\u201d][\/vc_column][\/vc_row][vc_row][vc_column width=\u201d1\/2\u2033][vc_column_text css=\u201d.vc_custom_1762426054093{margin-top: 20px !important;}\u201d]<\/p>\n<h3 style=\"text-align: right;\" id=\"die-landschaft\">Die Landschaft<\/h3>\n<h5 style=\"text-align: right;\">Was Sie in der Masai Mara erwartet<\/h5>\n<p style=\"text-align: right;\">Die Masai Mara zeichnet sich durch eine abwechslungsreiche stimmungsvolle Landschaft, wie man sie aus dem Film \u201eJenseits von Afrika\u201c kennt, aus \u2013 der Film wurde auf dem Siria H\u00f6henzug in der N\u00e4he des Camps gedreht. Offene Savannen mit Schirmarkazien bieten einen romantisch weiten Ausblick in gro\u00dfe Teile der Mara. Der Siria-H\u00f6henzug bildet ein spektakul\u00e4res Plateau an der westlichen Grenze, \u00fcppige Wiesen und W\u00e4lder wachsen rund um den Mara-Fluss und sandige Ebenen mit kleineren B\u00fcschen gestalten die Landschaft im Osten der Mara. Ein perfektes Setting f\u00fcr Ihre Safari in Kenia!<\/p>\n<p>[\/vc_column_text][\/vc_column][vc_column width=\u201d1\/2\u2033][vc_empty_space height=\u201d25px\u201d][wyde_image_gallery image_size=\u201dmedium\u201d gallery_type=\u201dgrid w-space\u201d columns=\u201d1\u2033 hover_effect=\u201dzoomIn\u201d images=\u201d11168\u2033][\/vc_column][\/vc_row][vc_row][vc_column][vc_empty_space height=\u201d50px\u201d][\/vc_column][\/vc_row][vc_row][vc_column width=\u201d1\/2\u2033][wyde_image_gallery image_size=\u201dmedium\u201d gallery_type=\u201dgrid w-space\u201d columns=\u201d1\u2033 hover_effect=\u201dzoomIn\u201d images=\u201d11169\u2033][\/vc_column][vc_column width=\u201d1\/2\u2033][vc_column_text css=\u201d.vc_custom_1739948203899{margin-top: 20px !important;}\u201d]<\/p>\n<h3 id=\"flora-und-fauna\">Flora und Fauna<\/h3>\n<h5>Unvergleichbare Tierwelt der Masa Mara und des Mara Triangle<\/h5>\n<p>Eine der gr\u00f6\u00dften Attraktionen in der Masai Mara sind Kenias ber\u00fchmte Big Five, die sogar auf einer Pirschfahrt entdeckt werden k\u00f6nnen: L\u00f6we, Leopard, Elefant, Nashorn und B\u00fcffel. Besonders L\u00f6wen sind im Masai Mara Triangle sehr h\u00e4ufig und leicht zu erkennen. In den Ebenen der Mara leben eine Vielzahl anderer Tiere wie Gnus, Zebras, Giraffen, Impalas und Thomsons Gazellen. Auch Geparden, Hy\u00e4nen und Schakale sind regelm\u00e4\u00dfig im Masai Mara Reservat zu sehen. Eine enorme Anzahl von Flusspferden und Krokodilen leben im und um den Mara Fluss. Die Vogelwelt der Masai Mara ist ebenso beeindruckend, aber weniger ber\u00fchmt. Es wurden \u00fcber 470 Vogelarten erfasst. Arten wie Adler, Strau\u00dfe, St\u00f6rche und Geier geh\u00f6ren zu den mehr als 50 verschiedenen Greifvogelarten.[\/vc_column_text][\/vc_column][\/vc_row]<\/p>\n<\/div>","protected":false},"excerpt":{"rendered":"<p>[vc_row][vc_column width=\u201d1\/3\u2033][wyde_heading style=\u201d10\u2033 title=\u201dMasai Mara\u201d subheading=\u201dTriangle\u201d subheading_color=\u201d#000000BD\u201d][\/vc_column][vc_column width=\u201d2\/3\u2033][vc_custom_heading text=\u201dDie weltber\u00fchmte Masai Mara liegt im S\u00fcdwesten Kenias \u2013 sie wird im S\u00fcden von der Serengeti, im Westen vom Siria H\u00f6henzug und im Norden, Osten und Westen von den traditionellen Weidefl\u00e4chen der Masai begrenzt. Die Masai Mara ist kein Nationalpark, sondern ein Schutzgebiet, bestehend aus verschiedenen Reservaten, [&hellip;]<\/p>\n","protected":false},"author":3,"featured_media":0,"parent":0,"menu_order":0,"comment_status":"closed","ping_status":"closed","template":"","meta":{"footnotes":""},"class_list":["post-3037","page","type-page","status-publish","hentry"],"_links":{"self":[{"href":"https:\/\/mara-siria-camp.com\/de\/wp-json\/wp\/v2\/pages\/3037","targetHints":{"allow":["GET"]}}],"collection":[{"href":"https:\/\/mara-siria-camp.com\/de\/wp-json\/wp\/v2\/pages"}],"about":[{"href":"https:\/\/mara-siria-camp.com\/de\/wp-json\/wp\/v2\/types\/page"}],"author":[{"embeddable":true,"href":"https:\/\/mara-siria-camp.com\/de\/wp-json\/wp\/v2\/users\/3"}],"replies":[{"embeddable":true,"href":"https:\/\/mara-siria-camp.com\/de\/wp-json\/wp\/v2\/comments?post=3037"}],"version-history":[{"count":0,"href":"https:\/\/mara-siria-camp.com\/de\/wp-json\/wp\/v2\/pages\/3037\/revisions"}],"wp:attachment":[{"href":"https:\/\/mara-siria-camp.com\/de\/wp-json\/wp\/v2\/media?parent=3037"}],"curies":[{"name":"wp","href":"https:\/\/api.w.org\/{rel}","templated":true}]}}