{"id":3044,"date":"2020-05-13T11:44:42","date_gmt":"2020-05-13T11:44:42","guid":{"rendered":"https:\/\/mara-siria-camp.com\/hochzeiten-honeymoons\/"},"modified":"2025-09-09T07:50:50","modified_gmt":"2025-09-09T07:50:50","slug":"hochzeit-hochzeitsreise-masai-mara","status":"publish","type":"page","link":"https:\/\/mara-siria-camp.com\/de\/hochzeit-hochzeitsreise-masai-mara\/","title":{"rendered":"Hochzeiten &amp; Hochzeitsreisen"},"content":{"rendered":"<div class=\"wpb-content-wrapper\"><p>[vc_row][vc_column width=\u201d1\/3\u2033][wyde_heading style=\u201d10\u2033 title=\u201dHochzeiten\u201d subheading=\u201dFeiern\u201d][\/vc_column][vc_column width=\u201d2\/3\u2033][vc_custom_heading text=\u201d<i>Unser Safari Camp bietet die perfekte Kulisse f\u00fcr eine Zeremonie im traditionellen Safari-Stil mit Blick auf die atemberaubende Masai Mara. \u00dcberlassen Sie uns alle Formalit\u00e4ten \u2013 wir organisieren einen Pastor oder Bezirkskommissar und gestalten eine unvergessliche Feier, ob Hochzeit, Jubil\u00e4um oder besonderer Anlass. Freuen Sie sich auf stimmungsvolle Dekorationen, festliche Men\u00fcs oder ein romantisches Candle-Light-Bush-Dinner unter dem Sternenhimmel, traditionelle Tanzvorf\u00fchrungen und vieles mehr.<\/i>\u201d font_container=\u201dtag:p|font_size:18px|text_align:left\u201d use_theme_fonts=\u201dyes\u201d][vc_empty_space height=\u201d20px\u201d][wyde_link_button icon=\u201dfa fa-long-arrow-right\u201d size=\u201dlarge\u201d title=\u201dJetzt online buchen\u201d link=\u201durl:https%3A%2F%2Fmara-siria-camp.com%2Fbooking%2F|title:Booking\u201d color=\u201d#FFFFFF\u201d bg_color=\u201d#F98D00\u2033 css=\u201d.vc_custom_1757403083275{background-color: #F98D00 !important;}\u201d][\/vc_column][\/vc_row][vc_row][vc_column][vc_empty_space][\/vc_column][\/vc_row][vc_row padding_size=\u201dno-padding\u201d css=\u201d.vc_custom_1737314437565{padding-bottom: 40px !important;}\u201d][vc_column padding_size=\u201dno-padding\u201d width=\u201d1\/2\u2033 css=\u201d.vc_custom_1737313872176{padding-right: 40px !important;padding-left: 40px !important;}\u201d][vc_column_text]<img loading=\"lazy\" decoding=\"async\" class=\"aligncenter wp-image-11022 size-large\" src=\"https:\/\/mara-siria-camp.com\/wp-content\/uploads\/2025\/02\/Wedding-left-479x650.jpg\" alt=\"\" width=\"479\" height=\"650\" srcset=\"https:\/\/mara-siria-camp.com\/wp-content\/uploads\/2025\/02\/Wedding-left-479x650.jpg 479w, https:\/\/mara-siria-camp.com\/wp-content\/uploads\/2025\/02\/Wedding-left-295x400.jpg 295w, https:\/\/mara-siria-camp.com\/wp-content\/uploads\/2025\/02\/Wedding-left-768x1042.jpg 768w, https:\/\/mara-siria-camp.com\/wp-content\/uploads\/2025\/02\/Wedding-left-1132x1536.jpg 1132w, https:\/\/mara-siria-camp.com\/wp-content\/uploads\/2025\/02\/Wedding-left-640x869.jpg 640w, https:\/\/mara-siria-camp.com\/wp-content\/uploads\/2025\/02\/Wedding-left.jpg 1179w\" sizes=\"auto, (max-width: 479px) 100vw, 479px\">[\/vc_column_text][vc_empty_space height=\u201d20px\u201d][\/vc_column][vc_column width=\u201d1\/2\u2033][vc_empty_space height=\u201d20px\u201d][vc_column_text]<\/p>\n<h3 style=\"text-align: left;\" id=\"hochzeiten-hochzeitsreisen-jahrestage-in-der-masai-mara\">Hochzeiten, Hochzeitsreisen &amp; Jahrestage in der Masai Mara<\/h3>\n<p>[\/vc_column_text][vc_column_text css=\u201d.vc_custom_1757403703299{margin-top: 20px !important;}\u201d]\u00dcberlassen Sie uns die Organisation: Wir k\u00fcmmern uns um alle Formalit\u00e4ten, einen Pastor oder Distriktbeauftragten bis hin zur stimmungsvollen Dekoration. Genie\u00dfen Sie ein formelles Dinner oder ein privates romantisches Candle-Light-Dinner unter dem afrikanischen Sternenhimmel der Masai Mara, eine kulturelle Tanzvorf\u00fchrung, die Flitterwochen und vieles mehr.<\/p>\n<p>Zusammen mit unserer Schwesterfirma <a title=\"Phoenix Safaris, ihr Safari Partner in Kenia\" href=\"https:\/\/phoenix-safaris.com\/de\" target=\"_blank\" rel=\"noopener\"><b>Phoenix Safaris <\/b><\/a>bieten wir Ihnen komplette\u00a0Masai Mara Pakete. Ob luxuri\u00f6se\u00a0 All inclusive Safari Paket, Masai Mara Unterkunft, individuell zugeschnittene Hochzeitsreise oder Kombi-Angebot mit Safari und Strand:https:\/\/phoenix-safaris.com\/de Wir gestalten Ihre Reise nach Ma\u00df \u2013 f\u00fcr Erinnerungen, die bleiben.[\/vc_column_text][vc_empty_space height=\u201d50px\u201d][wyde_image_gallery gallery_type=\u201dgrid w-space\u201d hover_effect=\u201dzoomIn\u201d images=\u201d11015,11014,11016,11018,11019,11017,11021,11020\u2033][\/vc_column][\/vc_row]<\/p>\n<\/div>","protected":false},"excerpt":{"rendered":"<p>[vc_row][vc_column width=\u201d1\/3\u2033][wyde_heading style=\u201d10\u2033 title=\u201dHochzeiten\u201d subheading=\u201dFeiern\u201d][\/vc_column][vc_column width=\u201d2\/3\u2033][vc_custom_heading text=\u201dUnser Safari Camp bietet die perfekte Kulisse f\u00fcr eine Zeremonie im traditionellen Safari-Stil mit Blick auf die atemberaubende Masai Mara. \u00dcberlassen Sie uns alle Formalit\u00e4ten \u2013 wir organisieren einen Pastor oder Bezirkskommissar und gestalten eine unvergessliche Feier, ob Hochzeit, Jubil\u00e4um oder besonderer Anlass. Freuen Sie sich auf stimmungsvolle Dekorationen, [&hellip;]<\/p>\n","protected":false},"author":3,"featured_media":0,"parent":0,"menu_order":0,"comment_status":"closed","ping_status":"closed","template":"","meta":{"footnotes":""},"class_list":["post-3044","page","type-page","status-publish","hentry"],"_links":{"self":[{"href":"https:\/\/mara-siria-camp.com\/de\/wp-json\/wp\/v2\/pages\/3044","targetHints":{"allow":["GET"]}}],"collection":[{"href":"https:\/\/mara-siria-camp.com\/de\/wp-json\/wp\/v2\/pages"}],"about":[{"href":"https:\/\/mara-siria-camp.com\/de\/wp-json\/wp\/v2\/types\/page"}],"author":[{"embeddable":true,"href":"https:\/\/mara-siria-camp.com\/de\/wp-json\/wp\/v2\/users\/3"}],"replies":[{"embeddable":true,"href":"https:\/\/mara-siria-camp.com\/de\/wp-json\/wp\/v2\/comments?post=3044"}],"version-history":[{"count":0,"href":"https:\/\/mara-siria-camp.com\/de\/wp-json\/wp\/v2\/pages\/3044\/revisions"}],"wp:attachment":[{"href":"https:\/\/mara-siria-camp.com\/de\/wp-json\/wp\/v2\/media?parent=3044"}],"curies":[{"name":"wp","href":"https:\/\/api.w.org\/{rel}","templated":true}]}}