{"id":3072,"date":"2020-05-13T12:07:51","date_gmt":"2020-05-13T12:07:51","guid":{"rendered":"https:\/\/mara-siria-camp.com\/overview-facilities\/"},"modified":"2025-09-05T06:44:23","modified_gmt":"2025-09-05T06:44:23","slug":"uebersicht-ausstattung-safari-camp","status":"publish","type":"page","link":"https:\/\/mara-siria-camp.com\/de\/uebersicht-ausstattung-safari-camp\/","title":{"rendered":"\u00dcbersicht &amp; Ausstattung"},"content":{"rendered":"<div class=\"wpb-content-wrapper\"><p>[vc_row][vc_column width=\u201d1\/3\u2033][wyde_heading style=\u201d10\u2033 title=\u201dAusstattung\u201d subheading=\u201d\u00dcbersicht\u201d][\/vc_column][vc_column width=\u201d2\/3\u2033][vc_custom_heading text=\u201d<i>Das Luxus Safari Camp f\u00fcgt sich harmonisch in die nat\u00fcrliche Umgebung ein und bietet eine einzigartige Gelegenheit, die nat\u00fcrliche Sch\u00f6nheit der Masai Mara zu erkunden. Selbst nach der R\u00fcckkehr von einem Safari-Tag bleibt das Gef\u00fchl bestehen, in die Wildnis eingetaucht zu sein. Das Camp ist nicht eingez\u00e4unt sodas Wildtiere (Antilopen, Zebras und andere) oft auf dem Gel\u00e4nde grasen. Strom und Warmwasser werden im Camp auf umweltfreundliche Weise erzeugt \u2013 das Camp ist von Ecotourism Kenya mit Silber zertifiziert.<\/i>\u201d font_container=\u201dtag:p|font_size:18px|text_align:left\u201d use_theme_fonts=\u201dyes\u201d][vc_empty_space height=\u201d20px\u201d][wyde_link_button icon=\u201dfa fa-long-arrow-right\u201d size=\u201dlarge\u201d title=\u201dJetzt Online Buchen\u201d link=\u201durl:https%3A%2F%2Fmara-siria-camp.com%2Fde%2Fbuchung%2F|title:Reisen%20nach%20Kenia%20%E2%80%93%20Einreisebestimmungen\u201d color=\u201d#FFFFFF\u201d bg_color=\u201d#F98D00\u2033 css=\u201d.vc_custom_1757052400842{background-color: #930E0E !important;}\u201d][\/vc_column][\/vc_row][vc_row][vc_column][vc_empty_space height=\u201d50px\u201d][\/vc_column][\/vc_row][vc_row][vc_column width=\u201d1\/2\u2033][vc_column_text]<img loading=\"lazy\" decoding=\"async\" class=\"aligncenter wp-image-10968 size-large\" src=\"https:\/\/mara-siria-camp.com\/wp-content\/uploads\/2025\/02\/Deluxe-Inside-2-980x490.jpg\" alt=\"Deluxe Tent im Masai Mara Luxus Safari Camp\" width=\"980\" height=\"490\" srcset=\"https:\/\/mara-siria-camp.com\/wp-content\/uploads\/2025\/02\/Deluxe-Inside-2-980x490.jpg 980w, https:\/\/mara-siria-camp.com\/wp-content\/uploads\/2025\/02\/Deluxe-Inside-2-400x200.jpg 400w, https:\/\/mara-siria-camp.com\/wp-content\/uploads\/2025\/02\/Deluxe-Inside-2-768x384.jpg 768w, https:\/\/mara-siria-camp.com\/wp-content\/uploads\/2025\/02\/Deluxe-Inside-2-640x320.jpg 640w, https:\/\/mara-siria-camp.com\/wp-content\/uploads\/2025\/02\/Deluxe-Inside-2.jpg 1200w\" sizes=\"auto, (max-width: 980px) 100vw, 980px\">[\/vc_column_text][vc_empty_space height=\u201d20px\u201d][wyde_info_box title=\u201dUnterkunft\u201d]<\/p>\n<p style=\"text-align: left;\">Das Luxus Safari Camp verf\u00fcgt \u00fcber 14 gro\u00dfz\u00fcgige Zelte (8 Luxus- und 6 Deluxe-Zelte) sowie 2 charmante Cottages. Jedes ist mit gem\u00fctlichen M\u00f6beln eingerichtet und bietet eine private Terrasse. Die eigenen B\u00e4der sind mit Handwaschbecken und Sp\u00fcltoilette sowie einer (Safari)dusche ausgestattet und verbinden Komfort mit dem Gef\u00fchl, mitten in der Natur zu sein. Ob im Zelt oder Cottage \u2013 die Unterk\u00fcnfte schaffen eine pers\u00f6nliche und zugleich authentische Atmosph\u00e4re, in der man nach erlebnisreichen Safaritagen zur Ruhe kommt.<\/p>\n<p>[\/wyde_info_box]<span id=\"creative-link-wrap-8095\" class=\"ult_main_cl ult-adjust-bottom-margin  \">\n\t \t\t\t<span class=\"ult_cl_link_1  ult_crlink\">\n\t\t\t\t\t<a data-ultimate-target=\"#creative-link-wrap-8095 .ult_colorlink\" data-responsive-json-new='{\"font-size\":\"\",\"line-height\":\"\"}' href=\"https:\/\/mara-siria-camp.com\/de\/unterkunft\/\" title=\"mehr\" class=\"ult_colorlink ult-responsive \" style=\"font-weight:normal;color:#F98D00; \" data-textcolor=\"#F98D00\" data-texthover=\"#930E0E\" data-style=\"Style_1\">\n\t\t\t\t\t\t\n\t\t\t\t\t\t<span data-hover=\"mehr erfahren\" style=\"color:#F98D00;;;\" class=\"ult_btn10_span   \">mehr erfahren<\/span>\n\t\t\t\t\t\t\n\t\t\t\t\t<\/a>\n\t\t\t\t<\/span>\n\t\t\t<\/span>[\/vc_column][vc_column width=\u201d1\/2\u2033][vc_column_text]<img loading=\"lazy\" decoding=\"async\" class=\"aligncenter wp-image-10969 size-large\" src=\"https:\/\/mara-siria-camp.com\/wp-content\/uploads\/2025\/02\/Breakfast-980x490.jpg\" alt=\"Lounge Bereich f\u00fcr Mahlzeiten im Mara Siria Camp mit Aussicht\" width=\"980\" height=\"490\" srcset=\"https:\/\/mara-siria-camp.com\/wp-content\/uploads\/2025\/02\/Breakfast-980x490.jpg 980w, https:\/\/mara-siria-camp.com\/wp-content\/uploads\/2025\/02\/Breakfast-400x200.jpg 400w, https:\/\/mara-siria-camp.com\/wp-content\/uploads\/2025\/02\/Breakfast-768x384.jpg 768w, https:\/\/mara-siria-camp.com\/wp-content\/uploads\/2025\/02\/Breakfast-640x320.jpg 640w, https:\/\/mara-siria-camp.com\/wp-content\/uploads\/2025\/02\/Breakfast.jpg 1200w\" sizes=\"auto, (max-width: 980px) 100vw, 980px\">[\/vc_column_text][vc_empty_space height=\u201d20px\u201d][wyde_info_box title=\u201dMahlzeiten &amp; Getr\u00e4nke\u201d]<\/p>\n<p style=\"text-align: left;\">Im Mara Siria Camp erwartet die G\u00e4ste eine abwechslungsreiche K\u00fcche, die frische, lokal bezogene Zutaten mit internationalen Einfl\u00fcssen verbindet. Die Bar h\u00e4lt eine Auswahl an erfrischenden Getr\u00e4nken und Cocktails bereit \u2013 ideal, um nach einer Safari den Blick in die Weite der Mara schweifen zu lassen.<br>\nOb beim Dinner unter freiem Himmel, im gem\u00fctlichen Restaurant oder ganz privat auf der eigenen Terrasse: jede Mahlzeit im Luxus Safari Camp wird zu einem besonderen Erlebnis. F\u00fcr Pirschfahrten oder Ganztagestouren bereitet das Team gerne liebevoll arrangierte Picknicks vor. Selbstverst\u00e4ndlich ber\u00fccksichtigt der K\u00fcchenchef individuelle W\u00fcnsche und Ern\u00e4hrungsbed\u00fcrfnisse, sodass jeder Gast die kulinarische Seite des Camps in vollen Z\u00fcgen genie\u00dfen kann.<\/p>\n<p>[\/wyde_info_box][\/vc_column][\/vc_row][vc_row][vc_column][vc_empty_space height=\u201d50px\u201d][\/vc_column][\/vc_row][vc_row][vc_column width=\u201d1\/2\u2033][vc_column_text]<img loading=\"lazy\" decoding=\"async\" class=\"aligncenter wp-image-10971 size-full\" src=\"https:\/\/mara-siria-camp.com\/wp-content\/uploads\/2025\/02\/PlungePool.jpg\" alt=\"Plunge Pool mit Aussicht in der Masai Mara\" width=\"800\" height=\"495\" srcset=\"https:\/\/mara-siria-camp.com\/wp-content\/uploads\/2025\/02\/PlungePool.jpg 800w, https:\/\/mara-siria-camp.com\/wp-content\/uploads\/2025\/02\/PlungePool-400x248.jpg 400w, https:\/\/mara-siria-camp.com\/wp-content\/uploads\/2025\/02\/PlungePool-768x475.jpg 768w, https:\/\/mara-siria-camp.com\/wp-content\/uploads\/2025\/02\/PlungePool-640x396.jpg 640w\" sizes=\"auto, (max-width: 800px) 100vw, 800px\">[\/vc_column_text][vc_empty_space height=\u201d20px\u201d][wyde_info_box title=\u201dDer Plunge Pool\u201d]<\/p>\n<p style=\"text-align: left;\">Der Plunge Pool im Mara Siria Camp l\u00e4dt dazu ein, nach einer aufregenden Safari in die k\u00fchle Erfrischung einzutauchen und dabei den unvergleichlichen Blick \u00fcber die Masai Mara zu genie\u00dfen. Eingebettet in die Ruhe der Natur ist er ein idealer R\u00fcckzugsort, um die Eindr\u00fccke des Tages in aller Gelassenheit wirken zu lassen.<br>\nOb entspannt im Wasser, mit einem Sundowner in der Hand oder auf einer Liege mit Blick in die Weite \u2013 der Pool bietet Momente purer Entspannung mitten im Busch. Und da nur wenige Camps im Mara Triangle einen Pool mit dieser Aussicht haben, ist er nicht nur ein Highlight f\u00fcr K\u00f6rper und Seele, sondern auch ein garantiert \u201einstagram-tauglicher\u201c Spot f\u00fcr unvergessliche Erinnerungsfotos.<\/p>\n<p>[\/wyde_info_box]<span id=\"creative-link-wrap-4141\" class=\"ult_main_cl ult-adjust-bottom-margin  \">\n\t \t\t\t<span class=\"ult_cl_link_1  ult_crlink\">\n\t\t\t\t\t<a data-ultimate-target=\"#creative-link-wrap-4141 .ult_colorlink\" data-responsive-json-new='{\"font-size\":\"\",\"line-height\":\"\"}' href=\"https:\/\/mara-siria-camp.com\/de\/tauchbecken\/\" title=\"weiterlesen\" class=\"ult_colorlink ult-responsive \" style=\"font-weight:normal;color:#F98D00; \" data-textcolor=\"#F98D00\" data-texthover=\"#930E0E\" data-style=\"Style_1\">\n\t\t\t\t\t\t\n\t\t\t\t\t\t<span data-hover=\"mehr erfahren\" style=\"color:#F98D00;;;\" class=\"ult_btn10_span   \">mehr erfahren<\/span>\n\t\t\t\t\t\t\n\t\t\t\t\t<\/a>\n\t\t\t\t<\/span>\n\t\t\t<\/span>[\/vc_column][vc_column width=\u201d1\/2\u2033][vc_column_text]<img loading=\"lazy\" decoding=\"async\" class=\"aligncenter wp-image-10973 size-full\" src=\"https:\/\/mara-siria-camp.com\/wp-content\/uploads\/2025\/02\/Untitled-12.png\" alt=\"Viewing Platforms\" width=\"800\" height=\"495\" srcset=\"https:\/\/mara-siria-camp.com\/wp-content\/uploads\/2025\/02\/Untitled-12.png 800w, https:\/\/mara-siria-camp.com\/wp-content\/uploads\/2025\/02\/Untitled-12-400x248.png 400w, https:\/\/mara-siria-camp.com\/wp-content\/uploads\/2025\/02\/Untitled-12-768x475.png 768w, https:\/\/mara-siria-camp.com\/wp-content\/uploads\/2025\/02\/Untitled-12-640x396.png 640w\" sizes=\"auto, (max-width: 800px) 100vw, 800px\">[\/vc_column_text][vc_empty_space height=\u201d20px\u201d][wyde_info_box title=\u201dAussichtsplattformen &amp; G\u00e4stebereiche\u201d]<\/p>\n<p style=\"text-align: left;\">Die weitl\u00e4ufigen Aussichtsplattformen unseres Safar Camps er\u00f6ffnen einen unvergleichlichen Panoramablick \u00fcber die Masai Mara. Schon am fr\u00fchen Morgen lohnt es sich, mit einer frisch gebr\u00fchten Tasse Kaffee den Sonnenaufgang zu erleben und das Erwachen der Savanne zu beobachten.<br>\nAm Abend verwandelt sich die Szenerie in ein stimmungsvolles Schauspiel: Ein Sundowner auf der Terrasse oder ein Platz am Lagerfeuer, geh\u00f6rt zu den unvergesslichen Momenten eines Aufenthalts. Und sollte das Wetter einmal nicht mitspielen, empf\u00e4ngt eine gem\u00fctliche Lounge im Safari Camp die G\u00e4ste \u2013 perfekt zum Entspannen, Lesen oder f\u00fcr Gespr\u00e4che in entspannter Atmosph\u00e4re.<\/p>\n<p>[\/wyde_info_box][\/vc_column][\/vc_row][vc_row][vc_column][vc_empty_space height=\u201d50px\u201d][\/vc_column][\/vc_row][vc_row][vc_column width=\u201d1\/3\u2033][wyde_info_box title=\u201dSonstige Einrichtungen\u201d]<\/p>\n<p style=\"text-align: left;\">Zu den Einrichtungen des Safari Camps geh\u00f6ren auch ein kleiner Konferenzraum und ein Souvenirladen.<\/p>\n<p>[\/wyde_info_box][\/vc_column][vc_column width=\u201d1\/3\u2033][wyde_info_box title=\u201dElektrizit\u00e4t &amp; Wi-Fi\u201d]<\/p>\n<p style=\"text-align: left;\">Das Camp wird mit Solarenergie betrieben, die eine zuverl\u00e4ssige Stromversorgung f\u00fcr die Beleuchtung in allen Unterk\u00fcnfte gew\u00e4hrleistet. Wichtige Ger\u00e4te k\u00f6nnen im Lounge-Bereich oder im B\u00fcro des Managers aufgeladen werden. Wi-Fi ist in ausgewiesenen Bereichen verf\u00fcgbar. Unsere Deluxezelte sind mit Steckdosen und eigenem WIFI ausgestattet.<\/p>\n<p>[\/wyde_info_box][\/vc_column][vc_column width=\u201d1\/3\u2033][wyde_info_box title=\u201dWildtiere im Camp\u201d]<\/p>\n<p style=\"text-align: left;\">Im Mara Siria Safari Camp k\u00f6nnen Sie Wildtiere nicht nur auf Masai Mara Game Drives beobachten \u2013 sie sind Teil Ihrer t\u00e4glichen Erfahrung! Das Camp ist nicht eingez\u00e4unt und wird oft von grasenden Zebras, Antilopen und einer Vielzahl von Vogelarten besucht, die auch ihren Durst an der Wasserstelle des Safari Camps stillen. Nachts k\u00f6nnen Sie in der Ferne das Br\u00fcllen von L\u00f6wen oder die Rufe von Hy\u00e4nen h\u00f6ren, was den Zauber eines authentischen Masai Mara Safari noch verst\u00e4rkt.<\/p>\n<p>[\/wyde_info_box][\/vc_column][\/vc_row]<\/p>\n<\/div>","protected":false},"excerpt":{"rendered":"<p>[vc_row][vc_column width=\u201d1\/3\u2033][wyde_heading style=\u201d10\u2033 title=\u201dAusstattung\u201d subheading=\u201d\u00dcbersicht\u201d][\/vc_column][vc_column width=\u201d2\/3\u2033][vc_custom_heading text=\u201dDas Luxus Safari Camp f\u00fcgt sich harmonisch in die nat\u00fcrliche Umgebung ein und bietet eine einzigartige Gelegenheit, die nat\u00fcrliche Sch\u00f6nheit der Masai Mara zu erkunden. Selbst nach der R\u00fcckkehr von einem Safari-Tag bleibt das Gef\u00fchl bestehen, in die Wildnis eingetaucht zu sein. Das Camp ist nicht eingez\u00e4unt sodas Wildtiere [&hellip;]<\/p>\n","protected":false},"author":3,"featured_media":0,"parent":0,"menu_order":0,"comment_status":"closed","ping_status":"closed","template":"","meta":{"footnotes":""},"class_list":["post-3072","page","type-page","status-publish","hentry"],"_links":{"self":[{"href":"https:\/\/mara-siria-camp.com\/de\/wp-json\/wp\/v2\/pages\/3072","targetHints":{"allow":["GET"]}}],"collection":[{"href":"https:\/\/mara-siria-camp.com\/de\/wp-json\/wp\/v2\/pages"}],"about":[{"href":"https:\/\/mara-siria-camp.com\/de\/wp-json\/wp\/v2\/types\/page"}],"author":[{"embeddable":true,"href":"https:\/\/mara-siria-camp.com\/de\/wp-json\/wp\/v2\/users\/3"}],"replies":[{"embeddable":true,"href":"https:\/\/mara-siria-camp.com\/de\/wp-json\/wp\/v2\/comments?post=3072"}],"version-history":[{"count":0,"href":"https:\/\/mara-siria-camp.com\/de\/wp-json\/wp\/v2\/pages\/3072\/revisions"}],"wp:attachment":[{"href":"https:\/\/mara-siria-camp.com\/de\/wp-json\/wp\/v2\/media?parent=3072"}],"curies":[{"name":"wp","href":"https:\/\/api.w.org\/{rel}","templated":true}]}}