{"id":3263,"date":"2020-05-26T19:23:24","date_gmt":"2020-05-26T19:23:24","guid":{"rendered":"https:\/\/mara-siria-camp.com\/?page_id=3263"},"modified":"2025-11-04T10:25:14","modified_gmt":"2025-11-04T10:25:14","slug":"masai-mara-reitsafari","status":"publish","type":"page","link":"https:\/\/mara-siria-camp.com\/de\/masai-mara-reitsafari\/","title":{"rendered":"Masai Mara Reitsafari"},"content":{"rendered":"<div class=\"wpb-content-wrapper\"><p>[vc_row][vc_column width=\u201d1\/3\u2033][wyde_heading style=\u201d10\u2033 title=\u201dReitsafari\u201d subheading=\u201dMasai Mara\u201d subheading_color=\u201d#000000BD\u201d][\/vc_column][vc_column width=\u201d2\/3\u2033][vc_custom_heading text=\u201d<i>Erleben Sie die Tierwelt der Masai Mara auf eine ganz andere Art und Weise \u2013 Masai Mara Reitsafaris sind ein einzigartiges und aufregendes Erlebnis und werden in der N\u00e4he des Mara Siria Safari Camps angeboten. Die Pferde \u2013 somalisch-arabische Kreuzungen und Vollbl\u00fcter \u2013 sind gut trainiert (bzw. gut eingeritten). Sie sind es gewohnt, inmitten von Wildtieren zu reiten.<\/i>\u201d font_container=\u201dtag:p|font_size:18px|text_align:left|color:%23333333\u2033 use_theme_fonts=\u201dyes\u201d][vc_empty_space height=\u201d20px\u201d][wyde_link_button icon=\u201dfa fa-long-arrow-right\u201d size=\u201dlarge\u201d title=\u201dJetzt online buchen\u201d link=\u201durl:https%3A%2F%2Fmara-siria-camp.com%2Fbooking%2F|title:Online%20Booking\u201d color=\u201d#FFFFFF\u201d bg_color=\u201d#F98D00\u2033 css=\u201d.vc_custom_1762251342746{background-color: #F98D00 !important;}\u201d][\/vc_column][\/vc_row][vc_row][vc_column][vc_empty_space height=\u201d50px\u201d][\/vc_column][\/vc_row][vc_row][vc_column width=\u201d1\/3\u2033][wyde_image_gallery image_size=\u201daoraki-medium\u201d gallery_type=\u201dgrid w-space\u201d columns=\u201d2\u2033 hover_effect=\u201dzoomIn\u201d images=\u201d11157,11156,11155,11158\u2033][\/vc_column][vc_column width=\u201d2\/3\u2033][vc_column_text css=\u201d.vc_custom_1762251605818{margin-top: 20px !important;}\u201d]Die Reitsafari Guides f\u00fchren Sie in Gebiete mit reicher Flora und Fauna. Eine Masai Mara Reitsafari findet entweder bei Sonnenaufgang oder Sonnenuntergang statt \u2013 genie\u00dfen Sie das aufregende Gef\u00fchl, eins mit der Natur zu sein. Reiten auf dem Siria Escarpment, das an die Masai Mara grenzt, mit seinen un\u00fcbertroffenen Aussichten ist wirklich ein einzigartiges und unvergessliches Erlebnis in einem Luxus Safari Camp im afrikanischen Busch.<\/p>\n<p>Erfahrene Reiter erhalten (nach einer ersten Reitpr\u00fcfung in der Arena) die M\u00f6glichkeit zu einem schnelleren Ausritt. Es kann ein bis zu 4-st\u00fcndiger Ausritt am Morgen und ein maximal 2-st\u00fcndiger Ausritt am Nachmittag vereinbart werden. Das Reittempo einer Masai Mara Reitsafari ist abwechslungsreich; zwischen schnellen und aufregenden Galoppaden entlang von Giraffen, Zebras und anderen wilden Tieren. Sie k\u00f6nnen dabei einige der besten Vogelbeobachtungen der Welt machen.<\/p>\n<p>Wenn Sie Reitanf\u00e4nger sind, k\u00f6nnen Sie eine 30-min\u00fctige Lektion in den Grundlagen des Reitens erhalten, gefolgt von einem 30-min\u00fctigen Ausflug in unser Naturschutzgebiet \u2013 eine Erfahrung, die Sie noch nie gemacht haben und die Sie kaum anderswo finden werden.[\/vc_column_text][\/vc_column][\/vc_row]<\/p>\n<\/div>","protected":false},"excerpt":{"rendered":"<p>[vc_row][vc_column width=\u201d1\/3\u2033][wyde_heading style=\u201d10\u2033 title=\u201dReitsafari\u201d subheading=\u201dMasai Mara\u201d subheading_color=\u201d#000000BD\u201d][\/vc_column][vc_column width=\u201d2\/3\u2033][vc_custom_heading text=\u201dErleben Sie die Tierwelt der Masai Mara auf eine ganz andere Art und Weise \u2013 Masai Mara Reitsafaris sind ein einzigartiges und aufregendes Erlebnis und werden in der N\u00e4he des Mara Siria Safari Camps angeboten. Die Pferde \u2013 somalisch-arabische Kreuzungen und Vollbl\u00fcter \u2013 sind gut trainiert (bzw. [&hellip;]<\/p>\n","protected":false},"author":3,"featured_media":0,"parent":0,"menu_order":0,"comment_status":"closed","ping_status":"closed","template":"","meta":{"footnotes":""},"class_list":["post-3263","page","type-page","status-publish","hentry"],"_links":{"self":[{"href":"https:\/\/mara-siria-camp.com\/de\/wp-json\/wp\/v2\/pages\/3263","targetHints":{"allow":["GET"]}}],"collection":[{"href":"https:\/\/mara-siria-camp.com\/de\/wp-json\/wp\/v2\/pages"}],"about":[{"href":"https:\/\/mara-siria-camp.com\/de\/wp-json\/wp\/v2\/types\/page"}],"author":[{"embeddable":true,"href":"https:\/\/mara-siria-camp.com\/de\/wp-json\/wp\/v2\/users\/3"}],"replies":[{"embeddable":true,"href":"https:\/\/mara-siria-camp.com\/de\/wp-json\/wp\/v2\/comments?post=3263"}],"version-history":[{"count":0,"href":"https:\/\/mara-siria-camp.com\/de\/wp-json\/wp\/v2\/pages\/3263\/revisions"}],"wp:attachment":[{"href":"https:\/\/mara-siria-camp.com\/de\/wp-json\/wp\/v2\/media?parent=3263"}],"curies":[{"name":"wp","href":"https:\/\/api.w.org\/{rel}","templated":true}]}}